{"id":7281,"date":"2019-09-11T10:45:15","date_gmt":"2019-09-11T10:45:15","guid":{"rendered":"https:\/\/pewetools.de\/contact\/"},"modified":"2021-01-01T16:42:20","modified_gmt":"2021-01-01T15:42:20","slug":"contact","status":"publish","type":"page","link":"https:\/\/pewetools.de\/pl\/contact\/","title":{"rendered":"Contact"},"content":{"rendered":"\n<p class=\"has-very-dark-gray-color has-text-color has-medium-font-size\"><span class=\"tlid-translation translation\"><span title=\"\">Czy masz pytania dotycz\u0105ce naszych produkt\u00f3w lub potrzebujesz pomocy w doborze odpowiednich produkt\u00f3w?<\/span>\n\n<span class=\"\" title=\"\">Napisz do nas!<\/span> <span class=\"\" title=\"\">Ch\u0119tnie pomo\u017cemy.<\/span><\/span><\/p>\n\n\n\n<div class=\"wpcf7 no-js\" id=\"wpcf7-f9086-o1\" lang=\"pl-PL\" dir=\"ltr\" data-wpcf7-id=\"9086\">\n<div class=\"screen-reader-response\"><p role=\"status\" aria-live=\"polite\" aria-atomic=\"true\"><\/p> <ul><\/ul><\/div>\n<form action=\"\/pl\/wp-json\/wp\/v2\/pages\/7281#wpcf7-f9086-o1\" method=\"post\" class=\"wpcf7-form init\" aria-label=\"Formularz kontaktowy\" novalidate=\"novalidate\" data-status=\"init\">\n<fieldset class=\"hidden-fields-container\"><input type=\"hidden\" name=\"_wpcf7\" value=\"9086\" \/><input type=\"hidden\" name=\"_wpcf7_version\" value=\"6.1.5\" \/><input type=\"hidden\" name=\"_wpcf7_locale\" value=\"pl_PL\" \/><input type=\"hidden\" name=\"_wpcf7_unit_tag\" value=\"wpcf7-f9086-o1\" \/><input type=\"hidden\" name=\"_wpcf7_container_post\" value=\"0\" \/><input type=\"hidden\" name=\"_wpcf7_posted_data_hash\" value=\"\" \/>\n<\/fieldset>\n<p><span class=\"wpcf7-form-control-wrap\" data-name=\"Geschlecht\"><span class=\"wpcf7-form-control wpcf7-radio\"><span class=\"wpcf7-list-item first\"><input type=\"radio\" name=\"Geschlecht\" value=\"Pani\" \/><span class=\"wpcf7-list-item-label\">Pani<\/span><\/span><span class=\"wpcf7-list-item last\"><input type=\"radio\" name=\"Geschlecht\" value=\"Pan\" \/><span class=\"wpcf7-list-item-label\">Pan<\/span><\/span><\/span><\/span><br \/>\n<label> Twoje imi\u0119<br \/>\n<span class=\"wpcf7-form-control-wrap\" data-name=\"your-vorname\"><input size=\"40\" maxlength=\"400\" class=\"wpcf7-form-control wpcf7-text\" aria-invalid=\"false\" value=\"\" type=\"text\" name=\"your-vorname\" \/><\/span> <\/label>\n<\/p>\n<p><label> Twoje nazwisko<br \/>\n<span class=\"wpcf7-form-control-wrap\" data-name=\"your-nachname\"><input size=\"40\" maxlength=\"400\" class=\"wpcf7-form-control wpcf7-text\" aria-invalid=\"false\" value=\"\" type=\"text\" name=\"your-nachname\" \/><\/span> <\/label>\n<\/p>\n<p><label> Tw\u00f3j adres e-mail<br \/>\n<span class=\"wpcf7-form-control-wrap\" data-name=\"your-email\"><input size=\"40\" maxlength=\"400\" class=\"wpcf7-form-control wpcf7-email wpcf7-text wpcf7-validates-as-email\" aria-invalid=\"false\" value=\"\" type=\"email\" name=\"your-email\" \/><\/span> <\/label>\n<\/p>\n<p>Masz pytania dotycz\u0105ce nast\u0119puj\u0105cych temat\u00f3w:<br \/>\n<span class=\"wpcf7-form-control-wrap\" data-name=\"Themen\"><span class=\"wpcf7-form-control wpcf7-radio\"><span class=\"wpcf7-list-item first\"><label><input type=\"radio\" name=\"Themen\" value=\"Uchwyt szybkiej wymiany\" checked=\"checked\" \/><span class=\"wpcf7-list-item-label\">Uchwyt szybkiej wymiany<\/span><\/label><\/span><span class=\"wpcf7-list-item\"><label><input type=\"radio\" name=\"Themen\" value=\"zamontowany zacisk\" \/><span class=\"wpcf7-list-item-label\">zamontowany zacisk<\/span><\/label><\/span><span class=\"wpcf7-list-item last\"><label><input type=\"radio\" name=\"Themen\" value=\"czas dostawy\" \/><span class=\"wpcf7-list-item-label\">czas dostawy<\/span><\/label><\/span><\/span><\/span>\n<\/p>\n<p><label>Twoja wiadomo\u015b\u0107<br \/>\n<span class=\"wpcf7-form-control-wrap\" data-name=\"your-message\"><textarea cols=\"40\" rows=\"10\" maxlength=\"2000\" class=\"wpcf7-form-control wpcf7-textarea\" aria-invalid=\"false\" name=\"your-message\"><\/textarea><\/span> <\/label>\n<\/p>\n<p><span class=\"wpcf7-form-control-wrap\" data-name=\"acceptance-208\"><span class=\"wpcf7-form-control wpcf7-acceptance\"><span class=\"wpcf7-list-item\"><label><input type=\"checkbox\" name=\"acceptance-208\" value=\"1\" aria-invalid=\"false\" \/><span class=\"wpcf7-list-item-label\">Zapozna\u0142em si\u0119 z polityk\u0105 prywatno\u015bci i niniejszym zgadzam si\u0119 na wykorzystanie moich danych osobowych przez PeWeTools Peter Wendlandt.<\/span><\/label><\/span><\/span><\/span>\n<\/p>\n<p><input class=\"wpcf7-form-control wpcf7-submit has-spinner\" type=\"submit\" value=\"wys\u0142a\u0107\" \/>\n<\/p><div class=\"wpcf7-response-output\" aria-hidden=\"true\"><\/div>\n<\/form>\n<\/div>\n\n","protected":false},"excerpt":{"rendered":"<p>Czy masz pytania dotycz\u0105ce naszych produkt\u00f3w lub potrzebujesz pomocy w doborze odpowiednich produkt\u00f3w? Napisz do nas! Ch\u0119tnie pomo\u017cemy.<\/p>\n","protected":false},"author":1,"featured_media":0,"parent":0,"menu_order":0,"comment_status":"closed","ping_status":"closed","template":"","meta":{"footnotes":""},"class_list":["post-7281","page","type-page","status-publish","hentry"],"yoast_head":"<!-- This site is optimized with the Yoast SEO plugin v27.4 - https:\/\/yoast.com\/product\/yoast-seo-wordpress\/ -->\n<title>Contact<\/title>\n<meta name=\"robots\" content=\"index, follow, max-snippet:-1, max-image-preview:large, max-video-preview:-1\" \/>\n<link rel=\"canonical\" href=\"https:\/\/pewetools.de\/pl\/contact\/\" \/>\n<meta property=\"og:locale\" content=\"pl_PL\" \/>\n<meta property=\"og:type\" content=\"article\" \/>\n<meta property=\"og:title\" content=\"Contact\" \/>\n<meta property=\"og:description\" content=\"Czy masz pytania dotycz\u0105ce naszych produkt\u00f3w lub potrzebujesz pomocy w doborze odpowiednich produkt\u00f3w? Napisz do nas! Ch\u0119tnie pomo\u017cemy.\" \/>\n<meta property=\"og:url\" content=\"https:\/\/pewetools.de\/pl\/contact\/\" \/>\n<meta property=\"og:site_name\" content=\"PeWeTools Schnellwechselhalter nach System Multifix\" \/>\n<meta property=\"article:modified_time\" content=\"2021-01-01T15:42:20+00:00\" \/>\n<meta name=\"twitter:card\" content=\"summary_large_image\" \/>\n<script type=\"application\/ld+json\" class=\"yoast-schema-graph\">{\"@context\":\"https:\\\/\\\/schema.org\",\"@graph\":[{\"@type\":\"WebPage\",\"@id\":\"https:\\\/\\\/pewetools.de\\\/pl\\\/contact\\\/\",\"url\":\"https:\\\/\\\/pewetools.de\\\/pl\\\/contact\\\/\",\"name\":\"Contact\",\"isPartOf\":{\"@id\":\"https:\\\/\\\/pewetools.de\\\/#website\"},\"datePublished\":\"2019-09-11T10:45:15+00:00\",\"dateModified\":\"2021-01-01T15:42:20+00:00\",\"breadcrumb\":{\"@id\":\"https:\\\/\\\/pewetools.de\\\/pl\\\/contact\\\/#breadcrumb\"},\"inLanguage\":\"pl-PL\",\"potentialAction\":[{\"@type\":\"ReadAction\",\"target\":[\"https:\\\/\\\/pewetools.de\\\/pl\\\/contact\\\/\"]}]},{\"@type\":\"BreadcrumbList\",\"@id\":\"https:\\\/\\\/pewetools.de\\\/pl\\\/contact\\\/#breadcrumb\",\"itemListElement\":[{\"@type\":\"ListItem\",\"position\":1,\"name\":\"dom\",\"item\":\"https:\\\/\\\/pewetools.de\\\/pl\\\/\"},{\"@type\":\"ListItem\",\"position\":2,\"name\":\"Contact\"}]},{\"@type\":\"WebSite\",\"@id\":\"https:\\\/\\\/pewetools.de\\\/#website\",\"url\":\"https:\\\/\\\/pewetools.de\\\/\",\"name\":\"PeWeTools Schnellwechselhalter nach System Multifix\",\"description\":\"\",\"potentialAction\":[{\"@type\":\"SearchAction\",\"target\":{\"@type\":\"EntryPoint\",\"urlTemplate\":\"https:\\\/\\\/pewetools.de\\\/?s={search_term_string}\"},\"query-input\":{\"@type\":\"PropertyValueSpecification\",\"valueRequired\":true,\"valueName\":\"search_term_string\"}}],\"inLanguage\":\"pl-PL\"}]}<\/script>\n<!-- \/ Yoast SEO plugin. -->","yoast_head_json":{"title":"Contact","robots":{"index":"index","follow":"follow","max-snippet":"max-snippet:-1","max-image-preview":"max-image-preview:large","max-video-preview":"max-video-preview:-1"},"canonical":"https:\/\/pewetools.de\/pl\/contact\/","og_locale":"pl_PL","og_type":"article","og_title":"Contact","og_description":"Czy masz pytania dotycz\u0105ce naszych produkt\u00f3w lub potrzebujesz pomocy w doborze odpowiednich produkt\u00f3w? Napisz do nas! Ch\u0119tnie pomo\u017cemy.","og_url":"https:\/\/pewetools.de\/pl\/contact\/","og_site_name":"PeWeTools Schnellwechselhalter nach System Multifix","article_modified_time":"2021-01-01T15:42:20+00:00","twitter_card":"summary_large_image","schema":{"@context":"https:\/\/schema.org","@graph":[{"@type":"WebPage","@id":"https:\/\/pewetools.de\/pl\/contact\/","url":"https:\/\/pewetools.de\/pl\/contact\/","name":"Contact","isPartOf":{"@id":"https:\/\/pewetools.de\/#website"},"datePublished":"2019-09-11T10:45:15+00:00","dateModified":"2021-01-01T15:42:20+00:00","breadcrumb":{"@id":"https:\/\/pewetools.de\/pl\/contact\/#breadcrumb"},"inLanguage":"pl-PL","potentialAction":[{"@type":"ReadAction","target":["https:\/\/pewetools.de\/pl\/contact\/"]}]},{"@type":"BreadcrumbList","@id":"https:\/\/pewetools.de\/pl\/contact\/#breadcrumb","itemListElement":[{"@type":"ListItem","position":1,"name":"dom","item":"https:\/\/pewetools.de\/pl\/"},{"@type":"ListItem","position":2,"name":"Contact"}]},{"@type":"WebSite","@id":"https:\/\/pewetools.de\/#website","url":"https:\/\/pewetools.de\/","name":"PeWeTools Schnellwechselhalter nach System Multifix","description":"","potentialAction":[{"@type":"SearchAction","target":{"@type":"EntryPoint","urlTemplate":"https:\/\/pewetools.de\/?s={search_term_string}"},"query-input":{"@type":"PropertyValueSpecification","valueRequired":true,"valueName":"search_term_string"}}],"inLanguage":"pl-PL"}]}},"_links":{"self":[{"href":"https:\/\/pewetools.de\/pl\/wp-json\/wp\/v2\/pages\/7281","targetHints":{"allow":["GET"]}}],"collection":[{"href":"https:\/\/pewetools.de\/pl\/wp-json\/wp\/v2\/pages"}],"about":[{"href":"https:\/\/pewetools.de\/pl\/wp-json\/wp\/v2\/types\/page"}],"author":[{"embeddable":true,"href":"https:\/\/pewetools.de\/pl\/wp-json\/wp\/v2\/users\/1"}],"replies":[{"embeddable":true,"href":"https:\/\/pewetools.de\/pl\/wp-json\/wp\/v2\/comments?post=7281"}],"version-history":[{"count":2,"href":"https:\/\/pewetools.de\/pl\/wp-json\/wp\/v2\/pages\/7281\/revisions"}],"predecessor-version":[{"id":9092,"href":"https:\/\/pewetools.de\/pl\/wp-json\/wp\/v2\/pages\/7281\/revisions\/9092"}],"wp:attachment":[{"href":"https:\/\/pewetools.de\/pl\/wp-json\/wp\/v2\/media?parent=7281"}],"curies":[{"name":"wp","href":"https:\/\/api.w.org\/{rel}","templated":true}]}}