{"id":7293,"date":"2019-09-11T10:52:53","date_gmt":"2019-09-11T10:52:53","guid":{"rendered":"https:\/\/pewetools.de\/shipping-method\/"},"modified":"2019-09-11T10:52:54","modified_gmt":"2019-09-11T10:52:54","slug":"shipping-method","status":"publish","type":"page","link":"https:\/\/pewetools.de\/pl\/shipping-method\/","title":{"rendered":"Shipping method"},"content":{"rendered":"\n<p><span class=\"tlid-translation translation\"><span class=\"\" title=\"\">Wysy\u0142amy z DHL i DPD<\/span>\r\n<span class=\"\" title=\"\">Wysy\u0142ka paczki na terenie Niemiec (w zale\u017cno\u015bci od wagi);<\/span>\r\n<span class=\"\" title=\"\">Koszty wysy\u0142ki w tym opakowania<\/span>\r\n<span class=\"\" title=\"\">do 3 kg = 5,90 \u20ac<\/span>\r\n<span class=\"\" title=\"\">do 5 kg = 6,50 \u20ac<\/span>\r\n<span class=\"\" title=\"\">do 10 kg = 7,50 \u20ac<\/span>\r\n<span title=\"\">do 15 kg = 7,95 \u20ac<\/span>\r\n<span class=\"\" title=\"\">do 20 kg = 8,65 \u20ac<\/span>\r\n<span title=\"\">do 25 kg = 9,80 \u20ac<\/span>\r\n<span class=\"\" title=\"\">do 31,5 kg = 11,20 \u20ac<\/span><\/span><\/p>\n\n<p class=\"has-text-color has-vivid-red-color\"><span class=\"tlid-translation translation\"><span title=\"\">Zapewniamy dostaw\u0119 na ca\u0142y \u015bwiat!<\/span>\r\n<span title=\"\">W przypadku kraj\u00f3w, kt\u00f3re nie s\u0105 tutaj wymienione, prosimy o podanie odpowiednich koszt\u00f3w wysy\u0142ki.<\/span> <span class=\"\" title=\"\">Lub okre\u015bli\u0107 w koszyku z kalkulatorem koszt\u00f3w wysy\u0142ki bez zobowi\u0105za\u0144.<\/span><\/span><\/p>\n\n<hr class=\"wp-block-separator\" \/>\n\n<div style=\"height:50px\" aria-hidden=\"true\" class=\"wp-block-spacer\"><\/div>\n\n<p><\/p>\n","protected":false},"excerpt":{"rendered":"<p>Wysy\u0142amy z DHL i DPD Wysy\u0142ka paczki na terenie Niemiec (w zale\u017cno\u015bci od wagi); Koszty wysy\u0142ki w tym opakowania do 3 kg = 5,90 \u20ac do 5 kg = 6,50 \u20ac do 10 kg = 7,50 \u20ac do 15 kg = 7,95 \u20ac do 20 kg = 8,65 \u20ac do 25 kg = 9,80 \u20ac [&hellip;]<\/p>\n","protected":false},"author":1,"featured_media":0,"parent":0,"menu_order":0,"comment_status":"closed","ping_status":"closed","template":"","meta":{"footnotes":""},"class_list":["post-7293","page","type-page","status-publish","hentry"],"yoast_head":"<!-- This site is optimized with the Yoast SEO plugin v27.4 - https:\/\/yoast.com\/product\/yoast-seo-wordpress\/ -->\n<title>shipping method<\/title>\n<meta name=\"robots\" content=\"index, follow, max-snippet:-1, max-image-preview:large, max-video-preview:-1\" \/>\n<link rel=\"canonical\" href=\"https:\/\/pewetools.de\/pl\/shipping-method\/\" \/>\n<meta property=\"og:locale\" content=\"pl_PL\" \/>\n<meta property=\"og:type\" content=\"article\" \/>\n<meta property=\"og:title\" content=\"shipping method\" \/>\n<meta property=\"og:description\" content=\"Wysy\u0142amy z DHL i DPD Wysy\u0142ka paczki na terenie Niemiec (w zale\u017cno\u015bci od wagi); Koszty wysy\u0142ki w tym opakowania do 3 kg = 5,90 \u20ac do 5 kg = 6,50 \u20ac do 10 kg = 7,50 \u20ac do 15 kg = 7,95 \u20ac do 20 kg = 8,65 \u20ac do 25 kg = 9,80 \u20ac [&hellip;]\" \/>\n<meta property=\"og:url\" content=\"https:\/\/pewetools.de\/pl\/shipping-method\/\" \/>\n<meta property=\"og:site_name\" content=\"PeWeTools Schnellwechselhalter nach System Multifix\" \/>\n<meta property=\"article:modified_time\" content=\"2019-09-11T10:52:54+00:00\" \/>\n<meta name=\"twitter:card\" content=\"summary_large_image\" \/>\n<script type=\"application\/ld+json\" class=\"yoast-schema-graph\">{\"@context\":\"https:\\\/\\\/schema.org\",\"@graph\":[{\"@type\":\"WebPage\",\"@id\":\"https:\\\/\\\/pewetools.de\\\/pl\\\/shipping-method\\\/\",\"url\":\"https:\\\/\\\/pewetools.de\\\/pl\\\/shipping-method\\\/\",\"name\":\"shipping method\",\"isPartOf\":{\"@id\":\"https:\\\/\\\/pewetools.de\\\/#website\"},\"datePublished\":\"2019-09-11T10:52:53+00:00\",\"dateModified\":\"2019-09-11T10:52:54+00:00\",\"breadcrumb\":{\"@id\":\"https:\\\/\\\/pewetools.de\\\/pl\\\/shipping-method\\\/#breadcrumb\"},\"inLanguage\":\"pl-PL\",\"potentialAction\":[{\"@type\":\"ReadAction\",\"target\":[\"https:\\\/\\\/pewetools.de\\\/pl\\\/shipping-method\\\/\"]}]},{\"@type\":\"BreadcrumbList\",\"@id\":\"https:\\\/\\\/pewetools.de\\\/pl\\\/shipping-method\\\/#breadcrumb\",\"itemListElement\":[{\"@type\":\"ListItem\",\"position\":1,\"name\":\"dom\",\"item\":\"https:\\\/\\\/pewetools.de\\\/pl\\\/\"},{\"@type\":\"ListItem\",\"position\":2,\"name\":\"Shipping method\"}]},{\"@type\":\"WebSite\",\"@id\":\"https:\\\/\\\/pewetools.de\\\/#website\",\"url\":\"https:\\\/\\\/pewetools.de\\\/\",\"name\":\"PeWeTools Schnellwechselhalter nach System Multifix\",\"description\":\"\",\"potentialAction\":[{\"@type\":\"SearchAction\",\"target\":{\"@type\":\"EntryPoint\",\"urlTemplate\":\"https:\\\/\\\/pewetools.de\\\/?s={search_term_string}\"},\"query-input\":{\"@type\":\"PropertyValueSpecification\",\"valueRequired\":true,\"valueName\":\"search_term_string\"}}],\"inLanguage\":\"pl-PL\"}]}<\/script>\n<!-- \/ Yoast SEO plugin. -->","yoast_head_json":{"title":"shipping method","robots":{"index":"index","follow":"follow","max-snippet":"max-snippet:-1","max-image-preview":"max-image-preview:large","max-video-preview":"max-video-preview:-1"},"canonical":"https:\/\/pewetools.de\/pl\/shipping-method\/","og_locale":"pl_PL","og_type":"article","og_title":"shipping method","og_description":"Wysy\u0142amy z DHL i DPD Wysy\u0142ka paczki na terenie Niemiec (w zale\u017cno\u015bci od wagi); Koszty wysy\u0142ki w tym opakowania do 3 kg = 5,90 \u20ac do 5 kg = 6,50 \u20ac do 10 kg = 7,50 \u20ac do 15 kg = 7,95 \u20ac do 20 kg = 8,65 \u20ac do 25 kg = 9,80 \u20ac [&hellip;]","og_url":"https:\/\/pewetools.de\/pl\/shipping-method\/","og_site_name":"PeWeTools Schnellwechselhalter nach System Multifix","article_modified_time":"2019-09-11T10:52:54+00:00","twitter_card":"summary_large_image","schema":{"@context":"https:\/\/schema.org","@graph":[{"@type":"WebPage","@id":"https:\/\/pewetools.de\/pl\/shipping-method\/","url":"https:\/\/pewetools.de\/pl\/shipping-method\/","name":"shipping method","isPartOf":{"@id":"https:\/\/pewetools.de\/#website"},"datePublished":"2019-09-11T10:52:53+00:00","dateModified":"2019-09-11T10:52:54+00:00","breadcrumb":{"@id":"https:\/\/pewetools.de\/pl\/shipping-method\/#breadcrumb"},"inLanguage":"pl-PL","potentialAction":[{"@type":"ReadAction","target":["https:\/\/pewetools.de\/pl\/shipping-method\/"]}]},{"@type":"BreadcrumbList","@id":"https:\/\/pewetools.de\/pl\/shipping-method\/#breadcrumb","itemListElement":[{"@type":"ListItem","position":1,"name":"dom","item":"https:\/\/pewetools.de\/pl\/"},{"@type":"ListItem","position":2,"name":"Shipping method"}]},{"@type":"WebSite","@id":"https:\/\/pewetools.de\/#website","url":"https:\/\/pewetools.de\/","name":"PeWeTools Schnellwechselhalter nach System Multifix","description":"","potentialAction":[{"@type":"SearchAction","target":{"@type":"EntryPoint","urlTemplate":"https:\/\/pewetools.de\/?s={search_term_string}"},"query-input":{"@type":"PropertyValueSpecification","valueRequired":true,"valueName":"search_term_string"}}],"inLanguage":"pl-PL"}]}},"_links":{"self":[{"href":"https:\/\/pewetools.de\/pl\/wp-json\/wp\/v2\/pages\/7293","targetHints":{"allow":["GET"]}}],"collection":[{"href":"https:\/\/pewetools.de\/pl\/wp-json\/wp\/v2\/pages"}],"about":[{"href":"https:\/\/pewetools.de\/pl\/wp-json\/wp\/v2\/types\/page"}],"author":[{"embeddable":true,"href":"https:\/\/pewetools.de\/pl\/wp-json\/wp\/v2\/users\/1"}],"replies":[{"embeddable":true,"href":"https:\/\/pewetools.de\/pl\/wp-json\/wp\/v2\/comments?post=7293"}],"version-history":[{"count":1,"href":"https:\/\/pewetools.de\/pl\/wp-json\/wp\/v2\/pages\/7293\/revisions"}],"predecessor-version":[{"id":7294,"href":"https:\/\/pewetools.de\/pl\/wp-json\/wp\/v2\/pages\/7293\/revisions\/7294"}],"wp:attachment":[{"href":"https:\/\/pewetools.de\/pl\/wp-json\/wp\/v2\/media?parent=7293"}],"curies":[{"name":"wp","href":"https:\/\/api.w.org\/{rel}","templated":true}]}}