{"id":7310,"date":"2019-09-11T11:25:31","date_gmt":"2019-09-11T11:25:31","guid":{"rendered":"https:\/\/pewetools.de\/payment-methods\/"},"modified":"2024-01-22T11:57:27","modified_gmt":"2024-01-22T10:57:27","slug":"payment-methods","status":"publish","type":"page","link":"https:\/\/pewetools.de\/pl\/payment-methods\/","title":{"rendered":"Payment methods"},"content":{"rendered":"<ul class=\"payment_methods methods\">\n<li class=\"payment_method_bacs\">Przedp\u0142ata<br \/>\nPrzelew bezpo\u015brednio na nasze konto bankowe. Jako pow\u00f3d p\u0142atno\u015bci nale\u017cy poda\u0107 numer zam\u00f3wienia. Zam\u00f3wienie zostanie wys\u0142ane, gdy tylko pieni\u0105dze zostan\u0105 zaksi\u0119gowane na naszym koncie.<\/p>\n<p>Dane bankowe:<br \/>\n(W\u0142a\u015bciciel konta) Peter Wendlandt<br \/>\n(Bank) Landesbank Baden-W\u00fcrttemberg<br \/>\n(IBAN) DE7160 0501 0100 0269 8094<br \/>\n(BIC\/SWIFT) SOLADEST600<\/li>\n<li class=\"payment_method_paypal\"><label>PayPal<img decoding=\"async\" src=\"https:\/\/pewetools.de\/wp-content\/plugins\/woocommerce\/includes\/gateways\/paypal\/assets\/images\/paypal.png\" alt=\"PayPal acceptance mark\" \/><a class=\"about_paypal\" href=\"https:\/\/www.paypal.com\/de\/webapps\/mpp\/paypal-popup\">What is PayPal?<\/a><\/label>\n<div class=\"payment_box payment_method_paypal\">\n<p>P\u0142a\u0107 za pomoc\u0105 PayPal. Obowi\u0105zuj\u0105 op\u0142aty w wysoko\u015bci 2,49% ca\u0142kowitej kwoty, s\u0105 one wymienione w koszyku \/ kasie i wliczone w kwot\u0119 p\u0142atno\u015bci. Je\u015bli nie masz konta PayPal, mo\u017cesz r\u00f3wnie\u017c zap\u0142aci\u0107 kart\u0105 kredytow\u0105.<\/p>\n<\/div>\n<\/li>\n<\/ul>\n","protected":false},"excerpt":{"rendered":"<p>Przedp\u0142ata Przelew bezpo\u015brednio na nasze konto bankowe. Jako pow\u00f3d p\u0142atno\u015bci nale\u017cy poda\u0107 numer zam\u00f3wienia. Zam\u00f3wienie zostanie wys\u0142ane, gdy tylko pieni\u0105dze zostan\u0105 zaksi\u0119gowane na naszym koncie. Dane bankowe: (W\u0142a\u015bciciel konta) Peter Wendlandt (Bank) Landesbank Baden-W\u00fcrttemberg (IBAN) DE7160 0501 0100 0269 8094 (BIC\/SWIFT) SOLADEST600 PayPalWhat is PayPal? P\u0142a\u0107 za pomoc\u0105 PayPal. Obowi\u0105zuj\u0105 op\u0142aty w wysoko\u015bci 2,49% ca\u0142kowitej [&hellip;]<\/p>\n","protected":false},"author":1,"featured_media":0,"parent":0,"menu_order":0,"comment_status":"closed","ping_status":"closed","template":"","meta":{"footnotes":""},"class_list":["post-7310","page","type-page","status-publish","hentry"],"yoast_head":"<!-- This site is optimized with the Yoast SEO plugin v27.4 - https:\/\/yoast.com\/product\/yoast-seo-wordpress\/ -->\n<title>Payment methods<\/title>\n<meta name=\"robots\" content=\"index, follow, max-snippet:-1, max-image-preview:large, max-video-preview:-1\" \/>\n<link rel=\"canonical\" href=\"https:\/\/pewetools.de\/pl\/payment-methods\/\" \/>\n<meta property=\"og:locale\" content=\"pl_PL\" \/>\n<meta property=\"og:type\" content=\"article\" \/>\n<meta property=\"og:title\" content=\"Payment methods\" \/>\n<meta property=\"og:description\" content=\"Przedp\u0142ata Przelew bezpo\u015brednio na nasze konto bankowe. Jako pow\u00f3d p\u0142atno\u015bci nale\u017cy poda\u0107 numer zam\u00f3wienia. Zam\u00f3wienie zostanie wys\u0142ane, gdy tylko pieni\u0105dze zostan\u0105 zaksi\u0119gowane na naszym koncie. Dane bankowe: (W\u0142a\u015bciciel konta) Peter Wendlandt (Bank) Landesbank Baden-W\u00fcrttemberg (IBAN) DE7160 0501 0100 0269 8094 (BIC\/SWIFT) SOLADEST600 PayPalWhat is PayPal? P\u0142a\u0107 za pomoc\u0105 PayPal. Obowi\u0105zuj\u0105 op\u0142aty w wysoko\u015bci 2,49% ca\u0142kowitej [&hellip;]\" \/>\n<meta property=\"og:url\" content=\"https:\/\/pewetools.de\/pl\/payment-methods\/\" \/>\n<meta property=\"og:site_name\" content=\"PeWeTools Schnellwechselhalter nach System Multifix\" \/>\n<meta property=\"article:modified_time\" content=\"2024-01-22T10:57:27+00:00\" \/>\n<meta property=\"og:image\" content=\"https:\/\/pewetools.de\/wp-content\/plugins\/woocommerce\/includes\/gateways\/paypal\/assets\/images\/paypal.png\" \/>\n<meta name=\"twitter:card\" content=\"summary_large_image\" \/>\n<meta name=\"twitter:label1\" content=\"Szacowany czas czytania\" \/>\n\t<meta name=\"twitter:data1\" content=\"1 minuta\" \/>\n<script type=\"application\/ld+json\" class=\"yoast-schema-graph\">{\"@context\":\"https:\\\/\\\/schema.org\",\"@graph\":[{\"@type\":\"WebPage\",\"@id\":\"https:\\\/\\\/pewetools.de\\\/pl\\\/payment-methods\\\/\",\"url\":\"https:\\\/\\\/pewetools.de\\\/pl\\\/payment-methods\\\/\",\"name\":\"Payment methods\",\"isPartOf\":{\"@id\":\"https:\\\/\\\/pewetools.de\\\/#website\"},\"primaryImageOfPage\":{\"@id\":\"https:\\\/\\\/pewetools.de\\\/pl\\\/payment-methods\\\/#primaryimage\"},\"image\":{\"@id\":\"https:\\\/\\\/pewetools.de\\\/pl\\\/payment-methods\\\/#primaryimage\"},\"thumbnailUrl\":\"https:\\\/\\\/pewetools.de\\\/wp-content\\\/plugins\\\/woocommerce\\\/includes\\\/gateways\\\/paypal\\\/assets\\\/images\\\/paypal.png\",\"datePublished\":\"2019-09-11T11:25:31+00:00\",\"dateModified\":\"2024-01-22T10:57:27+00:00\",\"breadcrumb\":{\"@id\":\"https:\\\/\\\/pewetools.de\\\/pl\\\/payment-methods\\\/#breadcrumb\"},\"inLanguage\":\"pl-PL\",\"potentialAction\":[{\"@type\":\"ReadAction\",\"target\":[\"https:\\\/\\\/pewetools.de\\\/pl\\\/payment-methods\\\/\"]}]},{\"@type\":\"ImageObject\",\"inLanguage\":\"pl-PL\",\"@id\":\"https:\\\/\\\/pewetools.de\\\/pl\\\/payment-methods\\\/#primaryimage\",\"url\":\"https:\\\/\\\/pewetools.de\\\/wp-content\\\/plugins\\\/woocommerce\\\/includes\\\/gateways\\\/paypal\\\/assets\\\/images\\\/paypal.png\",\"contentUrl\":\"https:\\\/\\\/pewetools.de\\\/wp-content\\\/plugins\\\/woocommerce\\\/includes\\\/gateways\\\/paypal\\\/assets\\\/images\\\/paypal.png\"},{\"@type\":\"BreadcrumbList\",\"@id\":\"https:\\\/\\\/pewetools.de\\\/pl\\\/payment-methods\\\/#breadcrumb\",\"itemListElement\":[{\"@type\":\"ListItem\",\"position\":1,\"name\":\"dom\",\"item\":\"https:\\\/\\\/pewetools.de\\\/pl\\\/\"},{\"@type\":\"ListItem\",\"position\":2,\"name\":\"Payment methods\"}]},{\"@type\":\"WebSite\",\"@id\":\"https:\\\/\\\/pewetools.de\\\/#website\",\"url\":\"https:\\\/\\\/pewetools.de\\\/\",\"name\":\"PeWeTools Schnellwechselhalter nach System Multifix\",\"description\":\"\",\"potentialAction\":[{\"@type\":\"SearchAction\",\"target\":{\"@type\":\"EntryPoint\",\"urlTemplate\":\"https:\\\/\\\/pewetools.de\\\/?s={search_term_string}\"},\"query-input\":{\"@type\":\"PropertyValueSpecification\",\"valueRequired\":true,\"valueName\":\"search_term_string\"}}],\"inLanguage\":\"pl-PL\"}]}<\/script>\n<!-- \/ Yoast SEO plugin. -->","yoast_head_json":{"title":"Payment methods","robots":{"index":"index","follow":"follow","max-snippet":"max-snippet:-1","max-image-preview":"max-image-preview:large","max-video-preview":"max-video-preview:-1"},"canonical":"https:\/\/pewetools.de\/pl\/payment-methods\/","og_locale":"pl_PL","og_type":"article","og_title":"Payment methods","og_description":"Przedp\u0142ata Przelew bezpo\u015brednio na nasze konto bankowe. Jako pow\u00f3d p\u0142atno\u015bci nale\u017cy poda\u0107 numer zam\u00f3wienia. Zam\u00f3wienie zostanie wys\u0142ane, gdy tylko pieni\u0105dze zostan\u0105 zaksi\u0119gowane na naszym koncie. Dane bankowe: (W\u0142a\u015bciciel konta) Peter Wendlandt (Bank) Landesbank Baden-W\u00fcrttemberg (IBAN) DE7160 0501 0100 0269 8094 (BIC\/SWIFT) SOLADEST600 PayPalWhat is PayPal? P\u0142a\u0107 za pomoc\u0105 PayPal. Obowi\u0105zuj\u0105 op\u0142aty w wysoko\u015bci 2,49% ca\u0142kowitej [&hellip;]","og_url":"https:\/\/pewetools.de\/pl\/payment-methods\/","og_site_name":"PeWeTools Schnellwechselhalter nach System Multifix","article_modified_time":"2024-01-22T10:57:27+00:00","og_image":[{"url":"https:\/\/pewetools.de\/wp-content\/plugins\/woocommerce\/includes\/gateways\/paypal\/assets\/images\/paypal.png","type":"","width":"","height":""}],"twitter_card":"summary_large_image","twitter_misc":{"Szacowany czas czytania":"1 minuta"},"schema":{"@context":"https:\/\/schema.org","@graph":[{"@type":"WebPage","@id":"https:\/\/pewetools.de\/pl\/payment-methods\/","url":"https:\/\/pewetools.de\/pl\/payment-methods\/","name":"Payment methods","isPartOf":{"@id":"https:\/\/pewetools.de\/#website"},"primaryImageOfPage":{"@id":"https:\/\/pewetools.de\/pl\/payment-methods\/#primaryimage"},"image":{"@id":"https:\/\/pewetools.de\/pl\/payment-methods\/#primaryimage"},"thumbnailUrl":"https:\/\/pewetools.de\/wp-content\/plugins\/woocommerce\/includes\/gateways\/paypal\/assets\/images\/paypal.png","datePublished":"2019-09-11T11:25:31+00:00","dateModified":"2024-01-22T10:57:27+00:00","breadcrumb":{"@id":"https:\/\/pewetools.de\/pl\/payment-methods\/#breadcrumb"},"inLanguage":"pl-PL","potentialAction":[{"@type":"ReadAction","target":["https:\/\/pewetools.de\/pl\/payment-methods\/"]}]},{"@type":"ImageObject","inLanguage":"pl-PL","@id":"https:\/\/pewetools.de\/pl\/payment-methods\/#primaryimage","url":"https:\/\/pewetools.de\/wp-content\/plugins\/woocommerce\/includes\/gateways\/paypal\/assets\/images\/paypal.png","contentUrl":"https:\/\/pewetools.de\/wp-content\/plugins\/woocommerce\/includes\/gateways\/paypal\/assets\/images\/paypal.png"},{"@type":"BreadcrumbList","@id":"https:\/\/pewetools.de\/pl\/payment-methods\/#breadcrumb","itemListElement":[{"@type":"ListItem","position":1,"name":"dom","item":"https:\/\/pewetools.de\/pl\/"},{"@type":"ListItem","position":2,"name":"Payment methods"}]},{"@type":"WebSite","@id":"https:\/\/pewetools.de\/#website","url":"https:\/\/pewetools.de\/","name":"PeWeTools Schnellwechselhalter nach System Multifix","description":"","potentialAction":[{"@type":"SearchAction","target":{"@type":"EntryPoint","urlTemplate":"https:\/\/pewetools.de\/?s={search_term_string}"},"query-input":{"@type":"PropertyValueSpecification","valueRequired":true,"valueName":"search_term_string"}}],"inLanguage":"pl-PL"}]}},"_links":{"self":[{"href":"https:\/\/pewetools.de\/pl\/wp-json\/wp\/v2\/pages\/7310","targetHints":{"allow":["GET"]}}],"collection":[{"href":"https:\/\/pewetools.de\/pl\/wp-json\/wp\/v2\/pages"}],"about":[{"href":"https:\/\/pewetools.de\/pl\/wp-json\/wp\/v2\/types\/page"}],"author":[{"embeddable":true,"href":"https:\/\/pewetools.de\/pl\/wp-json\/wp\/v2\/users\/1"}],"replies":[{"embeddable":true,"href":"https:\/\/pewetools.de\/pl\/wp-json\/wp\/v2\/comments?post=7310"}],"version-history":[{"count":2,"href":"https:\/\/pewetools.de\/pl\/wp-json\/wp\/v2\/pages\/7310\/revisions"}],"predecessor-version":[{"id":13816,"href":"https:\/\/pewetools.de\/pl\/wp-json\/wp\/v2\/pages\/7310\/revisions\/13816"}],"wp:attachment":[{"href":"https:\/\/pewetools.de\/pl\/wp-json\/wp\/v2\/media?parent=7310"}],"curies":[{"name":"wp","href":"https:\/\/api.w.org\/{rel}","templated":true}]}}