{"id":7338,"date":"2019-09-12T07:50:02","date_gmt":"2019-09-12T07:50:02","guid":{"rendered":"https:\/\/pewetools.de\/ogolne-warunki\/"},"modified":"2019-09-12T07:50:05","modified_gmt":"2019-09-12T07:50:05","slug":"ogolne-warunki","status":"publish","type":"page","link":"https:\/\/pewetools.de\/pl\/ogolne-warunki\/","title":{"rendered":"Og\u00f3lne warunki"},"content":{"rendered":"\n<p>og\u00f3lne warunki<\/p>\n\n<p>(1) Dostawc\u0105 i partnerem umownym dla prezentowanych towar\u00f3w jest: pewetools limited (zwany dalej &#8220;us\u0142ugodawc\u0105&#8221;).<\/p>\n\n<p>(2) Niniejsze warunki s\u0105 cz\u0119\u015bci\u0105 ka\u017cdego z nich\r\numowa umowna mi\u0119dzy us\u0142ugodawc\u0105 a odpowiednim\r\nKlient. Odmienne warunki nabywcy s\u0105 sprzeczne.<\/p>\n\n<p>\u00a7 2 &#8211; asortyment produkt\u00f3w i zawarcie umowy<\/p>\n\n<p>(1) Dostawca oferuje te pokazane w swoim sklepie internetowym\r\nDo innych u\u017cytkownik\u00f3w do zakupu. Reprezentacja kolor\u00f3w\r\nArtyku\u0142y na stronie mog\u0105 si\u0119 r\u00f3\u017cni\u0107 w zale\u017cno\u015bci od u\u017cywanej przegl\u0105darki internetowej\r\ni monitoruj ustawienia zamawiaj\u0105cego r\u00f3\u017cni\u0105 si\u0119 nieznacznie; to\r\nOdchylenia s\u0105 technicznie niemo\u017cliwe do ca\u0142kowitego unikni\u0119cia.<\/p>\n\n<p>(2) Wyb\u00f3r towar\u00f3w, zawarcie umowy i wykonanie umowy odbywa si\u0119 w j\u0119zyku niemieckim.<\/p>\n\n<p>(3) Klient wybiera \u017c\u0105dane towary, umieszczaj\u0105c je w\r\nZestawy &#8220;Koszyk&#8221;. Zam\u00f3wienie mo\u017cna sfinalizowa\u0107 za pomoc\u0105 przycisku\r\n&#8220;Za p\u0142atno\u015b\u0107&#8221;, kt\u00f3re nale\u017cy przekaza\u0107 us\u0142ugodawcy.\r\nZamawiaj\u0105cy ma czas do momentu wys\u0142ania zam\u00f3wienia w dowolnym momencie\r\nMo\u017cliwo\u015b\u0107 przegl\u0105dania danych podanych w zam\u00f3wieniu\r\ni aby ca\u0142kowicie zmieni\u0107 lub anulowa\u0107 zam\u00f3wienie.<\/p>\n\n<p>(4) W przypadku towar\u00f3w wskazanych w sklepie us\u0142ugodawcy:\r\nDostawca wi\u0105\u017c\u0105cej oferty zakupu. Z wysy\u0142k\u0105\r\nZam\u00f3wienie zam\u00f3wienia za pomoc\u0105 przycisku &#8220;zam\u00f3wi\u0107 do zap\u0142aty&#8221; trwa\r\nZleceniodawca oferta zakupu. Dostawca potwierdza zawarcie umowy\r\n  e-mailem (potwierdzenie zam\u00f3wienia).<\/p>\n\n<p>(5) Tre\u015b\u0107 zawartych um\u00f3w zostanie wprowadzona na koncie u\u017cytkownika\r\nZleceniodawca jest przechowywany i mo\u017ce by\u0107 ogl\u0105dany przez klienta w dowolnym momencie\r\nz menu &#8220;Moje konto&#8221;.<\/p>\n\n<p>(6) W przypadku dostawy lub innych okoliczno\u015bci spowodowanych przez\r\nWykonanie umowy by\u0142oby sprzeczne, dostawca informuje o tym\r\nZamawiaj\u0105cy e-mailem. Cz\u0119\u015bciowa dostawa jest tylko po zatwierdzeniu\r\nprzez klienta.<\/p>\n\n<p>\u00a7 3 &#8211; Ceny i p\u0142atno\u015b\u0107<\/p>\n\n<p><span class=\"tlid-translation translation\"><span class=\"\" title=\"\">(1) Wszystkie ceny produkt\u00f3w s\u0105 cenami ostatecznymi, w tym obowi\u0105zuj\u0105cym obecnie podatkiem VAT plus koszty wysy\u0142ki.<\/span><\/span><\/p>\n\n<p>(2) Koszty wysy\u0142ki s\u0105 podane w sekcji &#8220;Metody wysy\u0142ki&#8221;.<\/p>\n\n<p>(3) Dostawca dostarcza z opcj\u0105 kupuj\u0105cego za op\u0142at\u0105 z g\u00f3ry\r\nw drodze wykupu vouchera, z g\u00f3ry przelewem bankowym\r\nlub w przypadku przedp\u0142aty za po\u015brednictwem p\u0142atno\u015bci PayPal.<\/p>\n\n<p>a) W przypadku p\u0142atno\u015bci za pomoc\u0105 kuponu klient mo\u017ce w koszyku\r\nwprowad\u017a jeden lub wi\u0119cej kod\u00f3w kupon\u00f3w. Warto\u015b\u0107 kuponu to\r\nDostawca jest kredytowany, a faktura jest naliczana w ten spos\u00f3b\r\nuregulowane. Je\u015bli warto\u015b\u0107 kuponu jest wy\u017csza ni\u017c kwota faktury, pozostaje\r\nkupon jest wa\u017cny w wysoko\u015bci nadwy\u017cki.<\/p>\n\n<p>b) Je\u015bli klient wybra\u0142 &#8220;Przelew bankowy&#8221; jako metod\u0119 p\u0142atno\u015bci,\r\nzamawiaj\u0105cy w potwierdzeniu zam\u00f3wienia poczt\u0105 elektroniczn\u0105 na rachunek bankowy\r\npowiadomiony przez dostawc\u0119. Przesy\u0142ki z zagranicy s\u0105 akceptowane\r\nDostawca tylko jako p\u0142atno\u015bci bez wydatk\u00f3w w euro.<\/p>\n\n<p>c) Je\u015bli klient wybra\u0142 &#8220;PayPal&#8221; jako metod\u0119 p\u0142atno\u015bci, to przybywa\r\n  klika przycisk &#8220;Kliknij tutaj, aby zap\u0142aci\u0107 za pomoc\u0105 PayPal&#8221;\r\nUs\u0142uga online z serwisu PayPal i mo\u017ce zainicjowa\u0107 tam p\u0142atno\u015b\u0107.<\/p>\n\n<p>(4) W przypadku zam\u00f3wie\u0144 z g\u00f3ry, obowi\u0105zuje termin p\u0142atno\u015bci wynosz\u0105cy jeden tydzie\u0144\r\n  od otrzymania potwierdzenia zam\u00f3wienia. Dostawca okre\u015bla \u017c\u0105dane\r\nTowary dla klienta w okresie p\u0142atno\u015bci. to\r\nObowi\u0105zkiem klienta jest dokonanie p\u0142atno\u015bci we w\u0142a\u015bciwym czasie\r\njest odbierany przez dostawc\u0119 w wyznaczonym terminie. Dostawca rezerwuje\r\nprawo do odst\u0105pienia od umowy kupna i towar\u00f3w w inny spos\u00f3b\r\nsprzeda\u0107, je\u015bli p\u0142atno\u015b\u0107 nie dotar\u0142a w wyznaczonym terminie\r\njest. P\u0142atno\u015b\u0107 otrzymana po rezygnacji zamawiaj\u0105cego staje si\u0119\r\nZleceniodawca zosta\u0142 zwr\u00f3cony.<\/p>\n\n<p>\u00a7 4 &#8211; Wysy\u0142ka, czas dostawy<\/p>\n\n<p>(1) Dostawca dostarcza towar do dostarczenia w ci\u0105gu trzech\r\nDni robocze od pe\u0142nego otrzymania p\u0142atno\u015bci do firmy spedycyjnej\r\n  chyba \u017ce jest w opisie produktu lub w Shopweitem\r\nUwaga na temat innych czas\u00f3w dostawy.<\/p>\n\n<p>(2) Je\u017celi dostawa do kupuj\u0105cego nie powiedzie si\u0119 z powodu\r\nZamawiaj\u0105cy okre\u015bli\u0142 adres dostawy jako niepoprawny lub niekompletny,\r\nnowa pr\u00f3ba dostawy jest dokonywana tylko wtedy, gdy klient poniesie koszty\r\ndo ponownego transportu. Odnowione koszty wysy\u0142ki\r\nodpowiadaj\u0105 uzgodnionym zawarciu umowy o wysy\u0142k\u0119.\r\nDostawca staje si\u0119 zamawiaj\u0105cym koniecznymi kosztami\r\nponowne dostarczenie przez e-mail. Nowa przesy\u0142ka ma miejsce\r\ntylko po otrzymaniu p\u0142atno\u015bci tych koszt\u00f3w.<\/p>\n\n<p>\u00a7 5 &#8211; Zwrot towar\u00f3w jako konsumenta<\/p>\n\n<p>(1) Nabywcy, kt\u00f3rzy kupuj\u0105 jako konsumenci (\u00a7 13 BGB), s\u0105 dost\u0119pni\r\nPrawo do odwo\u0142ania zgodnie z wymogami prawnymi do (\u00a7\u00a7 312d, 355\r\nBGB). Szczeg\u00f3\u0142owe informacje mo\u017cna znale\u017a\u0107 w zasadach anulowania rezerwacji\r\nby\u0107.<\/p>\n\n<p>(2) Je\u015bli klient jest konsumentem, zgadzam si\u0119\r\nUmawiaj\u0105ce si\u0119 strony w przypadku skorzystania z prawa do odst\u0105pienia od umowy\r\n  zamawiaj\u0105cy ponosi regularne koszty zwrotu, je\u017celi\r\ndostarczone towary odpowiadaj\u0105 zam\u00f3wieniu i je\u017celi cena\r\nprzedmiot zwrotny nie przekracza 40 euro lub\r\nje\u015bli nabywca po wy\u017cszej cenie rzeczy w czasie\r\nAnulowanie nie jest jeszcze rozpatrywane ani uzgodnione w umowie\r\n  Dokonano cz\u0119\u015bciowej p\u0142atno\u015bci.<\/p>\n\n<p>(3) W przypadku, gdy klient musi ponie\u015b\u0107 koszty zwrotu, mo\u017ce\r\nilo\u015b\u0107 pieni\u0119dzy, kt\u00f3re maj\u0105 zosta\u0107 zwr\u00f3cone przez dostawc\u0119 i klienta\r\nzwracane koszty zwrotu s\u0105 wzajemnie kompensowane.<\/p>\n\n<p>\u00a7 6 &#8211; Gwarancja<\/p>\n\n<p>Prawa gwarancyjne klienta reguluj\u0105 przepisy ustawowe.<\/p>\n\n<p>\u00a7 7 &#8211; Postanowienia ko\u0144cowe<\/p>\n\n<p>(1) Dostawca zbiera i przetwarza zam\u00f3wienie od klienta w ramach\r\ndane wprowadzone w celu przetworzenia zam\u00f3wienia\r\ni spe\u0142nienie. W odniesieniu do klienta do zap\u0142aty za jego zakup\r\nskorzysta\u0142 z us\u0142ugi PayPal, zwr\u00f3\u0107 si\u0119 do procesu p\u0142atno\u015bci\r\nP\u0142atno\u015bci Polityka prywatno\u015bci. PayPal dzia\u0142a jako zast\u0119pca agenta\r\nnabywca, a nie dostawca.<\/p>\n\n<p>(2) Czy poszczeg\u00f3lne postanowienia tego genera\u0142a\r\nWarunki jako nieskuteczne lub niewykonalne, czyli\r\nNie ma to wp\u0142ywu na skuteczno\u015b\u0107 pozosta\u0142ych postanowie\u0144. Jeste\u015bmy\r\nPrywatny sprzedawca i nie ma towarzystwa spo\u0142ecznego.<\/p>\n\n<h3 class=\"wp-block-heading\">Alternatywne sposoby rozwi\u0105zywania spor\u00f3w zgodnie z Art. 14 ust. 1 ODR-VO i \u00a7 36 VSBG:<\/h3>\n\n<p>Die Europ\u00e4ische Kommission stellt eine Plattform zur Online-Streitbeilegung (OS) bereit, die du unter <a href=\"https:\/\/ec.europa.eu\/consumers\/odr\" target=\"_blank\" rel=\"noreferrer noopener\">https:\/\/ec.europa.eu\/consumers\/odr<\/a>\r\n findest. Zur Teilnahme an einem Streitbeilegungsverfahren vor einer \r\nVerbraucherschlichtungsstelle sind wir nicht verpflichtet und nicht \r\nbereit.<\/p>\n\n<h3 class=\"wp-block-heading\">Alternatywne sposoby rozwi\u0105zywania spor\u00f3w zgodnie z Art. 14 ust. 1 ODR-VO i \u00a7 36 VSBG:<\/h3>\n\n<p>Die Europ\u00e4ische Kommission stellt eine Plattform zur Online-Streitbeilegung (OS) bereit, die du unter <a href=\"https:\/\/ec.europa.eu\/consumers\/odr\" target=\"_blank\" rel=\"noreferrer noopener\">https:\/\/ec.europa.eu\/consumers\/odr<\/a>\r\n findest. Zur Teilnahme an einem Streitbeilegungsverfahren vor einer \r\nVerbraucherschlichtungsstelle sind wir nicht verpflichtet und nicht \r\nbereit.<\/p>\n<div class=\"woocommerce woocommerce-gzd woocommerce-gzd-complaints-shortcode\">\n\t\t\t<h3>Alternative Dispute Resolution in accordance with Art. 14 (1) ODR-VO and \u00a7 36 VSBG:<\/h3>\n\t\nZur Teilnahme an einem Streitbeilegungsverfahren vor einer Verbraucherschlichtungsstelle sind wir nicht verpflichtet und nicht bereit.<\/div>\n","protected":false},"excerpt":{"rendered":"<p>og\u00f3lne warunki (1) Dostawc\u0105 i partnerem umownym dla prezentowanych towar\u00f3w jest: pewetools limited (zwany dalej &#8220;us\u0142ugodawc\u0105&#8221;). (2) Niniejsze warunki s\u0105 cz\u0119\u015bci\u0105 ka\u017cdego z nich umowa umowna mi\u0119dzy us\u0142ugodawc\u0105 a odpowiednim Klient. Odmienne warunki nabywcy s\u0105 sprzeczne. \u00a7 2 &#8211; asortyment produkt\u00f3w i zawarcie umowy (1) Dostawca oferuje te pokazane w swoim sklepie internetowym Do innych [&hellip;]<\/p>\n","protected":false},"author":1,"featured_media":0,"parent":0,"menu_order":0,"comment_status":"closed","ping_status":"closed","template":"","meta":{"footnotes":""},"class_list":["post-7338","page","type-page","status-publish","hentry"],"yoast_head":"<!-- This site is optimized with the Yoast SEO plugin v27.5 - https:\/\/yoast.com\/product\/yoast-seo-wordpress\/ -->\n<title>Og\u00f3lne warunki<\/title>\n<meta name=\"description\" content=\"Hier erhalten Sie Einsicht in die AGBs\" \/>\n<meta name=\"robots\" content=\"index, follow, max-snippet:-1, max-image-preview:large, max-video-preview:-1\" \/>\n<link rel=\"canonical\" href=\"https:\/\/pewetools.de\/pl\/ogolne-warunki\/\" \/>\n<meta property=\"og:locale\" content=\"pl_PL\" \/>\n<meta property=\"og:type\" content=\"article\" \/>\n<meta property=\"og:title\" content=\"Og\u00f3lne warunki\" \/>\n<meta property=\"og:description\" content=\"Hier erhalten Sie Einsicht in die AGBs\" \/>\n<meta property=\"og:url\" content=\"https:\/\/pewetools.de\/pl\/ogolne-warunki\/\" \/>\n<meta property=\"og:site_name\" content=\"PeWeTools Schnellwechselhalter nach System Multifix\" \/>\n<meta property=\"article:modified_time\" content=\"2019-09-12T07:50:05+00:00\" \/>\n<meta name=\"twitter:card\" content=\"summary_large_image\" \/>\n<meta name=\"twitter:label1\" content=\"Szacowany czas czytania\" \/>\n\t<meta name=\"twitter:data1\" content=\"5 minut\" \/>\n<script type=\"application\/ld+json\" class=\"yoast-schema-graph\">{\"@context\":\"https:\\\/\\\/schema.org\",\"@graph\":[{\"@type\":\"WebPage\",\"@id\":\"https:\\\/\\\/pewetools.de\\\/pl\\\/ogolne-warunki\\\/\",\"url\":\"https:\\\/\\\/pewetools.de\\\/pl\\\/ogolne-warunki\\\/\",\"name\":\"Og\u00f3lne warunki\",\"isPartOf\":{\"@id\":\"https:\\\/\\\/pewetools.de\\\/#website\"},\"datePublished\":\"2019-09-12T07:50:02+00:00\",\"dateModified\":\"2019-09-12T07:50:05+00:00\",\"description\":\"Hier erhalten Sie Einsicht in die AGBs\",\"breadcrumb\":{\"@id\":\"https:\\\/\\\/pewetools.de\\\/pl\\\/ogolne-warunki\\\/#breadcrumb\"},\"inLanguage\":\"pl-PL\",\"potentialAction\":[{\"@type\":\"ReadAction\",\"target\":[\"https:\\\/\\\/pewetools.de\\\/pl\\\/ogolne-warunki\\\/\"]}]},{\"@type\":\"BreadcrumbList\",\"@id\":\"https:\\\/\\\/pewetools.de\\\/pl\\\/ogolne-warunki\\\/#breadcrumb\",\"itemListElement\":[{\"@type\":\"ListItem\",\"position\":1,\"name\":\"dom\",\"item\":\"https:\\\/\\\/pewetools.de\\\/pl\\\/\"},{\"@type\":\"ListItem\",\"position\":2,\"name\":\"Og\u00f3lne warunki\"}]},{\"@type\":\"WebSite\",\"@id\":\"https:\\\/\\\/pewetools.de\\\/#website\",\"url\":\"https:\\\/\\\/pewetools.de\\\/\",\"name\":\"PeWeTools Schnellwechselhalter nach System Multifix\",\"description\":\"\",\"potentialAction\":[{\"@type\":\"SearchAction\",\"target\":{\"@type\":\"EntryPoint\",\"urlTemplate\":\"https:\\\/\\\/pewetools.de\\\/?s={search_term_string}\"},\"query-input\":{\"@type\":\"PropertyValueSpecification\",\"valueRequired\":true,\"valueName\":\"search_term_string\"}}],\"inLanguage\":\"pl-PL\"}]}<\/script>\n<!-- \/ Yoast SEO plugin. -->","yoast_head_json":{"title":"Og\u00f3lne warunki","description":"Hier erhalten Sie Einsicht in die AGBs","robots":{"index":"index","follow":"follow","max-snippet":"max-snippet:-1","max-image-preview":"max-image-preview:large","max-video-preview":"max-video-preview:-1"},"canonical":"https:\/\/pewetools.de\/pl\/ogolne-warunki\/","og_locale":"pl_PL","og_type":"article","og_title":"Og\u00f3lne warunki","og_description":"Hier erhalten Sie Einsicht in die AGBs","og_url":"https:\/\/pewetools.de\/pl\/ogolne-warunki\/","og_site_name":"PeWeTools Schnellwechselhalter nach System Multifix","article_modified_time":"2019-09-12T07:50:05+00:00","twitter_card":"summary_large_image","twitter_misc":{"Szacowany czas czytania":"5 minut"},"schema":{"@context":"https:\/\/schema.org","@graph":[{"@type":"WebPage","@id":"https:\/\/pewetools.de\/pl\/ogolne-warunki\/","url":"https:\/\/pewetools.de\/pl\/ogolne-warunki\/","name":"Og\u00f3lne warunki","isPartOf":{"@id":"https:\/\/pewetools.de\/#website"},"datePublished":"2019-09-12T07:50:02+00:00","dateModified":"2019-09-12T07:50:05+00:00","description":"Hier erhalten Sie Einsicht in die AGBs","breadcrumb":{"@id":"https:\/\/pewetools.de\/pl\/ogolne-warunki\/#breadcrumb"},"inLanguage":"pl-PL","potentialAction":[{"@type":"ReadAction","target":["https:\/\/pewetools.de\/pl\/ogolne-warunki\/"]}]},{"@type":"BreadcrumbList","@id":"https:\/\/pewetools.de\/pl\/ogolne-warunki\/#breadcrumb","itemListElement":[{"@type":"ListItem","position":1,"name":"dom","item":"https:\/\/pewetools.de\/pl\/"},{"@type":"ListItem","position":2,"name":"Og\u00f3lne warunki"}]},{"@type":"WebSite","@id":"https:\/\/pewetools.de\/#website","url":"https:\/\/pewetools.de\/","name":"PeWeTools Schnellwechselhalter nach System Multifix","description":"","potentialAction":[{"@type":"SearchAction","target":{"@type":"EntryPoint","urlTemplate":"https:\/\/pewetools.de\/?s={search_term_string}"},"query-input":{"@type":"PropertyValueSpecification","valueRequired":true,"valueName":"search_term_string"}}],"inLanguage":"pl-PL"}]}},"_links":{"self":[{"href":"https:\/\/pewetools.de\/pl\/wp-json\/wp\/v2\/pages\/7338","targetHints":{"allow":["GET"]}}],"collection":[{"href":"https:\/\/pewetools.de\/pl\/wp-json\/wp\/v2\/pages"}],"about":[{"href":"https:\/\/pewetools.de\/pl\/wp-json\/wp\/v2\/types\/page"}],"author":[{"embeddable":true,"href":"https:\/\/pewetools.de\/pl\/wp-json\/wp\/v2\/users\/1"}],"replies":[{"embeddable":true,"href":"https:\/\/pewetools.de\/pl\/wp-json\/wp\/v2\/comments?post=7338"}],"version-history":[{"count":1,"href":"https:\/\/pewetools.de\/pl\/wp-json\/wp\/v2\/pages\/7338\/revisions"}],"predecessor-version":[{"id":7339,"href":"https:\/\/pewetools.de\/pl\/wp-json\/wp\/v2\/pages\/7338\/revisions\/7339"}],"wp:attachment":[{"href":"https:\/\/pewetools.de\/pl\/wp-json\/wp\/v2\/media?parent=7338"}],"curies":[{"name":"wp","href":"https:\/\/api.w.org\/{rel}","templated":true}]}}