{"id":10015,"date":"2021-08-16T10:58:55","date_gmt":"2021-08-16T08:58:55","guid":{"rendered":"https:\/\/pewetools.de\/?post_type=product&#038;p=10015"},"modified":"2024-01-26T12:50:22","modified_gmt":"2024-01-26T11:50:22","slug":"zestaw-do-szybkiej-wymiany-nozy-tokarskich-d-d1","status":"publish","type":"product","link":"https:\/\/pewetools.de\/pl\/shop\/kategoria-produktu\/zestaw-do-szybkiej-wymiany-nozy-tokarskich-d-d1\/","title":{"rendered":"Zestaw do szybkiej wymiany no\u017cy tokarskich D \/ D1"},"content":{"rendered":"<p><strong><span class=\"tlid-translation translation\" style=\"color: #008080;\"><span class=\"\" title=\"\">w zakresie dostawy:<\/span><\/span><\/strong><\/p>\n<p>&#8211; 1x korpus z d\u017awigni\u0105 mocuj\u0105c\u0105 D \/ D1 (dopuszczony do obrabiarek o mocy napedowej do maks. 20 kW)<br \/>\n&#8211; 1x d\u017awignia mocuj\u0105ca<br \/>\n&#8211; 1x trzpie\u0144 dopasujacy<br \/>\n&#8211; 3x imak D1D40180 do no\u017cy tokarskich o prostok\u0105tnym trzonku<br \/>\n&#8211; 1x imak D1H63180 do osadzania no\u017cy okr\u0105g\u0142ych<br \/>\n&#8211; 1x klucz nasadowy czterok\u0105tny<br \/>\n&#8211; 1x sporz\u0105dzony przez nas protok\u00f3\u0142 twardo\u015bci korpusu<br \/>\n&#8211; 1x sporz\u0105dzony przez nas protok\u00f3\u0142 twardo\u015bci jednego uchwytu<\/p>\n","protected":false},"excerpt":{"rendered":"<p>D\/D1<\/p>\n","protected":false},"featured_media":10785,"template":"","meta":{"footnotes":""},"product_brand":[],"product_cat":[472,503],"product_tag":[815],"class_list":{"0":"post-10015","1":"product","2":"type-product","3":"status-publish","4":"has-post-thumbnail","6":"product_cat-uchwyt-szybkiej-wymiany-narzedzia","7":"product_cat-d1","8":"product_tag-imak-szybkozmienny","9":"product_shipping_class-pakiet","11":"first","12":"instock","13":"taxable","14":"shipping-taxable","15":"purchasable","16":"product-type-simple"},"yoast_head":"<!-- This site is optimized with the Yoast SEO plugin v27.1.1 - https:\/\/yoast.com\/product\/yoast-seo-wordpress\/ -->\n<title>uchwyt narz\u0119dziowy do systemu Multifix - pewetools limited<\/title>\n<meta name=\"description\" content=\"Ka\u017cdy wyprodukowany dla nas uchwyt jest testowany na oryginalnym korpusie wynalazcy J.F.Minder, czyli w 100% gwarantowana jako\u015b\u0107 kontroli + kompatybilno\u015b\u0107.\" \/>\n<meta name=\"robots\" content=\"index, follow, max-snippet:-1, max-image-preview:large, max-video-preview:-1\" \/>\n<link rel=\"canonical\" href=\"https:\/\/pewetools.de\/pl\/shop\/kategoria-produktu\/zestaw-do-szybkiej-wymiany-nozy-tokarskich-d-d1\/\" \/>\n<meta property=\"og:locale\" content=\"pl_PL\" \/>\n<meta property=\"og:type\" content=\"article\" \/>\n<meta property=\"og:title\" content=\"uchwyt narz\u0119dziowy do systemu Multifix - pewetools limited\" \/>\n<meta property=\"og:description\" content=\"Ka\u017cdy wyprodukowany dla nas uchwyt jest testowany na oryginalnym korpusie wynalazcy J.F.Minder, czyli w 100% gwarantowana jako\u015b\u0107 kontroli + kompatybilno\u015b\u0107.\" \/>\n<meta property=\"og:url\" content=\"https:\/\/pewetools.de\/pl\/shop\/kategoria-produktu\/zestaw-do-szybkiej-wymiany-nozy-tokarskich-d-d1\/\" \/>\n<meta property=\"og:site_name\" content=\"PeWeTools Schnellwechselhalter nach System Multifix\" \/>\n<meta property=\"article:modified_time\" content=\"2024-01-26T11:50:22+00:00\" \/>\n<meta property=\"og:image\" content=\"https:\/\/pewetools.de\/wp-content\/uploads\/2021\/08\/Set-D1D-Kopie-neu.jpg\" \/>\n\t<meta property=\"og:image:width\" content=\"588\" \/>\n\t<meta property=\"og:image:height\" content=\"515\" \/>\n\t<meta property=\"og:image:type\" content=\"image\/jpeg\" \/>\n<meta name=\"twitter:card\" content=\"summary_large_image\" \/>\n<script type=\"application\/ld+json\" class=\"yoast-schema-graph\">{\"@context\":\"https:\/\/schema.org\",\"@graph\":[{\"@type\":\"WebPage\",\"@id\":\"https:\/\/pewetools.de\/pl\/shop\/kategoria-produktu\/zestaw-do-szybkiej-wymiany-nozy-tokarskich-d-d1\/\",\"url\":\"https:\/\/pewetools.de\/pl\/shop\/kategoria-produktu\/zestaw-do-szybkiej-wymiany-nozy-tokarskich-d-d1\/\",\"name\":\"uchwyt narz\u0119dziowy do systemu Multifix - pewetools limited\",\"isPartOf\":{\"@id\":\"https:\/\/pewetools.de\/#website\"},\"primaryImageOfPage\":{\"@id\":\"https:\/\/pewetools.de\/pl\/shop\/kategoria-produktu\/zestaw-do-szybkiej-wymiany-nozy-tokarskich-d-d1\/#primaryimage\"},\"image\":{\"@id\":\"https:\/\/pewetools.de\/pl\/shop\/kategoria-produktu\/zestaw-do-szybkiej-wymiany-nozy-tokarskich-d-d1\/#primaryimage\"},\"thumbnailUrl\":\"https:\/\/pewetools.de\/wp-content\/uploads\/2021\/08\/Set-D1D-Kopie-neu.jpg\",\"datePublished\":\"2021-08-16T08:58:55+00:00\",\"dateModified\":\"2024-01-26T11:50:22+00:00\",\"description\":\"Ka\u017cdy wyprodukowany dla nas uchwyt jest testowany na oryginalnym korpusie wynalazcy J.F.Minder, czyli w 100% gwarantowana jako\u015b\u0107 kontroli + kompatybilno\u015b\u0107.\",\"breadcrumb\":{\"@id\":\"https:\/\/pewetools.de\/pl\/shop\/kategoria-produktu\/zestaw-do-szybkiej-wymiany-nozy-tokarskich-d-d1\/#breadcrumb\"},\"inLanguage\":\"pl-PL\",\"potentialAction\":[{\"@type\":\"ReadAction\",\"target\":[\"https:\/\/pewetools.de\/pl\/shop\/kategoria-produktu\/zestaw-do-szybkiej-wymiany-nozy-tokarskich-d-d1\/\"]}]},{\"@type\":\"ImageObject\",\"inLanguage\":\"pl-PL\",\"@id\":\"https:\/\/pewetools.de\/pl\/shop\/kategoria-produktu\/zestaw-do-szybkiej-wymiany-nozy-tokarskich-d-d1\/#primaryimage\",\"url\":\"https:\/\/pewetools.de\/wp-content\/uploads\/2021\/08\/Set-D1D-Kopie-neu.jpg\",\"contentUrl\":\"https:\/\/pewetools.de\/wp-content\/uploads\/2021\/08\/Set-D1D-Kopie-neu.jpg\",\"width\":588,\"height\":515},{\"@type\":\"BreadcrumbList\",\"@id\":\"https:\/\/pewetools.de\/pl\/shop\/kategoria-produktu\/zestaw-do-szybkiej-wymiany-nozy-tokarskich-d-d1\/#breadcrumb\",\"itemListElement\":[{\"@type\":\"ListItem\",\"position\":1,\"name\":\"dom\",\"item\":\"https:\/\/pewetools.de\/pl\/\"},{\"@type\":\"ListItem\",\"position\":2,\"name\":\"Shop\",\"item\":\"https:\/\/pewetools.de\/pl\/shop\/\"},{\"@type\":\"ListItem\",\"position\":3,\"name\":\"Zestaw do szybkiej wymiany no\u017cy tokarskich D \/ D1\"}]},{\"@type\":\"WebSite\",\"@id\":\"https:\/\/pewetools.de\/#website\",\"url\":\"https:\/\/pewetools.de\/\",\"name\":\"PeWeTools Schnellwechselhalter nach System Multifix\",\"description\":\"\",\"potentialAction\":[{\"@type\":\"SearchAction\",\"target\":{\"@type\":\"EntryPoint\",\"urlTemplate\":\"https:\/\/pewetools.de\/?s={search_term_string}\"},\"query-input\":{\"@type\":\"PropertyValueSpecification\",\"valueRequired\":true,\"valueName\":\"search_term_string\"}}],\"inLanguage\":\"pl-PL\"}]}<\/script>\n<!-- \/ Yoast SEO plugin. -->","yoast_head_json":{"title":"uchwyt narz\u0119dziowy do systemu Multifix - pewetools limited","description":"Ka\u017cdy wyprodukowany dla nas uchwyt jest testowany na oryginalnym korpusie wynalazcy J.F.Minder, czyli w 100% gwarantowana jako\u015b\u0107 kontroli + kompatybilno\u015b\u0107.","robots":{"index":"index","follow":"follow","max-snippet":"max-snippet:-1","max-image-preview":"max-image-preview:large","max-video-preview":"max-video-preview:-1"},"canonical":"https:\/\/pewetools.de\/pl\/shop\/kategoria-produktu\/zestaw-do-szybkiej-wymiany-nozy-tokarskich-d-d1\/","og_locale":"pl_PL","og_type":"article","og_title":"uchwyt narz\u0119dziowy do systemu Multifix - pewetools limited","og_description":"Ka\u017cdy wyprodukowany dla nas uchwyt jest testowany na oryginalnym korpusie wynalazcy J.F.Minder, czyli w 100% gwarantowana jako\u015b\u0107 kontroli + kompatybilno\u015b\u0107.","og_url":"https:\/\/pewetools.de\/pl\/shop\/kategoria-produktu\/zestaw-do-szybkiej-wymiany-nozy-tokarskich-d-d1\/","og_site_name":"PeWeTools Schnellwechselhalter nach System Multifix","article_modified_time":"2024-01-26T11:50:22+00:00","og_image":[{"width":588,"height":515,"url":"https:\/\/pewetools.de\/wp-content\/uploads\/2021\/08\/Set-D1D-Kopie-neu.jpg","type":"image\/jpeg"}],"twitter_card":"summary_large_image","schema":{"@context":"https:\/\/schema.org","@graph":[{"@type":"WebPage","@id":"https:\/\/pewetools.de\/pl\/shop\/kategoria-produktu\/zestaw-do-szybkiej-wymiany-nozy-tokarskich-d-d1\/","url":"https:\/\/pewetools.de\/pl\/shop\/kategoria-produktu\/zestaw-do-szybkiej-wymiany-nozy-tokarskich-d-d1\/","name":"uchwyt narz\u0119dziowy do systemu Multifix - pewetools limited","isPartOf":{"@id":"https:\/\/pewetools.de\/#website"},"primaryImageOfPage":{"@id":"https:\/\/pewetools.de\/pl\/shop\/kategoria-produktu\/zestaw-do-szybkiej-wymiany-nozy-tokarskich-d-d1\/#primaryimage"},"image":{"@id":"https:\/\/pewetools.de\/pl\/shop\/kategoria-produktu\/zestaw-do-szybkiej-wymiany-nozy-tokarskich-d-d1\/#primaryimage"},"thumbnailUrl":"https:\/\/pewetools.de\/wp-content\/uploads\/2021\/08\/Set-D1D-Kopie-neu.jpg","datePublished":"2021-08-16T08:58:55+00:00","dateModified":"2024-01-26T11:50:22+00:00","description":"Ka\u017cdy wyprodukowany dla nas uchwyt jest testowany na oryginalnym korpusie wynalazcy J.F.Minder, czyli w 100% gwarantowana jako\u015b\u0107 kontroli + kompatybilno\u015b\u0107.","breadcrumb":{"@id":"https:\/\/pewetools.de\/pl\/shop\/kategoria-produktu\/zestaw-do-szybkiej-wymiany-nozy-tokarskich-d-d1\/#breadcrumb"},"inLanguage":"pl-PL","potentialAction":[{"@type":"ReadAction","target":["https:\/\/pewetools.de\/pl\/shop\/kategoria-produktu\/zestaw-do-szybkiej-wymiany-nozy-tokarskich-d-d1\/"]}]},{"@type":"ImageObject","inLanguage":"pl-PL","@id":"https:\/\/pewetools.de\/pl\/shop\/kategoria-produktu\/zestaw-do-szybkiej-wymiany-nozy-tokarskich-d-d1\/#primaryimage","url":"https:\/\/pewetools.de\/wp-content\/uploads\/2021\/08\/Set-D1D-Kopie-neu.jpg","contentUrl":"https:\/\/pewetools.de\/wp-content\/uploads\/2021\/08\/Set-D1D-Kopie-neu.jpg","width":588,"height":515},{"@type":"BreadcrumbList","@id":"https:\/\/pewetools.de\/pl\/shop\/kategoria-produktu\/zestaw-do-szybkiej-wymiany-nozy-tokarskich-d-d1\/#breadcrumb","itemListElement":[{"@type":"ListItem","position":1,"name":"dom","item":"https:\/\/pewetools.de\/pl\/"},{"@type":"ListItem","position":2,"name":"Shop","item":"https:\/\/pewetools.de\/pl\/shop\/"},{"@type":"ListItem","position":3,"name":"Zestaw do szybkiej wymiany no\u017cy tokarskich D \/ D1"}]},{"@type":"WebSite","@id":"https:\/\/pewetools.de\/#website","url":"https:\/\/pewetools.de\/","name":"PeWeTools Schnellwechselhalter nach System Multifix","description":"","potentialAction":[{"@type":"SearchAction","target":{"@type":"EntryPoint","urlTemplate":"https:\/\/pewetools.de\/?s={search_term_string}"},"query-input":{"@type":"PropertyValueSpecification","valueRequired":true,"valueName":"search_term_string"}}],"inLanguage":"pl-PL"}]}},"_links":{"self":[{"href":"https:\/\/pewetools.de\/pl\/wp-json\/wp\/v2\/product\/10015","targetHints":{"allow":["GET"]}}],"collection":[{"href":"https:\/\/pewetools.de\/pl\/wp-json\/wp\/v2\/product"}],"about":[{"href":"https:\/\/pewetools.de\/pl\/wp-json\/wp\/v2\/types\/product"}],"version-history":[{"count":0,"href":"https:\/\/pewetools.de\/pl\/wp-json\/wp\/v2\/product\/10015\/revisions"}],"wp:featuredmedia":[{"embeddable":true,"href":"https:\/\/pewetools.de\/pl\/wp-json\/wp\/v2\/media\/10785"}],"wp:attachment":[{"href":"https:\/\/pewetools.de\/pl\/wp-json\/wp\/v2\/media?parent=10015"}],"wp:term":[{"taxonomy":"product_brand","embeddable":true,"href":"https:\/\/pewetools.de\/pl\/wp-json\/wp\/v2\/product_brand?post=10015"},{"taxonomy":"product_cat","embeddable":true,"href":"https:\/\/pewetools.de\/pl\/wp-json\/wp\/v2\/product_cat?post=10015"},{"taxonomy":"product_tag","embeddable":true,"href":"https:\/\/pewetools.de\/pl\/wp-json\/wp\/v2\/product_tag?post=10015"}],"curies":[{"name":"wp","href":"https:\/\/api.w.org\/{rel}","templated":true}]}}