{"id":10661,"date":"2022-01-13T14:32:29","date_gmt":"2022-01-13T13:32:29","guid":{"rendered":"https:\/\/pewetools.de\/?post_type=product&#038;p=10661"},"modified":"2026-02-25T12:02:33","modified_gmt":"2026-02-25T11:02:33","slug":"uchwyt-tulei-zaciskowej-er16-aa","status":"publish","type":"product","link":"https:\/\/pewetools.de\/pl\/shop\/kategoria-produktu\/uchwyt-tulei-zaciskowej-er16-aa\/","title":{"rendered":"Uchwyt tulei zaciskowej ER16 Aa"},"content":{"rendered":"<p>Uchwyt tulei zaciskowej ER16 Aa<\/p>\n<p>d\u0142ugo\u015b\u0107 50mm<\/p>\n","protected":false},"excerpt":{"rendered":"<p>Uchwyt tulei zaciskowej ER16 Aa d\u0142ugo\u015b\u0107 50mm<\/p>\n","protected":false},"featured_media":10657,"template":"","meta":{"footnotes":""},"product_brand":[],"product_cat":[485],"product_tag":[],"class_list":{"0":"post-10661","1":"product","2":"type-product","3":"status-publish","4":"has-post-thumbnail","6":"product_cat-aa","7":"product_shipping_class-pakiet","9":"first","10":"instock","11":"taxable","12":"shipping-taxable","13":"purchasable","14":"product-type-simple"},"yoast_head":"<!-- This site is optimized with the Yoast SEO plugin v27.4 - https:\/\/yoast.com\/product\/yoast-seo-wordpress\/ -->\n<title>Uchwyt tulei zaciskowej ER16 Aa &#8212; PeWeTools Schnellwechselhalter nach System Multifix<\/title>\n<meta name=\"robots\" content=\"index, follow, max-snippet:-1, max-image-preview:large, max-video-preview:-1\" \/>\n<link rel=\"canonical\" href=\"https:\/\/pewetools.de\/pl\/shop\/kategoria-produktu\/uchwyt-tulei-zaciskowej-er16-aa\/\" \/>\n<meta property=\"og:locale\" content=\"pl_PL\" \/>\n<meta property=\"og:type\" content=\"article\" \/>\n<meta property=\"og:title\" content=\"Uchwyt tulei zaciskowej ER16 Aa &#8212; PeWeTools Schnellwechselhalter nach System Multifix\" \/>\n<meta property=\"og:description\" content=\"Uchwyt tulei zaciskowej ER16 Aa d\u0142ugo\u015b\u0107 50mm\" \/>\n<meta property=\"og:url\" content=\"https:\/\/pewetools.de\/pl\/shop\/kategoria-produktu\/uchwyt-tulei-zaciskowej-er16-aa\/\" \/>\n<meta property=\"og:site_name\" content=\"PeWeTools Schnellwechselhalter nach System Multifix\" \/>\n<meta property=\"article:modified_time\" content=\"2026-02-25T11:02:33+00:00\" \/>\n<meta property=\"og:image\" content=\"https:\/\/pewetools.de\/wp-content\/uploads\/2022\/01\/ER16-Aa-200-Kopie.jpg\" \/>\n\t<meta property=\"og:image:width\" content=\"1575\" \/>\n\t<meta property=\"og:image:height\" content=\"686\" \/>\n\t<meta property=\"og:image:type\" content=\"image\/jpeg\" \/>\n<meta name=\"twitter:card\" content=\"summary_large_image\" \/>\n<meta name=\"twitter:label1\" content=\"Szacowany czas czytania\" \/>\n\t<meta name=\"twitter:data1\" content=\"1 minuta\" \/>\n<script type=\"application\/ld+json\" class=\"yoast-schema-graph\">{\"@context\":\"https:\\\/\\\/schema.org\",\"@graph\":[{\"@type\":\"WebPage\",\"@id\":\"https:\\\/\\\/pewetools.de\\\/pl\\\/shop\\\/kategoria-produktu\\\/uchwyt-tulei-zaciskowej-er16-aa\\\/\",\"url\":\"https:\\\/\\\/pewetools.de\\\/pl\\\/shop\\\/kategoria-produktu\\\/uchwyt-tulei-zaciskowej-er16-aa\\\/\",\"name\":\"Uchwyt tulei zaciskowej ER16 Aa &#8212; PeWeTools Schnellwechselhalter nach System Multifix\",\"isPartOf\":{\"@id\":\"https:\\\/\\\/pewetools.de\\\/#website\"},\"primaryImageOfPage\":{\"@id\":\"https:\\\/\\\/pewetools.de\\\/pl\\\/shop\\\/kategoria-produktu\\\/uchwyt-tulei-zaciskowej-er16-aa\\\/#primaryimage\"},\"image\":{\"@id\":\"https:\\\/\\\/pewetools.de\\\/pl\\\/shop\\\/kategoria-produktu\\\/uchwyt-tulei-zaciskowej-er16-aa\\\/#primaryimage\"},\"thumbnailUrl\":\"https:\\\/\\\/pewetools.de\\\/wp-content\\\/uploads\\\/2022\\\/01\\\/ER16-Aa-200-Kopie.jpg\",\"datePublished\":\"2022-01-13T13:32:29+00:00\",\"dateModified\":\"2026-02-25T11:02:33+00:00\",\"breadcrumb\":{\"@id\":\"https:\\\/\\\/pewetools.de\\\/pl\\\/shop\\\/kategoria-produktu\\\/uchwyt-tulei-zaciskowej-er16-aa\\\/#breadcrumb\"},\"inLanguage\":\"pl-PL\",\"potentialAction\":[{\"@type\":\"ReadAction\",\"target\":[\"https:\\\/\\\/pewetools.de\\\/pl\\\/shop\\\/kategoria-produktu\\\/uchwyt-tulei-zaciskowej-er16-aa\\\/\"]}]},{\"@type\":\"ImageObject\",\"inLanguage\":\"pl-PL\",\"@id\":\"https:\\\/\\\/pewetools.de\\\/pl\\\/shop\\\/kategoria-produktu\\\/uchwyt-tulei-zaciskowej-er16-aa\\\/#primaryimage\",\"url\":\"https:\\\/\\\/pewetools.de\\\/wp-content\\\/uploads\\\/2022\\\/01\\\/ER16-Aa-200-Kopie.jpg\",\"contentUrl\":\"https:\\\/\\\/pewetools.de\\\/wp-content\\\/uploads\\\/2022\\\/01\\\/ER16-Aa-200-Kopie.jpg\",\"width\":1575,\"height\":686},{\"@type\":\"BreadcrumbList\",\"@id\":\"https:\\\/\\\/pewetools.de\\\/pl\\\/shop\\\/kategoria-produktu\\\/uchwyt-tulei-zaciskowej-er16-aa\\\/#breadcrumb\",\"itemListElement\":[{\"@type\":\"ListItem\",\"position\":1,\"name\":\"dom\",\"item\":\"https:\\\/\\\/pewetools.de\\\/pl\\\/\"},{\"@type\":\"ListItem\",\"position\":2,\"name\":\"Shop\",\"item\":\"https:\\\/\\\/pewetools.de\\\/pl\\\/shop\\\/\"},{\"@type\":\"ListItem\",\"position\":3,\"name\":\"Uchwyt tulei zaciskowej ER16 Aa\"}]},{\"@type\":\"WebSite\",\"@id\":\"https:\\\/\\\/pewetools.de\\\/#website\",\"url\":\"https:\\\/\\\/pewetools.de\\\/\",\"name\":\"PeWeTools Schnellwechselhalter nach System Multifix\",\"description\":\"\",\"potentialAction\":[{\"@type\":\"SearchAction\",\"target\":{\"@type\":\"EntryPoint\",\"urlTemplate\":\"https:\\\/\\\/pewetools.de\\\/?s={search_term_string}\"},\"query-input\":{\"@type\":\"PropertyValueSpecification\",\"valueRequired\":true,\"valueName\":\"search_term_string\"}}],\"inLanguage\":\"pl-PL\"}]}<\/script>\n<!-- \/ Yoast SEO plugin. -->","yoast_head_json":{"title":"Uchwyt tulei zaciskowej ER16 Aa &#8212; PeWeTools Schnellwechselhalter nach System Multifix","robots":{"index":"index","follow":"follow","max-snippet":"max-snippet:-1","max-image-preview":"max-image-preview:large","max-video-preview":"max-video-preview:-1"},"canonical":"https:\/\/pewetools.de\/pl\/shop\/kategoria-produktu\/uchwyt-tulei-zaciskowej-er16-aa\/","og_locale":"pl_PL","og_type":"article","og_title":"Uchwyt tulei zaciskowej ER16 Aa &#8212; PeWeTools Schnellwechselhalter nach System Multifix","og_description":"Uchwyt tulei zaciskowej ER16 Aa d\u0142ugo\u015b\u0107 50mm","og_url":"https:\/\/pewetools.de\/pl\/shop\/kategoria-produktu\/uchwyt-tulei-zaciskowej-er16-aa\/","og_site_name":"PeWeTools Schnellwechselhalter nach System Multifix","article_modified_time":"2026-02-25T11:02:33+00:00","og_image":[{"width":1575,"height":686,"url":"https:\/\/pewetools.de\/wp-content\/uploads\/2022\/01\/ER16-Aa-200-Kopie.jpg","type":"image\/jpeg"}],"twitter_card":"summary_large_image","twitter_misc":{"Szacowany czas czytania":"1 minuta"},"schema":{"@context":"https:\/\/schema.org","@graph":[{"@type":"WebPage","@id":"https:\/\/pewetools.de\/pl\/shop\/kategoria-produktu\/uchwyt-tulei-zaciskowej-er16-aa\/","url":"https:\/\/pewetools.de\/pl\/shop\/kategoria-produktu\/uchwyt-tulei-zaciskowej-er16-aa\/","name":"Uchwyt tulei zaciskowej ER16 Aa &#8212; PeWeTools Schnellwechselhalter nach System Multifix","isPartOf":{"@id":"https:\/\/pewetools.de\/#website"},"primaryImageOfPage":{"@id":"https:\/\/pewetools.de\/pl\/shop\/kategoria-produktu\/uchwyt-tulei-zaciskowej-er16-aa\/#primaryimage"},"image":{"@id":"https:\/\/pewetools.de\/pl\/shop\/kategoria-produktu\/uchwyt-tulei-zaciskowej-er16-aa\/#primaryimage"},"thumbnailUrl":"https:\/\/pewetools.de\/wp-content\/uploads\/2022\/01\/ER16-Aa-200-Kopie.jpg","datePublished":"2022-01-13T13:32:29+00:00","dateModified":"2026-02-25T11:02:33+00:00","breadcrumb":{"@id":"https:\/\/pewetools.de\/pl\/shop\/kategoria-produktu\/uchwyt-tulei-zaciskowej-er16-aa\/#breadcrumb"},"inLanguage":"pl-PL","potentialAction":[{"@type":"ReadAction","target":["https:\/\/pewetools.de\/pl\/shop\/kategoria-produktu\/uchwyt-tulei-zaciskowej-er16-aa\/"]}]},{"@type":"ImageObject","inLanguage":"pl-PL","@id":"https:\/\/pewetools.de\/pl\/shop\/kategoria-produktu\/uchwyt-tulei-zaciskowej-er16-aa\/#primaryimage","url":"https:\/\/pewetools.de\/wp-content\/uploads\/2022\/01\/ER16-Aa-200-Kopie.jpg","contentUrl":"https:\/\/pewetools.de\/wp-content\/uploads\/2022\/01\/ER16-Aa-200-Kopie.jpg","width":1575,"height":686},{"@type":"BreadcrumbList","@id":"https:\/\/pewetools.de\/pl\/shop\/kategoria-produktu\/uchwyt-tulei-zaciskowej-er16-aa\/#breadcrumb","itemListElement":[{"@type":"ListItem","position":1,"name":"dom","item":"https:\/\/pewetools.de\/pl\/"},{"@type":"ListItem","position":2,"name":"Shop","item":"https:\/\/pewetools.de\/pl\/shop\/"},{"@type":"ListItem","position":3,"name":"Uchwyt tulei zaciskowej ER16 Aa"}]},{"@type":"WebSite","@id":"https:\/\/pewetools.de\/#website","url":"https:\/\/pewetools.de\/","name":"PeWeTools Schnellwechselhalter nach System Multifix","description":"","potentialAction":[{"@type":"SearchAction","target":{"@type":"EntryPoint","urlTemplate":"https:\/\/pewetools.de\/?s={search_term_string}"},"query-input":{"@type":"PropertyValueSpecification","valueRequired":true,"valueName":"search_term_string"}}],"inLanguage":"pl-PL"}]}},"_links":{"self":[{"href":"https:\/\/pewetools.de\/pl\/wp-json\/wp\/v2\/product\/10661","targetHints":{"allow":["GET"]}}],"collection":[{"href":"https:\/\/pewetools.de\/pl\/wp-json\/wp\/v2\/product"}],"about":[{"href":"https:\/\/pewetools.de\/pl\/wp-json\/wp\/v2\/types\/product"}],"version-history":[{"count":1,"href":"https:\/\/pewetools.de\/pl\/wp-json\/wp\/v2\/product\/10661\/revisions"}],"predecessor-version":[{"id":17813,"href":"https:\/\/pewetools.de\/pl\/wp-json\/wp\/v2\/product\/10661\/revisions\/17813"}],"wp:featuredmedia":[{"embeddable":true,"href":"https:\/\/pewetools.de\/pl\/wp-json\/wp\/v2\/media\/10657"}],"wp:attachment":[{"href":"https:\/\/pewetools.de\/pl\/wp-json\/wp\/v2\/media?parent=10661"}],"wp:term":[{"taxonomy":"product_brand","embeddable":true,"href":"https:\/\/pewetools.de\/pl\/wp-json\/wp\/v2\/product_brand?post=10661"},{"taxonomy":"product_cat","embeddable":true,"href":"https:\/\/pewetools.de\/pl\/wp-json\/wp\/v2\/product_cat?post=10661"},{"taxonomy":"product_tag","embeddable":true,"href":"https:\/\/pewetools.de\/pl\/wp-json\/wp\/v2\/product_tag?post=10661"}],"curies":[{"name":"wp","href":"https:\/\/api.w.org\/{rel}","templated":true}]}}