{"id":10710,"date":"2022-01-14T14:22:02","date_gmt":"2022-01-14T13:22:02","guid":{"rendered":"https:\/\/pewetools.de\/?post_type=product&#038;p=10710"},"modified":"2024-08-21T16:19:17","modified_gmt":"2024-08-21T14:19:17","slug":"uchwyt-tulei-zaciskowej-er25-a-2","status":"publish","type":"product","link":"https:\/\/pewetools.de\/pl\/shop\/kategoria-produktu\/uchwyt-tulei-zaciskowej-er25-a-2\/","title":{"rendered":"Uchwyt tulei zaciskowej ER25 A"},"content":{"rendered":"<p>Uchwyt tulei zaciskowej ER25 A<\/p>\n<p>d\u0142ugo\u015b\u0107 80mm<\/p>\n","protected":false},"excerpt":{"rendered":"<p>Uchwyt tulei zaciskowej ER25 A d\u0142ugo\u015b\u0107 80mm<\/p>\n","protected":false},"featured_media":10689,"template":"","meta":{"footnotes":""},"product_brand":[],"product_cat":[478],"product_tag":[],"class_list":{"0":"post-10710","1":"product","2":"type-product","3":"status-publish","4":"has-post-thumbnail","6":"product_cat-a","7":"product_shipping_class-pakiet","9":"first","10":"instock","11":"taxable","12":"shipping-taxable","13":"purchasable","14":"product-type-simple"},"yoast_head":"<!-- This site is optimized with the Yoast SEO plugin v27.1.1 - https:\/\/yoast.com\/product\/yoast-seo-wordpress\/ -->\n<title>Uchwyt tulei zaciskowej ER25 A &#8212; PeWeTools Schnellwechselhalter nach System Multifix<\/title>\n<meta name=\"robots\" content=\"index, follow, max-snippet:-1, max-image-preview:large, max-video-preview:-1\" \/>\n<link rel=\"canonical\" href=\"https:\/\/pewetools.de\/shop\/kategoria-produktu\/aufnahme-fuer-er25-spannzangen-spannzangenfutter-a\/\" \/>\n<meta property=\"og:locale\" content=\"pl_PL\" \/>\n<meta property=\"og:type\" content=\"article\" \/>\n<meta property=\"og:title\" content=\"Uchwyt tulei zaciskowej ER25 A &#8212; PeWeTools Schnellwechselhalter nach System Multifix\" \/>\n<meta property=\"og:description\" content=\"Uchwyt tulei zaciskowej ER25 A d\u0142ugo\u015b\u0107 80mm\" \/>\n<meta property=\"og:url\" content=\"https:\/\/pewetools.de\/shop\/kategoria-produktu\/aufnahme-fuer-er25-spannzangen-spannzangenfutter-a\/\" \/>\n<meta property=\"og:site_name\" content=\"PeWeTools Schnellwechselhalter nach System Multifix\" \/>\n<meta property=\"article:modified_time\" content=\"2024-08-21T14:19:17+00:00\" \/>\n<meta property=\"og:image\" content=\"https:\/\/pewetools.de\/wp-content\/uploads\/2022\/01\/ER25-A-200-Kopie.jpg\" \/>\n\t<meta property=\"og:image:width\" content=\"1575\" \/>\n\t<meta property=\"og:image:height\" content=\"819\" \/>\n\t<meta property=\"og:image:type\" content=\"image\/jpeg\" \/>\n<meta name=\"twitter:card\" content=\"summary_large_image\" \/>\n<meta name=\"twitter:label1\" content=\"Szacowany czas czytania\" \/>\n\t<meta name=\"twitter:data1\" content=\"1 minuta\" \/>\n<script type=\"application\/ld+json\" class=\"yoast-schema-graph\">{\"@context\":\"https:\/\/schema.org\",\"@graph\":[{\"@type\":\"WebPage\",\"@id\":\"https:\/\/pewetools.de\/shop\/kategoria-produktu\/aufnahme-fuer-er25-spannzangen-spannzangenfutter-a\/\",\"url\":\"https:\/\/pewetools.de\/shop\/kategoria-produktu\/aufnahme-fuer-er25-spannzangen-spannzangenfutter-a\/\",\"name\":\"Uchwyt tulei zaciskowej ER25 A &#8212; PeWeTools Schnellwechselhalter nach System Multifix\",\"isPartOf\":{\"@id\":\"https:\/\/pewetools.de\/#website\"},\"primaryImageOfPage\":{\"@id\":\"https:\/\/pewetools.de\/shop\/kategoria-produktu\/aufnahme-fuer-er25-spannzangen-spannzangenfutter-a\/#primaryimage\"},\"image\":{\"@id\":\"https:\/\/pewetools.de\/shop\/kategoria-produktu\/aufnahme-fuer-er25-spannzangen-spannzangenfutter-a\/#primaryimage\"},\"thumbnailUrl\":\"https:\/\/pewetools.de\/wp-content\/uploads\/2022\/01\/ER25-A-200-Kopie.jpg\",\"datePublished\":\"2022-01-14T13:22:02+00:00\",\"dateModified\":\"2024-08-21T14:19:17+00:00\",\"breadcrumb\":{\"@id\":\"https:\/\/pewetools.de\/shop\/kategoria-produktu\/aufnahme-fuer-er25-spannzangen-spannzangenfutter-a\/#breadcrumb\"},\"inLanguage\":\"pl-PL\",\"potentialAction\":[{\"@type\":\"ReadAction\",\"target\":[\"https:\/\/pewetools.de\/shop\/kategoria-produktu\/aufnahme-fuer-er25-spannzangen-spannzangenfutter-a\/\"]}]},{\"@type\":\"ImageObject\",\"inLanguage\":\"pl-PL\",\"@id\":\"https:\/\/pewetools.de\/shop\/kategoria-produktu\/aufnahme-fuer-er25-spannzangen-spannzangenfutter-a\/#primaryimage\",\"url\":\"https:\/\/pewetools.de\/wp-content\/uploads\/2022\/01\/ER25-A-200-Kopie.jpg\",\"contentUrl\":\"https:\/\/pewetools.de\/wp-content\/uploads\/2022\/01\/ER25-A-200-Kopie.jpg\",\"width\":1575,\"height\":819},{\"@type\":\"BreadcrumbList\",\"@id\":\"https:\/\/pewetools.de\/shop\/kategoria-produktu\/aufnahme-fuer-er25-spannzangen-spannzangenfutter-a\/#breadcrumb\",\"itemListElement\":[{\"@type\":\"ListItem\",\"position\":1,\"name\":\"dom\",\"item\":\"https:\/\/pewetools.de\/pl\/\"},{\"@type\":\"ListItem\",\"position\":2,\"name\":\"Shop\",\"item\":\"https:\/\/pewetools.de\/pl\/shop\/\"},{\"@type\":\"ListItem\",\"position\":3,\"name\":\"Uchwyt tulei zaciskowej ER25 A\"}]},{\"@type\":\"WebSite\",\"@id\":\"https:\/\/pewetools.de\/#website\",\"url\":\"https:\/\/pewetools.de\/\",\"name\":\"PeWeTools Schnellwechselhalter nach System Multifix\",\"description\":\"\",\"potentialAction\":[{\"@type\":\"SearchAction\",\"target\":{\"@type\":\"EntryPoint\",\"urlTemplate\":\"https:\/\/pewetools.de\/?s={search_term_string}\"},\"query-input\":{\"@type\":\"PropertyValueSpecification\",\"valueRequired\":true,\"valueName\":\"search_term_string\"}}],\"inLanguage\":\"pl-PL\"}]}<\/script>\n<!-- \/ Yoast SEO plugin. -->","yoast_head_json":{"title":"Uchwyt tulei zaciskowej ER25 A &#8212; PeWeTools Schnellwechselhalter nach System Multifix","robots":{"index":"index","follow":"follow","max-snippet":"max-snippet:-1","max-image-preview":"max-image-preview:large","max-video-preview":"max-video-preview:-1"},"canonical":"https:\/\/pewetools.de\/shop\/kategoria-produktu\/aufnahme-fuer-er25-spannzangen-spannzangenfutter-a\/","og_locale":"pl_PL","og_type":"article","og_title":"Uchwyt tulei zaciskowej ER25 A &#8212; PeWeTools Schnellwechselhalter nach System Multifix","og_description":"Uchwyt tulei zaciskowej ER25 A d\u0142ugo\u015b\u0107 80mm","og_url":"https:\/\/pewetools.de\/shop\/kategoria-produktu\/aufnahme-fuer-er25-spannzangen-spannzangenfutter-a\/","og_site_name":"PeWeTools Schnellwechselhalter nach System Multifix","article_modified_time":"2024-08-21T14:19:17+00:00","og_image":[{"width":1575,"height":819,"url":"https:\/\/pewetools.de\/wp-content\/uploads\/2022\/01\/ER25-A-200-Kopie.jpg","type":"image\/jpeg"}],"twitter_card":"summary_large_image","twitter_misc":{"Szacowany czas czytania":"1 minuta"},"schema":{"@context":"https:\/\/schema.org","@graph":[{"@type":"WebPage","@id":"https:\/\/pewetools.de\/shop\/kategoria-produktu\/aufnahme-fuer-er25-spannzangen-spannzangenfutter-a\/","url":"https:\/\/pewetools.de\/shop\/kategoria-produktu\/aufnahme-fuer-er25-spannzangen-spannzangenfutter-a\/","name":"Uchwyt tulei zaciskowej ER25 A &#8212; PeWeTools Schnellwechselhalter nach System Multifix","isPartOf":{"@id":"https:\/\/pewetools.de\/#website"},"primaryImageOfPage":{"@id":"https:\/\/pewetools.de\/shop\/kategoria-produktu\/aufnahme-fuer-er25-spannzangen-spannzangenfutter-a\/#primaryimage"},"image":{"@id":"https:\/\/pewetools.de\/shop\/kategoria-produktu\/aufnahme-fuer-er25-spannzangen-spannzangenfutter-a\/#primaryimage"},"thumbnailUrl":"https:\/\/pewetools.de\/wp-content\/uploads\/2022\/01\/ER25-A-200-Kopie.jpg","datePublished":"2022-01-14T13:22:02+00:00","dateModified":"2024-08-21T14:19:17+00:00","breadcrumb":{"@id":"https:\/\/pewetools.de\/shop\/kategoria-produktu\/aufnahme-fuer-er25-spannzangen-spannzangenfutter-a\/#breadcrumb"},"inLanguage":"pl-PL","potentialAction":[{"@type":"ReadAction","target":["https:\/\/pewetools.de\/shop\/kategoria-produktu\/aufnahme-fuer-er25-spannzangen-spannzangenfutter-a\/"]}]},{"@type":"ImageObject","inLanguage":"pl-PL","@id":"https:\/\/pewetools.de\/shop\/kategoria-produktu\/aufnahme-fuer-er25-spannzangen-spannzangenfutter-a\/#primaryimage","url":"https:\/\/pewetools.de\/wp-content\/uploads\/2022\/01\/ER25-A-200-Kopie.jpg","contentUrl":"https:\/\/pewetools.de\/wp-content\/uploads\/2022\/01\/ER25-A-200-Kopie.jpg","width":1575,"height":819},{"@type":"BreadcrumbList","@id":"https:\/\/pewetools.de\/shop\/kategoria-produktu\/aufnahme-fuer-er25-spannzangen-spannzangenfutter-a\/#breadcrumb","itemListElement":[{"@type":"ListItem","position":1,"name":"dom","item":"https:\/\/pewetools.de\/pl\/"},{"@type":"ListItem","position":2,"name":"Shop","item":"https:\/\/pewetools.de\/pl\/shop\/"},{"@type":"ListItem","position":3,"name":"Uchwyt tulei zaciskowej ER25 A"}]},{"@type":"WebSite","@id":"https:\/\/pewetools.de\/#website","url":"https:\/\/pewetools.de\/","name":"PeWeTools Schnellwechselhalter nach System Multifix","description":"","potentialAction":[{"@type":"SearchAction","target":{"@type":"EntryPoint","urlTemplate":"https:\/\/pewetools.de\/?s={search_term_string}"},"query-input":{"@type":"PropertyValueSpecification","valueRequired":true,"valueName":"search_term_string"}}],"inLanguage":"pl-PL"}]}},"_links":{"self":[{"href":"https:\/\/pewetools.de\/pl\/wp-json\/wp\/v2\/product\/10710","targetHints":{"allow":["GET"]}}],"collection":[{"href":"https:\/\/pewetools.de\/pl\/wp-json\/wp\/v2\/product"}],"about":[{"href":"https:\/\/pewetools.de\/pl\/wp-json\/wp\/v2\/types\/product"}],"version-history":[{"count":0,"href":"https:\/\/pewetools.de\/pl\/wp-json\/wp\/v2\/product\/10710\/revisions"}],"wp:featuredmedia":[{"embeddable":true,"href":"https:\/\/pewetools.de\/pl\/wp-json\/wp\/v2\/media\/10689"}],"wp:attachment":[{"href":"https:\/\/pewetools.de\/pl\/wp-json\/wp\/v2\/media?parent=10710"}],"wp:term":[{"taxonomy":"product_brand","embeddable":true,"href":"https:\/\/pewetools.de\/pl\/wp-json\/wp\/v2\/product_brand?post=10710"},{"taxonomy":"product_cat","embeddable":true,"href":"https:\/\/pewetools.de\/pl\/wp-json\/wp\/v2\/product_cat?post=10710"},{"taxonomy":"product_tag","embeddable":true,"href":"https:\/\/pewetools.de\/pl\/wp-json\/wp\/v2\/product_tag?post=10710"}],"curies":[{"name":"wp","href":"https:\/\/api.w.org\/{rel}","templated":true}]}}