{"id":11994,"date":"2022-10-28T12:43:36","date_gmt":"2022-10-28T10:43:36","guid":{"rendered":"https:\/\/pewetools.de\/?post_type=product&#038;p=11994"},"modified":"2024-08-09T14:40:31","modified_gmt":"2024-08-09T12:40:31","slug":"uchwyt-tulei-zaciskowych-z-zestawem-tulei-zaciskowych-er25-30-80-do-multifix-a-aj3080","status":"publish","type":"product","link":"https:\/\/pewetools.de\/pl\/shop\/kategoria-produktu\/uchwyt-tulei-zaciskowych-z-zestawem-tulei-zaciskowych-er25-30-80-do-multifix-a-aj3080\/","title":{"rendered":"Uchwyt tulei zaciskowych z zestawem tulei zaciskowych ER25-30-80 do Multifix A \/ AJ3080"},"content":{"rendered":"<p>Tuleja zaciskowa PWT-ER25A<br \/>\n(trzpie\u0144 o d\u0142ugo\u015bci 80mm, \u015brednica 30mm) do Multifix rozmiar A<br \/>\nklucz hakowy<br \/>\nKomplet tulei zaciskowych ER25 od 2mm do 16mm<\/p>\n<p>(do AJ3080 mo\u017cna r\u00f3wnie\u017c zastosowa\u0107 uchwyt tulei zaciskowych ER32E30,<br \/>\nczyli tuleje zaciskowe ER32, prosz\u0119 sprawdzi\u0107 rozmiar E)<\/p>\n","protected":false},"excerpt":{"rendered":"<p>PWT-ER25A<\/p>\n","protected":false},"featured_media":11986,"template":"","meta":{"footnotes":""},"product_brand":[],"product_cat":[478],"product_tag":[],"class_list":{"0":"post-11994","1":"product","2":"type-product","3":"status-publish","4":"has-post-thumbnail","6":"product_cat-a","7":"product_shipping_class-pakiet","9":"first","10":"instock","11":"taxable","12":"shipping-taxable","13":"purchasable","14":"product-type-simple"},"yoast_head":"<!-- This site is optimized with the Yoast SEO plugin v27.1.1 - https:\/\/yoast.com\/product\/yoast-seo-wordpress\/ -->\n<title>Uchwyt tulei zaciskowych z zestawem tulei zaciskowych ER25-30-80 do Multifix A \/ AJ3080 &#8212; PeWeTools Schnellwechselhalter nach System Multifix<\/title>\n<meta name=\"robots\" content=\"index, follow, max-snippet:-1, max-image-preview:large, max-video-preview:-1\" \/>\n<link rel=\"canonical\" href=\"https:\/\/pewetools.de\/shop\/kategoria-produktu\/spannzangenhalter-mit-spannzangenset-er25-30-80-fuer-multifix-a-aj3080\/\" \/>\n<meta property=\"og:locale\" content=\"pl_PL\" \/>\n<meta property=\"og:type\" content=\"article\" \/>\n<meta property=\"og:title\" content=\"Uchwyt tulei zaciskowych z zestawem tulei zaciskowych ER25-30-80 do Multifix A \/ AJ3080 &#8212; PeWeTools Schnellwechselhalter nach System Multifix\" \/>\n<meta property=\"og:description\" content=\"PWT-ER25A\" \/>\n<meta property=\"og:url\" content=\"https:\/\/pewetools.de\/shop\/kategoria-produktu\/spannzangenhalter-mit-spannzangenset-er25-30-80-fuer-multifix-a-aj3080\/\" \/>\n<meta property=\"og:site_name\" content=\"PeWeTools Schnellwechselhalter nach System Multifix\" \/>\n<meta property=\"article:modified_time\" content=\"2024-08-09T12:40:31+00:00\" \/>\n<meta property=\"og:image\" content=\"https:\/\/pewetools.de\/wp-content\/uploads\/2022\/10\/s-l1600.jpg\" \/>\n\t<meta property=\"og:image:width\" content=\"1204\" \/>\n\t<meta property=\"og:image:height\" content=\"1600\" \/>\n\t<meta property=\"og:image:type\" content=\"image\/jpeg\" \/>\n<meta name=\"twitter:card\" content=\"summary_large_image\" \/>\n<meta name=\"twitter:label1\" content=\"Szacowany czas czytania\" \/>\n\t<meta name=\"twitter:data1\" content=\"1 minuta\" \/>\n<script type=\"application\/ld+json\" class=\"yoast-schema-graph\">{\"@context\":\"https:\/\/schema.org\",\"@graph\":[{\"@type\":\"WebPage\",\"@id\":\"https:\/\/pewetools.de\/shop\/kategoria-produktu\/spannzangenhalter-mit-spannzangenset-er25-30-80-fuer-multifix-a-aj3080\/\",\"url\":\"https:\/\/pewetools.de\/shop\/kategoria-produktu\/spannzangenhalter-mit-spannzangenset-er25-30-80-fuer-multifix-a-aj3080\/\",\"name\":\"Uchwyt tulei zaciskowych z zestawem tulei zaciskowych ER25-30-80 do Multifix A \/ AJ3080 &#8212; PeWeTools Schnellwechselhalter nach System Multifix\",\"isPartOf\":{\"@id\":\"https:\/\/pewetools.de\/#website\"},\"primaryImageOfPage\":{\"@id\":\"https:\/\/pewetools.de\/shop\/kategoria-produktu\/spannzangenhalter-mit-spannzangenset-er25-30-80-fuer-multifix-a-aj3080\/#primaryimage\"},\"image\":{\"@id\":\"https:\/\/pewetools.de\/shop\/kategoria-produktu\/spannzangenhalter-mit-spannzangenset-er25-30-80-fuer-multifix-a-aj3080\/#primaryimage\"},\"thumbnailUrl\":\"https:\/\/pewetools.de\/wp-content\/uploads\/2022\/10\/s-l1600.jpg\",\"datePublished\":\"2022-10-28T10:43:36+00:00\",\"dateModified\":\"2024-08-09T12:40:31+00:00\",\"breadcrumb\":{\"@id\":\"https:\/\/pewetools.de\/shop\/kategoria-produktu\/spannzangenhalter-mit-spannzangenset-er25-30-80-fuer-multifix-a-aj3080\/#breadcrumb\"},\"inLanguage\":\"pl-PL\",\"potentialAction\":[{\"@type\":\"ReadAction\",\"target\":[\"https:\/\/pewetools.de\/shop\/kategoria-produktu\/spannzangenhalter-mit-spannzangenset-er25-30-80-fuer-multifix-a-aj3080\/\"]}]},{\"@type\":\"ImageObject\",\"inLanguage\":\"pl-PL\",\"@id\":\"https:\/\/pewetools.de\/shop\/kategoria-produktu\/spannzangenhalter-mit-spannzangenset-er25-30-80-fuer-multifix-a-aj3080\/#primaryimage\",\"url\":\"https:\/\/pewetools.de\/wp-content\/uploads\/2022\/10\/s-l1600.jpg\",\"contentUrl\":\"https:\/\/pewetools.de\/wp-content\/uploads\/2022\/10\/s-l1600.jpg\",\"width\":1204,\"height\":1600},{\"@type\":\"BreadcrumbList\",\"@id\":\"https:\/\/pewetools.de\/shop\/kategoria-produktu\/spannzangenhalter-mit-spannzangenset-er25-30-80-fuer-multifix-a-aj3080\/#breadcrumb\",\"itemListElement\":[{\"@type\":\"ListItem\",\"position\":1,\"name\":\"dom\",\"item\":\"https:\/\/pewetools.de\/pl\/\"},{\"@type\":\"ListItem\",\"position\":2,\"name\":\"Shop\",\"item\":\"https:\/\/pewetools.de\/pl\/shop\/\"},{\"@type\":\"ListItem\",\"position\":3,\"name\":\"Uchwyt tulei zaciskowych z zestawem tulei zaciskowych ER25-30-80 do Multifix A \/ AJ3080\"}]},{\"@type\":\"WebSite\",\"@id\":\"https:\/\/pewetools.de\/#website\",\"url\":\"https:\/\/pewetools.de\/\",\"name\":\"PeWeTools Schnellwechselhalter nach System Multifix\",\"description\":\"\",\"potentialAction\":[{\"@type\":\"SearchAction\",\"target\":{\"@type\":\"EntryPoint\",\"urlTemplate\":\"https:\/\/pewetools.de\/?s={search_term_string}\"},\"query-input\":{\"@type\":\"PropertyValueSpecification\",\"valueRequired\":true,\"valueName\":\"search_term_string\"}}],\"inLanguage\":\"pl-PL\"}]}<\/script>\n<!-- \/ Yoast SEO plugin. -->","yoast_head_json":{"title":"Uchwyt tulei zaciskowych z zestawem tulei zaciskowych ER25-30-80 do Multifix A \/ AJ3080 &#8212; PeWeTools Schnellwechselhalter nach System Multifix","robots":{"index":"index","follow":"follow","max-snippet":"max-snippet:-1","max-image-preview":"max-image-preview:large","max-video-preview":"max-video-preview:-1"},"canonical":"https:\/\/pewetools.de\/shop\/kategoria-produktu\/spannzangenhalter-mit-spannzangenset-er25-30-80-fuer-multifix-a-aj3080\/","og_locale":"pl_PL","og_type":"article","og_title":"Uchwyt tulei zaciskowych z zestawem tulei zaciskowych ER25-30-80 do Multifix A \/ AJ3080 &#8212; PeWeTools Schnellwechselhalter nach System Multifix","og_description":"PWT-ER25A","og_url":"https:\/\/pewetools.de\/shop\/kategoria-produktu\/spannzangenhalter-mit-spannzangenset-er25-30-80-fuer-multifix-a-aj3080\/","og_site_name":"PeWeTools Schnellwechselhalter nach System Multifix","article_modified_time":"2024-08-09T12:40:31+00:00","og_image":[{"width":1204,"height":1600,"url":"https:\/\/pewetools.de\/wp-content\/uploads\/2022\/10\/s-l1600.jpg","type":"image\/jpeg"}],"twitter_card":"summary_large_image","twitter_misc":{"Szacowany czas czytania":"1 minuta"},"schema":{"@context":"https:\/\/schema.org","@graph":[{"@type":"WebPage","@id":"https:\/\/pewetools.de\/shop\/kategoria-produktu\/spannzangenhalter-mit-spannzangenset-er25-30-80-fuer-multifix-a-aj3080\/","url":"https:\/\/pewetools.de\/shop\/kategoria-produktu\/spannzangenhalter-mit-spannzangenset-er25-30-80-fuer-multifix-a-aj3080\/","name":"Uchwyt tulei zaciskowych z zestawem tulei zaciskowych ER25-30-80 do Multifix A \/ AJ3080 &#8212; PeWeTools Schnellwechselhalter nach System Multifix","isPartOf":{"@id":"https:\/\/pewetools.de\/#website"},"primaryImageOfPage":{"@id":"https:\/\/pewetools.de\/shop\/kategoria-produktu\/spannzangenhalter-mit-spannzangenset-er25-30-80-fuer-multifix-a-aj3080\/#primaryimage"},"image":{"@id":"https:\/\/pewetools.de\/shop\/kategoria-produktu\/spannzangenhalter-mit-spannzangenset-er25-30-80-fuer-multifix-a-aj3080\/#primaryimage"},"thumbnailUrl":"https:\/\/pewetools.de\/wp-content\/uploads\/2022\/10\/s-l1600.jpg","datePublished":"2022-10-28T10:43:36+00:00","dateModified":"2024-08-09T12:40:31+00:00","breadcrumb":{"@id":"https:\/\/pewetools.de\/shop\/kategoria-produktu\/spannzangenhalter-mit-spannzangenset-er25-30-80-fuer-multifix-a-aj3080\/#breadcrumb"},"inLanguage":"pl-PL","potentialAction":[{"@type":"ReadAction","target":["https:\/\/pewetools.de\/shop\/kategoria-produktu\/spannzangenhalter-mit-spannzangenset-er25-30-80-fuer-multifix-a-aj3080\/"]}]},{"@type":"ImageObject","inLanguage":"pl-PL","@id":"https:\/\/pewetools.de\/shop\/kategoria-produktu\/spannzangenhalter-mit-spannzangenset-er25-30-80-fuer-multifix-a-aj3080\/#primaryimage","url":"https:\/\/pewetools.de\/wp-content\/uploads\/2022\/10\/s-l1600.jpg","contentUrl":"https:\/\/pewetools.de\/wp-content\/uploads\/2022\/10\/s-l1600.jpg","width":1204,"height":1600},{"@type":"BreadcrumbList","@id":"https:\/\/pewetools.de\/shop\/kategoria-produktu\/spannzangenhalter-mit-spannzangenset-er25-30-80-fuer-multifix-a-aj3080\/#breadcrumb","itemListElement":[{"@type":"ListItem","position":1,"name":"dom","item":"https:\/\/pewetools.de\/pl\/"},{"@type":"ListItem","position":2,"name":"Shop","item":"https:\/\/pewetools.de\/pl\/shop\/"},{"@type":"ListItem","position":3,"name":"Uchwyt tulei zaciskowych z zestawem tulei zaciskowych ER25-30-80 do Multifix A \/ AJ3080"}]},{"@type":"WebSite","@id":"https:\/\/pewetools.de\/#website","url":"https:\/\/pewetools.de\/","name":"PeWeTools Schnellwechselhalter nach System Multifix","description":"","potentialAction":[{"@type":"SearchAction","target":{"@type":"EntryPoint","urlTemplate":"https:\/\/pewetools.de\/?s={search_term_string}"},"query-input":{"@type":"PropertyValueSpecification","valueRequired":true,"valueName":"search_term_string"}}],"inLanguage":"pl-PL"}]}},"_links":{"self":[{"href":"https:\/\/pewetools.de\/pl\/wp-json\/wp\/v2\/product\/11994","targetHints":{"allow":["GET"]}}],"collection":[{"href":"https:\/\/pewetools.de\/pl\/wp-json\/wp\/v2\/product"}],"about":[{"href":"https:\/\/pewetools.de\/pl\/wp-json\/wp\/v2\/types\/product"}],"version-history":[{"count":0,"href":"https:\/\/pewetools.de\/pl\/wp-json\/wp\/v2\/product\/11994\/revisions"}],"wp:featuredmedia":[{"embeddable":true,"href":"https:\/\/pewetools.de\/pl\/wp-json\/wp\/v2\/media\/11986"}],"wp:attachment":[{"href":"https:\/\/pewetools.de\/pl\/wp-json\/wp\/v2\/media?parent=11994"}],"wp:term":[{"taxonomy":"product_brand","embeddable":true,"href":"https:\/\/pewetools.de\/pl\/wp-json\/wp\/v2\/product_brand?post=11994"},{"taxonomy":"product_cat","embeddable":true,"href":"https:\/\/pewetools.de\/pl\/wp-json\/wp\/v2\/product_cat?post=11994"},{"taxonomy":"product_tag","embeddable":true,"href":"https:\/\/pewetools.de\/pl\/wp-json\/wp\/v2\/product_tag?post=11994"}],"curies":[{"name":"wp","href":"https:\/\/api.w.org\/{rel}","templated":true}]}}