{"id":12916,"date":"2023-06-06T16:23:10","date_gmt":"2023-06-06T14:23:10","guid":{"rendered":"https:\/\/pewetools.de\/?post_type=product&#038;p=12916"},"modified":"2024-08-21T16:19:12","modified_gmt":"2024-08-21T14:19:12","slug":"ostrze-19-2-do-twardych-metalowych-plyt-gtn2","status":"publish","type":"product","link":"https:\/\/pewetools.de\/pl\/shop\/kategoria-produktu\/ostrze-19-2-do-twardych-metalowych-plyt-gtn2\/","title":{"rendered":"Ostrze 19-2 do twardych metalowych p\u0142yt GTN2"},"content":{"rendered":"<p>Ostrze 19-2<\/p>\n<p>80x19x2mm<\/p>\n","protected":false},"excerpt":{"rendered":"<p>Ostrze 19-2 80x19x2mm<\/p>\n","protected":false},"featured_media":14428,"template":"","meta":{"footnotes":""},"product_brand":[],"product_cat":[485,455,478,484],"product_tag":[],"class_list":{"0":"post-12916","1":"product","2":"type-product","3":"status-publish","4":"has-post-thumbnail","6":"product_cat-aa","7":"product_cat-rozstrzeliwuja-ostrza-i-switchers","8":"product_cat-a","9":"product_cat-as","10":"product_shipping_class-pakiet","12":"first","13":"instock","14":"taxable","15":"shipping-taxable","16":"purchasable","17":"product-type-simple"},"yoast_head":"<!-- This site is optimized with the Yoast SEO plugin v27.1.1 - https:\/\/yoast.com\/product\/yoast-seo-wordpress\/ -->\n<title>Ostrze 19-2 do twardych metalowych p\u0142yt GTN2 &#8212; PeWeTools Schnellwechselhalter nach System Multifix<\/title>\n<meta name=\"description\" content=\"Teraz znajd\u017a jeszcze wi\u0119cej pasuj\u0105cych akcesori\u00f3w i cz\u0119\u015bci zamiennych do systemu uchwytu szybkiej wymiany Multifix. Zatrzymaj si\u0119 ju\u017c teraz!\" \/>\n<meta name=\"robots\" content=\"index, follow, max-snippet:-1, max-image-preview:large, max-video-preview:-1\" \/>\n<link rel=\"canonical\" href=\"https:\/\/pewetools.de\/shop\/kategoria-produktu\/abstechschwert-19-2-fuer-hartmetallplatten-gtn2\/\" \/>\n<meta property=\"og:locale\" content=\"pl_PL\" \/>\n<meta property=\"og:type\" content=\"article\" \/>\n<meta property=\"og:title\" content=\"Ostrze 19-2 do twardych metalowych p\u0142yt GTN2 &#8212; PeWeTools Schnellwechselhalter nach System Multifix\" \/>\n<meta property=\"og:description\" content=\"Teraz znajd\u017a jeszcze wi\u0119cej pasuj\u0105cych akcesori\u00f3w i cz\u0119\u015bci zamiennych do systemu uchwytu szybkiej wymiany Multifix. Zatrzymaj si\u0119 ju\u017c teraz!\" \/>\n<meta property=\"og:url\" content=\"https:\/\/pewetools.de\/shop\/kategoria-produktu\/abstechschwert-19-2-fuer-hartmetallplatten-gtn2\/\" \/>\n<meta property=\"og:site_name\" content=\"PeWeTools Schnellwechselhalter nach System Multifix\" \/>\n<meta property=\"article:modified_time\" content=\"2024-08-21T14:19:12+00:00\" \/>\n<meta property=\"og:image\" content=\"https:\/\/pewetools.de\/wp-content\/uploads\/2023\/06\/19-2.psd-neu-1.jpg\" \/>\n\t<meta property=\"og:image:width\" content=\"2200\" \/>\n\t<meta property=\"og:image:height\" content=\"1041\" \/>\n\t<meta property=\"og:image:type\" content=\"image\/jpeg\" \/>\n<meta name=\"twitter:card\" content=\"summary_large_image\" \/>\n<meta name=\"twitter:label1\" content=\"Szacowany czas czytania\" \/>\n\t<meta name=\"twitter:data1\" content=\"1 minuta\" \/>\n<script type=\"application\/ld+json\" class=\"yoast-schema-graph\">{\"@context\":\"https:\/\/schema.org\",\"@graph\":[{\"@type\":\"WebPage\",\"@id\":\"https:\/\/pewetools.de\/shop\/kategoria-produktu\/abstechschwert-19-2-fuer-hartmetallplatten-gtn2\/\",\"url\":\"https:\/\/pewetools.de\/shop\/kategoria-produktu\/abstechschwert-19-2-fuer-hartmetallplatten-gtn2\/\",\"name\":\"Ostrze 19-2 do twardych metalowych p\u0142yt GTN2 &#8212; PeWeTools Schnellwechselhalter nach System Multifix\",\"isPartOf\":{\"@id\":\"https:\/\/pewetools.de\/#website\"},\"primaryImageOfPage\":{\"@id\":\"https:\/\/pewetools.de\/shop\/kategoria-produktu\/abstechschwert-19-2-fuer-hartmetallplatten-gtn2\/#primaryimage\"},\"image\":{\"@id\":\"https:\/\/pewetools.de\/shop\/kategoria-produktu\/abstechschwert-19-2-fuer-hartmetallplatten-gtn2\/#primaryimage\"},\"thumbnailUrl\":\"https:\/\/pewetools.de\/wp-content\/uploads\/2023\/06\/19-2.psd-neu-1.jpg\",\"datePublished\":\"2023-06-06T14:23:10+00:00\",\"dateModified\":\"2024-08-21T14:19:12+00:00\",\"description\":\"Teraz znajd\u017a jeszcze wi\u0119cej pasuj\u0105cych akcesori\u00f3w i cz\u0119\u015bci zamiennych do systemu uchwytu szybkiej wymiany Multifix. Zatrzymaj si\u0119 ju\u017c teraz!\",\"breadcrumb\":{\"@id\":\"https:\/\/pewetools.de\/shop\/kategoria-produktu\/abstechschwert-19-2-fuer-hartmetallplatten-gtn2\/#breadcrumb\"},\"inLanguage\":\"pl-PL\",\"potentialAction\":[{\"@type\":\"ReadAction\",\"target\":[\"https:\/\/pewetools.de\/shop\/kategoria-produktu\/abstechschwert-19-2-fuer-hartmetallplatten-gtn2\/\"]}]},{\"@type\":\"ImageObject\",\"inLanguage\":\"pl-PL\",\"@id\":\"https:\/\/pewetools.de\/shop\/kategoria-produktu\/abstechschwert-19-2-fuer-hartmetallplatten-gtn2\/#primaryimage\",\"url\":\"https:\/\/pewetools.de\/wp-content\/uploads\/2023\/06\/19-2.psd-neu-1.jpg\",\"contentUrl\":\"https:\/\/pewetools.de\/wp-content\/uploads\/2023\/06\/19-2.psd-neu-1.jpg\",\"width\":2200,\"height\":1041},{\"@type\":\"BreadcrumbList\",\"@id\":\"https:\/\/pewetools.de\/shop\/kategoria-produktu\/abstechschwert-19-2-fuer-hartmetallplatten-gtn2\/#breadcrumb\",\"itemListElement\":[{\"@type\":\"ListItem\",\"position\":1,\"name\":\"dom\",\"item\":\"https:\/\/pewetools.de\/pl\/\"},{\"@type\":\"ListItem\",\"position\":2,\"name\":\"Shop\",\"item\":\"https:\/\/pewetools.de\/pl\/shop\/\"},{\"@type\":\"ListItem\",\"position\":3,\"name\":\"Ostrze 19-2 do twardych metalowych p\u0142yt GTN2\"}]},{\"@type\":\"WebSite\",\"@id\":\"https:\/\/pewetools.de\/#website\",\"url\":\"https:\/\/pewetools.de\/\",\"name\":\"PeWeTools Schnellwechselhalter nach System Multifix\",\"description\":\"\",\"potentialAction\":[{\"@type\":\"SearchAction\",\"target\":{\"@type\":\"EntryPoint\",\"urlTemplate\":\"https:\/\/pewetools.de\/?s={search_term_string}\"},\"query-input\":{\"@type\":\"PropertyValueSpecification\",\"valueRequired\":true,\"valueName\":\"search_term_string\"}}],\"inLanguage\":\"pl-PL\"}]}<\/script>\n<!-- \/ Yoast SEO plugin. -->","yoast_head_json":{"title":"Ostrze 19-2 do twardych metalowych p\u0142yt GTN2 &#8212; PeWeTools Schnellwechselhalter nach System Multifix","description":"Teraz znajd\u017a jeszcze wi\u0119cej pasuj\u0105cych akcesori\u00f3w i cz\u0119\u015bci zamiennych do systemu uchwytu szybkiej wymiany Multifix. Zatrzymaj si\u0119 ju\u017c teraz!","robots":{"index":"index","follow":"follow","max-snippet":"max-snippet:-1","max-image-preview":"max-image-preview:large","max-video-preview":"max-video-preview:-1"},"canonical":"https:\/\/pewetools.de\/shop\/kategoria-produktu\/abstechschwert-19-2-fuer-hartmetallplatten-gtn2\/","og_locale":"pl_PL","og_type":"article","og_title":"Ostrze 19-2 do twardych metalowych p\u0142yt GTN2 &#8212; PeWeTools Schnellwechselhalter nach System Multifix","og_description":"Teraz znajd\u017a jeszcze wi\u0119cej pasuj\u0105cych akcesori\u00f3w i cz\u0119\u015bci zamiennych do systemu uchwytu szybkiej wymiany Multifix. Zatrzymaj si\u0119 ju\u017c teraz!","og_url":"https:\/\/pewetools.de\/shop\/kategoria-produktu\/abstechschwert-19-2-fuer-hartmetallplatten-gtn2\/","og_site_name":"PeWeTools Schnellwechselhalter nach System Multifix","article_modified_time":"2024-08-21T14:19:12+00:00","og_image":[{"width":2200,"height":1041,"url":"https:\/\/pewetools.de\/wp-content\/uploads\/2023\/06\/19-2.psd-neu-1.jpg","type":"image\/jpeg"}],"twitter_card":"summary_large_image","twitter_misc":{"Szacowany czas czytania":"1 minuta"},"schema":{"@context":"https:\/\/schema.org","@graph":[{"@type":"WebPage","@id":"https:\/\/pewetools.de\/shop\/kategoria-produktu\/abstechschwert-19-2-fuer-hartmetallplatten-gtn2\/","url":"https:\/\/pewetools.de\/shop\/kategoria-produktu\/abstechschwert-19-2-fuer-hartmetallplatten-gtn2\/","name":"Ostrze 19-2 do twardych metalowych p\u0142yt GTN2 &#8212; PeWeTools Schnellwechselhalter nach System Multifix","isPartOf":{"@id":"https:\/\/pewetools.de\/#website"},"primaryImageOfPage":{"@id":"https:\/\/pewetools.de\/shop\/kategoria-produktu\/abstechschwert-19-2-fuer-hartmetallplatten-gtn2\/#primaryimage"},"image":{"@id":"https:\/\/pewetools.de\/shop\/kategoria-produktu\/abstechschwert-19-2-fuer-hartmetallplatten-gtn2\/#primaryimage"},"thumbnailUrl":"https:\/\/pewetools.de\/wp-content\/uploads\/2023\/06\/19-2.psd-neu-1.jpg","datePublished":"2023-06-06T14:23:10+00:00","dateModified":"2024-08-21T14:19:12+00:00","description":"Teraz znajd\u017a jeszcze wi\u0119cej pasuj\u0105cych akcesori\u00f3w i cz\u0119\u015bci zamiennych do systemu uchwytu szybkiej wymiany Multifix. Zatrzymaj si\u0119 ju\u017c teraz!","breadcrumb":{"@id":"https:\/\/pewetools.de\/shop\/kategoria-produktu\/abstechschwert-19-2-fuer-hartmetallplatten-gtn2\/#breadcrumb"},"inLanguage":"pl-PL","potentialAction":[{"@type":"ReadAction","target":["https:\/\/pewetools.de\/shop\/kategoria-produktu\/abstechschwert-19-2-fuer-hartmetallplatten-gtn2\/"]}]},{"@type":"ImageObject","inLanguage":"pl-PL","@id":"https:\/\/pewetools.de\/shop\/kategoria-produktu\/abstechschwert-19-2-fuer-hartmetallplatten-gtn2\/#primaryimage","url":"https:\/\/pewetools.de\/wp-content\/uploads\/2023\/06\/19-2.psd-neu-1.jpg","contentUrl":"https:\/\/pewetools.de\/wp-content\/uploads\/2023\/06\/19-2.psd-neu-1.jpg","width":2200,"height":1041},{"@type":"BreadcrumbList","@id":"https:\/\/pewetools.de\/shop\/kategoria-produktu\/abstechschwert-19-2-fuer-hartmetallplatten-gtn2\/#breadcrumb","itemListElement":[{"@type":"ListItem","position":1,"name":"dom","item":"https:\/\/pewetools.de\/pl\/"},{"@type":"ListItem","position":2,"name":"Shop","item":"https:\/\/pewetools.de\/pl\/shop\/"},{"@type":"ListItem","position":3,"name":"Ostrze 19-2 do twardych metalowych p\u0142yt GTN2"}]},{"@type":"WebSite","@id":"https:\/\/pewetools.de\/#website","url":"https:\/\/pewetools.de\/","name":"PeWeTools Schnellwechselhalter nach System Multifix","description":"","potentialAction":[{"@type":"SearchAction","target":{"@type":"EntryPoint","urlTemplate":"https:\/\/pewetools.de\/?s={search_term_string}"},"query-input":{"@type":"PropertyValueSpecification","valueRequired":true,"valueName":"search_term_string"}}],"inLanguage":"pl-PL"}]}},"_links":{"self":[{"href":"https:\/\/pewetools.de\/pl\/wp-json\/wp\/v2\/product\/12916","targetHints":{"allow":["GET"]}}],"collection":[{"href":"https:\/\/pewetools.de\/pl\/wp-json\/wp\/v2\/product"}],"about":[{"href":"https:\/\/pewetools.de\/pl\/wp-json\/wp\/v2\/types\/product"}],"version-history":[{"count":1,"href":"https:\/\/pewetools.de\/pl\/wp-json\/wp\/v2\/product\/12916\/revisions"}],"predecessor-version":[{"id":12931,"href":"https:\/\/pewetools.de\/pl\/wp-json\/wp\/v2\/product\/12916\/revisions\/12931"}],"wp:featuredmedia":[{"embeddable":true,"href":"https:\/\/pewetools.de\/pl\/wp-json\/wp\/v2\/media\/14428"}],"wp:attachment":[{"href":"https:\/\/pewetools.de\/pl\/wp-json\/wp\/v2\/media?parent=12916"}],"wp:term":[{"taxonomy":"product_brand","embeddable":true,"href":"https:\/\/pewetools.de\/pl\/wp-json\/wp\/v2\/product_brand?post=12916"},{"taxonomy":"product_cat","embeddable":true,"href":"https:\/\/pewetools.de\/pl\/wp-json\/wp\/v2\/product_cat?post=12916"},{"taxonomy":"product_tag","embeddable":true,"href":"https:\/\/pewetools.de\/pl\/wp-json\/wp\/v2\/product_tag?post=12916"}],"curies":[{"name":"wp","href":"https:\/\/api.w.org\/{rel}","templated":true}]}}