{"id":13248,"date":"2023-07-24T13:18:18","date_gmt":"2023-07-24T11:18:18","guid":{"rendered":"https:\/\/pewetools.de\/?post_type=product&#038;p=13248"},"modified":"2024-01-26T13:49:50","modified_gmt":"2024-01-26T12:49:50","slug":"suwmiarka-cyfrowa-sino-800-mm-ip67","status":"publish","type":"product","link":"https:\/\/pewetools.de\/pl\/shop\/kategoria-produktu\/suwmiarka-cyfrowa-sino-800-mm-ip67\/","title":{"rendered":"Suwmiarka cyfrowa SINO 800 mm, IP67"},"content":{"rendered":"<h4><strong><span style=\"color: #008080;\">Nowy stopie\u0144 ochrony IP67<\/span><\/strong><\/h4>\n<p><strong><span style=\"color: #008080;\">OSTATNI ROZW\u00d3J &#8211; Wska\u017aniki montowane na statywie metod\u0105 pomiaru bezwzgl\u0119dnego<\/span><\/strong><\/p>\n<ul>\n<li>Mo\u017cliwo\u015b\u0107 podwojenia warto\u015bci<\/li>\n<li>Mo\u017cliwo\u015b\u0107 wprowadzania wielko\u015bci (PreSet)<\/li>\n<li>z zewn\u0119trznym gniazdem zasilania<\/li>\n<li>Mo\u017cliwo\u015b\u0107 zmiany kierunku liczenia +\/-<\/li>\n<li>oraz z bardzo du\u017cymi cyframi na wy\u015bwietlaczu (17 mm)<\/li>\n<\/ul>\n<p><span style=\"color: #008080;\"><strong>w tym:<\/strong><\/span><\/p>\n<ul>\n<li>1x liniowy system pomiarowy na odpowiedniej d\u0142ugo\u015bci (patrz nazwa pozycji)<\/li>\n<li>1x wy\u015bwietlacz zewn\u0119trzny<\/li>\n<li>1x baterie C2032<\/li>\n<li>wspornik monta\u017cowy<\/li>\n<li>Uchwyt \u015bcienny do wy\u015bwietlacza<\/li>\n<\/ul>\n<p>Je\u015bli kupisz dwa wska\u017aniki tego typu (d\u0142ugo\u015b\u0107 nie jest wa\u017cna) otrzymasz przew\u00f3d 1 Y do zewn\u0119trznego zasilania 2 zacisk\u00f3w z zasilaczem impulsowym<\/p>\n","protected":false},"excerpt":{"rendered":"<p>Nowy stopie\u0144 ochrony IP67 OSTATNI ROZW\u00d3J &#8211; Wska\u017aniki montowane na statywie metod\u0105 pomiaru bezwzgl\u0119dnego Mo\u017cliwo\u015b\u0107 podwojenia warto\u015bci Mo\u017cliwo\u015b\u0107 wprowadzania wielko\u015bci (PreSet) z zewn\u0119trznym gniazdem zasilania Mo\u017cliwo\u015b\u0107 zmiany kierunku liczenia +\/- oraz z bardzo du\u017cymi cyframi na wy\u015bwietlaczu (17 mm) w tym: 1x liniowy system pomiarowy na odpowiedniej d\u0142ugo\u015bci (patrz nazwa pozycji) 1x wy\u015bwietlacz zewn\u0119trzny 1x [&hellip;]<\/p>\n","protected":false},"featured_media":13190,"template":"","meta":{"footnotes":""},"product_brand":[],"product_cat":[465],"product_tag":[817,867,868,869],"class_list":{"0":"post-13248","1":"product","2":"type-product","3":"status-publish","4":"has-post-thumbnail","6":"product_cat-technologia-pomiaru-i-testowania","7":"product_tag-tokarka","8":"product_tag-suwmiarka","9":"product_tag-urzadzenie-pomiarowe","10":"product_tag-cyfrowy-wyswietlacz","11":"product_shipping_class-pakiet","13":"first","14":"instock","15":"taxable","16":"shipping-taxable","17":"purchasable","18":"product-type-simple"},"yoast_head":"<!-- This site is optimized with the Yoast SEO plugin v27.1.1 - https:\/\/yoast.com\/product\/yoast-seo-wordpress\/ -->\n<title>Cyfrowy wy\u015bwietlacz wymiarowy<\/title>\n<meta name=\"robots\" content=\"index, follow, max-snippet:-1, max-image-preview:large, max-video-preview:-1\" \/>\n<link rel=\"canonical\" href=\"https:\/\/pewetools.de\/pl\/shop\/kategoria-produktu\/suwmiarka-cyfrowa-sino-800-mm-ip67\/\" \/>\n<meta property=\"og:locale\" content=\"pl_PL\" \/>\n<meta property=\"og:type\" content=\"article\" \/>\n<meta property=\"og:title\" content=\"Cyfrowy wy\u015bwietlacz wymiarowy\" \/>\n<meta property=\"og:description\" content=\"Nowy stopie\u0144 ochrony IP67 OSTATNI ROZW\u00d3J &#8211; Wska\u017aniki montowane na statywie metod\u0105 pomiaru bezwzgl\u0119dnego Mo\u017cliwo\u015b\u0107 podwojenia warto\u015bci Mo\u017cliwo\u015b\u0107 wprowadzania wielko\u015bci (PreSet) z zewn\u0119trznym gniazdem zasilania Mo\u017cliwo\u015b\u0107 zmiany kierunku liczenia +\/- oraz z bardzo du\u017cymi cyframi na wy\u015bwietlaczu (17 mm) w tym: 1x liniowy system pomiarowy na odpowiedniej d\u0142ugo\u015bci (patrz nazwa pozycji) 1x wy\u015bwietlacz zewn\u0119trzny 1x [&hellip;]\" \/>\n<meta property=\"og:url\" content=\"https:\/\/pewetools.de\/pl\/shop\/kategoria-produktu\/suwmiarka-cyfrowa-sino-800-mm-ip67\/\" \/>\n<meta property=\"og:site_name\" content=\"PeWeTools Schnellwechselhalter nach System Multifix\" \/>\n<meta property=\"article:modified_time\" content=\"2024-01-26T12:49:50+00:00\" \/>\n<meta property=\"og:image\" content=\"https:\/\/pewetools.de\/wp-content\/uploads\/2023\/07\/HD-Scale2-Kopie-1-neu.jpg\" \/>\n\t<meta property=\"og:image:width\" content=\"1969\" \/>\n\t<meta property=\"og:image:height\" content=\"1034\" \/>\n\t<meta property=\"og:image:type\" content=\"image\/jpeg\" \/>\n<meta name=\"twitter:card\" content=\"summary_large_image\" \/>\n<meta name=\"twitter:label1\" content=\"Szacowany czas czytania\" \/>\n\t<meta name=\"twitter:data1\" content=\"1 minuta\" \/>\n<script type=\"application\/ld+json\" class=\"yoast-schema-graph\">{\"@context\":\"https:\/\/schema.org\",\"@graph\":[{\"@type\":\"WebPage\",\"@id\":\"https:\/\/pewetools.de\/pl\/shop\/kategoria-produktu\/suwmiarka-cyfrowa-sino-800-mm-ip67\/\",\"url\":\"https:\/\/pewetools.de\/pl\/shop\/kategoria-produktu\/suwmiarka-cyfrowa-sino-800-mm-ip67\/\",\"name\":\"Cyfrowy wy\u015bwietlacz wymiarowy\",\"isPartOf\":{\"@id\":\"https:\/\/pewetools.de\/#website\"},\"primaryImageOfPage\":{\"@id\":\"https:\/\/pewetools.de\/pl\/shop\/kategoria-produktu\/suwmiarka-cyfrowa-sino-800-mm-ip67\/#primaryimage\"},\"image\":{\"@id\":\"https:\/\/pewetools.de\/pl\/shop\/kategoria-produktu\/suwmiarka-cyfrowa-sino-800-mm-ip67\/#primaryimage\"},\"thumbnailUrl\":\"https:\/\/pewetools.de\/wp-content\/uploads\/2023\/07\/HD-Scale2-Kopie-1-neu.jpg\",\"datePublished\":\"2023-07-24T11:18:18+00:00\",\"dateModified\":\"2024-01-26T12:49:50+00:00\",\"breadcrumb\":{\"@id\":\"https:\/\/pewetools.de\/pl\/shop\/kategoria-produktu\/suwmiarka-cyfrowa-sino-800-mm-ip67\/#breadcrumb\"},\"inLanguage\":\"pl-PL\",\"potentialAction\":[{\"@type\":\"ReadAction\",\"target\":[\"https:\/\/pewetools.de\/pl\/shop\/kategoria-produktu\/suwmiarka-cyfrowa-sino-800-mm-ip67\/\"]}]},{\"@type\":\"ImageObject\",\"inLanguage\":\"pl-PL\",\"@id\":\"https:\/\/pewetools.de\/pl\/shop\/kategoria-produktu\/suwmiarka-cyfrowa-sino-800-mm-ip67\/#primaryimage\",\"url\":\"https:\/\/pewetools.de\/wp-content\/uploads\/2023\/07\/HD-Scale2-Kopie-1-neu.jpg\",\"contentUrl\":\"https:\/\/pewetools.de\/wp-content\/uploads\/2023\/07\/HD-Scale2-Kopie-1-neu.jpg\",\"width\":1969,\"height\":1034},{\"@type\":\"BreadcrumbList\",\"@id\":\"https:\/\/pewetools.de\/pl\/shop\/kategoria-produktu\/suwmiarka-cyfrowa-sino-800-mm-ip67\/#breadcrumb\",\"itemListElement\":[{\"@type\":\"ListItem\",\"position\":1,\"name\":\"dom\",\"item\":\"https:\/\/pewetools.de\/pl\/\"},{\"@type\":\"ListItem\",\"position\":2,\"name\":\"Shop\",\"item\":\"https:\/\/pewetools.de\/pl\/shop\/\"},{\"@type\":\"ListItem\",\"position\":3,\"name\":\"Suwmiarka cyfrowa SINO 800 mm, IP67\"}]},{\"@type\":\"WebSite\",\"@id\":\"https:\/\/pewetools.de\/#website\",\"url\":\"https:\/\/pewetools.de\/\",\"name\":\"PeWeTools Schnellwechselhalter nach System Multifix\",\"description\":\"\",\"potentialAction\":[{\"@type\":\"SearchAction\",\"target\":{\"@type\":\"EntryPoint\",\"urlTemplate\":\"https:\/\/pewetools.de\/?s={search_term_string}\"},\"query-input\":{\"@type\":\"PropertyValueSpecification\",\"valueRequired\":true,\"valueName\":\"search_term_string\"}}],\"inLanguage\":\"pl-PL\"}]}<\/script>\n<!-- \/ Yoast SEO plugin. -->","yoast_head_json":{"title":"Cyfrowy wy\u015bwietlacz wymiarowy","robots":{"index":"index","follow":"follow","max-snippet":"max-snippet:-1","max-image-preview":"max-image-preview:large","max-video-preview":"max-video-preview:-1"},"canonical":"https:\/\/pewetools.de\/pl\/shop\/kategoria-produktu\/suwmiarka-cyfrowa-sino-800-mm-ip67\/","og_locale":"pl_PL","og_type":"article","og_title":"Cyfrowy wy\u015bwietlacz wymiarowy","og_description":"Nowy stopie\u0144 ochrony IP67 OSTATNI ROZW\u00d3J &#8211; Wska\u017aniki montowane na statywie metod\u0105 pomiaru bezwzgl\u0119dnego Mo\u017cliwo\u015b\u0107 podwojenia warto\u015bci Mo\u017cliwo\u015b\u0107 wprowadzania wielko\u015bci (PreSet) z zewn\u0119trznym gniazdem zasilania Mo\u017cliwo\u015b\u0107 zmiany kierunku liczenia +\/- oraz z bardzo du\u017cymi cyframi na wy\u015bwietlaczu (17 mm) w tym: 1x liniowy system pomiarowy na odpowiedniej d\u0142ugo\u015bci (patrz nazwa pozycji) 1x wy\u015bwietlacz zewn\u0119trzny 1x [&hellip;]","og_url":"https:\/\/pewetools.de\/pl\/shop\/kategoria-produktu\/suwmiarka-cyfrowa-sino-800-mm-ip67\/","og_site_name":"PeWeTools Schnellwechselhalter nach System Multifix","article_modified_time":"2024-01-26T12:49:50+00:00","og_image":[{"width":1969,"height":1034,"url":"https:\/\/pewetools.de\/wp-content\/uploads\/2023\/07\/HD-Scale2-Kopie-1-neu.jpg","type":"image\/jpeg"}],"twitter_card":"summary_large_image","twitter_misc":{"Szacowany czas czytania":"1 minuta"},"schema":{"@context":"https:\/\/schema.org","@graph":[{"@type":"WebPage","@id":"https:\/\/pewetools.de\/pl\/shop\/kategoria-produktu\/suwmiarka-cyfrowa-sino-800-mm-ip67\/","url":"https:\/\/pewetools.de\/pl\/shop\/kategoria-produktu\/suwmiarka-cyfrowa-sino-800-mm-ip67\/","name":"Cyfrowy wy\u015bwietlacz wymiarowy","isPartOf":{"@id":"https:\/\/pewetools.de\/#website"},"primaryImageOfPage":{"@id":"https:\/\/pewetools.de\/pl\/shop\/kategoria-produktu\/suwmiarka-cyfrowa-sino-800-mm-ip67\/#primaryimage"},"image":{"@id":"https:\/\/pewetools.de\/pl\/shop\/kategoria-produktu\/suwmiarka-cyfrowa-sino-800-mm-ip67\/#primaryimage"},"thumbnailUrl":"https:\/\/pewetools.de\/wp-content\/uploads\/2023\/07\/HD-Scale2-Kopie-1-neu.jpg","datePublished":"2023-07-24T11:18:18+00:00","dateModified":"2024-01-26T12:49:50+00:00","breadcrumb":{"@id":"https:\/\/pewetools.de\/pl\/shop\/kategoria-produktu\/suwmiarka-cyfrowa-sino-800-mm-ip67\/#breadcrumb"},"inLanguage":"pl-PL","potentialAction":[{"@type":"ReadAction","target":["https:\/\/pewetools.de\/pl\/shop\/kategoria-produktu\/suwmiarka-cyfrowa-sino-800-mm-ip67\/"]}]},{"@type":"ImageObject","inLanguage":"pl-PL","@id":"https:\/\/pewetools.de\/pl\/shop\/kategoria-produktu\/suwmiarka-cyfrowa-sino-800-mm-ip67\/#primaryimage","url":"https:\/\/pewetools.de\/wp-content\/uploads\/2023\/07\/HD-Scale2-Kopie-1-neu.jpg","contentUrl":"https:\/\/pewetools.de\/wp-content\/uploads\/2023\/07\/HD-Scale2-Kopie-1-neu.jpg","width":1969,"height":1034},{"@type":"BreadcrumbList","@id":"https:\/\/pewetools.de\/pl\/shop\/kategoria-produktu\/suwmiarka-cyfrowa-sino-800-mm-ip67\/#breadcrumb","itemListElement":[{"@type":"ListItem","position":1,"name":"dom","item":"https:\/\/pewetools.de\/pl\/"},{"@type":"ListItem","position":2,"name":"Shop","item":"https:\/\/pewetools.de\/pl\/shop\/"},{"@type":"ListItem","position":3,"name":"Suwmiarka cyfrowa SINO 800 mm, IP67"}]},{"@type":"WebSite","@id":"https:\/\/pewetools.de\/#website","url":"https:\/\/pewetools.de\/","name":"PeWeTools Schnellwechselhalter nach System Multifix","description":"","potentialAction":[{"@type":"SearchAction","target":{"@type":"EntryPoint","urlTemplate":"https:\/\/pewetools.de\/?s={search_term_string}"},"query-input":{"@type":"PropertyValueSpecification","valueRequired":true,"valueName":"search_term_string"}}],"inLanguage":"pl-PL"}]}},"_links":{"self":[{"href":"https:\/\/pewetools.de\/pl\/wp-json\/wp\/v2\/product\/13248","targetHints":{"allow":["GET"]}}],"collection":[{"href":"https:\/\/pewetools.de\/pl\/wp-json\/wp\/v2\/product"}],"about":[{"href":"https:\/\/pewetools.de\/pl\/wp-json\/wp\/v2\/types\/product"}],"version-history":[{"count":0,"href":"https:\/\/pewetools.de\/pl\/wp-json\/wp\/v2\/product\/13248\/revisions"}],"wp:featuredmedia":[{"embeddable":true,"href":"https:\/\/pewetools.de\/pl\/wp-json\/wp\/v2\/media\/13190"}],"wp:attachment":[{"href":"https:\/\/pewetools.de\/pl\/wp-json\/wp\/v2\/media?parent=13248"}],"wp:term":[{"taxonomy":"product_brand","embeddable":true,"href":"https:\/\/pewetools.de\/pl\/wp-json\/wp\/v2\/product_brand?post=13248"},{"taxonomy":"product_cat","embeddable":true,"href":"https:\/\/pewetools.de\/pl\/wp-json\/wp\/v2\/product_cat?post=13248"},{"taxonomy":"product_tag","embeddable":true,"href":"https:\/\/pewetools.de\/pl\/wp-json\/wp\/v2\/product_tag?post=13248"}],"curies":[{"name":"wp","href":"https:\/\/api.w.org\/{rel}","templated":true}]}}