{"id":16597,"date":"2025-06-05T15:51:19","date_gmt":"2025-06-05T13:51:19","guid":{"rendered":"https:\/\/pewetools.de\/?post_type=product&#038;p=16597"},"modified":"2025-07-04T15:35:20","modified_gmt":"2025-07-04T13:35:20","slug":"suwmiarka-sino-300-mm-bluetooth-0001mm-rozdzielczosc-stopien-ochrony-ip67","status":"publish","type":"product","link":"https:\/\/pewetools.de\/pl\/shop\/kategoria-produktu\/suwmiarka-sino-300-mm-bluetooth-0001mm-rozdzielczosc-stopien-ochrony-ip67\/","title":{"rendered":"Suwmiarka SINO 300 mm Bluetooth- 0,001mm Rozdzielczo\u015b\u0107 -stopie\u0144 ochrony IP67"},"content":{"rendered":"<h3><span style=\"color: #008080;\">Nowo\u015b\u0107:<\/span><\/h3>\n<p><strong><span style=\"color: red;\">Aby ustabilizowa\u0107 sygna\u0142 i poprawi\u0107 dok\u0142adno\u015b\u0107, nasze suwmiarki s\u0105 wyposa\u017cone w szklan\u0105 skal\u0119.<\/span><\/strong><\/p>\n<p>&#8211; Rozdzielczo\u015b\u0107 wy\u015bwietlania nie 0,01 mm, ale 0,001 mm.<\/p>\n<p>&#8211; IP67 zgodnie z DIN40050 \/ IEC 60529.<\/p>\n<p>&#8211; Interfejs Bluetooth do przesy\u0142ania danych do komputera.<\/p>\n<p>&#8211; Dalsza poprawa dok\u0142adno\u015bci (+\/- 0,01 mm).<\/p>\n<p>&#8211; Precyzyjnie szlifowane i docierane powierzchnie pomiarowe.<\/p>\n<p>&#8211; Du\u017ce, czytelne cyfry na ekranie.<\/p>\n<p>&#8211; Nadaje si\u0119 do pomiar\u00f3w wewn\u0119trznych, zewn\u0119trznych i g\u0142\u0119boko\u015bci.<\/p>\n<p>Dane techniczne<br \/>\n&#8211; Zasilanie 3 V (bateria C2032).<br \/>\n&#8211; D\u0142ugo\u015b\u0107 pomiarowa 300 mm<\/p>\n<p>Zakres dostawy<br \/>\n&#8211; Urz\u0105dzenie pomiarowe<br \/>\n&#8211; Pojemnik do przechowywania<br \/>\n&#8211; Bateria C2032<br \/>\n&#8211; Instrukcja obs\u0142ugi w j\u0119zyku niemieckim (PDF)<\/p>\n<p>&nbsp;<\/p>\n","protected":false},"excerpt":{"rendered":"<p>Suwmiarka SINO 300 mm\u00a0 Bluetooth &#8211; 0,001mm Rozdzielczo\u015b\u0107 -stopie\u0144 ochrony IP67<\/p>\n","protected":false},"featured_media":13349,"template":"","meta":{"footnotes":""},"product_brand":[],"product_cat":[465],"product_tag":[868,1217,867],"class_list":{"0":"post-16597","1":"product","2":"type-product","3":"status-publish","4":"has-post-thumbnail","6":"product_cat-technologia-pomiaru-i-testowania","7":"product_tag-urzadzenie-pomiarowe","8":"product_tag-noniusz-suwmiarka","9":"product_tag-suwmiarka","10":"product_shipping_class-pakiet","12":"first","13":"instock","14":"taxable","15":"shipping-taxable","16":"purchasable","17":"product-type-simple"},"yoast_head":"<!-- This site is optimized with the Yoast SEO plugin v27.1.1 - https:\/\/yoast.com\/product\/yoast-seo-wordpress\/ -->\n<title>Suwmiarka SINO - pewetools limited<\/title>\n<meta name=\"robots\" content=\"index, follow, max-snippet:-1, max-image-preview:large, max-video-preview:-1\" \/>\n<link rel=\"canonical\" href=\"https:\/\/pewetools.de\/pl\/shop\/kategoria-produktu\/suwmiarka-sino-300-mm-bluetooth-0001mm-rozdzielczosc-stopien-ochrony-ip67\/\" \/>\n<meta property=\"og:locale\" content=\"pl_PL\" \/>\n<meta property=\"og:type\" content=\"article\" \/>\n<meta property=\"og:title\" content=\"Suwmiarka SINO - pewetools limited\" \/>\n<meta property=\"og:description\" content=\"Suwmiarka SINO 300 mm\u00a0 Bluetooth - 0,001mm Rozdzielczo\u015b\u0107 -stopie\u0144 ochrony IP67\" \/>\n<meta property=\"og:url\" content=\"https:\/\/pewetools.de\/pl\/shop\/kategoria-produktu\/suwmiarka-sino-300-mm-bluetooth-0001mm-rozdzielczosc-stopien-ochrony-ip67\/\" \/>\n<meta property=\"og:site_name\" content=\"PeWeTools Schnellwechselhalter nach System Multifix\" \/>\n<meta property=\"article:modified_time\" content=\"2025-07-04T13:35:20+00:00\" \/>\n<meta property=\"og:image\" content=\"https:\/\/pewetools.de\/wp-content\/uploads\/2023\/07\/HD-Caliper-Kopie-1.jpg\" \/>\n\t<meta property=\"og:image:width\" content=\"2362\" \/>\n\t<meta property=\"og:image:height\" content=\"996\" \/>\n\t<meta property=\"og:image:type\" content=\"image\/jpeg\" \/>\n<meta name=\"twitter:card\" content=\"summary_large_image\" \/>\n<meta name=\"twitter:label1\" content=\"Szacowany czas czytania\" \/>\n\t<meta name=\"twitter:data1\" content=\"1 minuta\" \/>\n<script type=\"application\/ld+json\" class=\"yoast-schema-graph\">{\"@context\":\"https:\/\/schema.org\",\"@graph\":[{\"@type\":\"WebPage\",\"@id\":\"https:\/\/pewetools.de\/pl\/shop\/kategoria-produktu\/suwmiarka-sino-300-mm-bluetooth-0001mm-rozdzielczosc-stopien-ochrony-ip67\/\",\"url\":\"https:\/\/pewetools.de\/pl\/shop\/kategoria-produktu\/suwmiarka-sino-300-mm-bluetooth-0001mm-rozdzielczosc-stopien-ochrony-ip67\/\",\"name\":\"Suwmiarka SINO - pewetools limited\",\"isPartOf\":{\"@id\":\"https:\/\/pewetools.de\/#website\"},\"primaryImageOfPage\":{\"@id\":\"https:\/\/pewetools.de\/pl\/shop\/kategoria-produktu\/suwmiarka-sino-300-mm-bluetooth-0001mm-rozdzielczosc-stopien-ochrony-ip67\/#primaryimage\"},\"image\":{\"@id\":\"https:\/\/pewetools.de\/pl\/shop\/kategoria-produktu\/suwmiarka-sino-300-mm-bluetooth-0001mm-rozdzielczosc-stopien-ochrony-ip67\/#primaryimage\"},\"thumbnailUrl\":\"https:\/\/pewetools.de\/wp-content\/uploads\/2023\/07\/HD-Caliper-Kopie-1.jpg\",\"datePublished\":\"2025-06-05T13:51:19+00:00\",\"dateModified\":\"2025-07-04T13:35:20+00:00\",\"breadcrumb\":{\"@id\":\"https:\/\/pewetools.de\/pl\/shop\/kategoria-produktu\/suwmiarka-sino-300-mm-bluetooth-0001mm-rozdzielczosc-stopien-ochrony-ip67\/#breadcrumb\"},\"inLanguage\":\"pl-PL\",\"potentialAction\":[{\"@type\":\"ReadAction\",\"target\":[\"https:\/\/pewetools.de\/pl\/shop\/kategoria-produktu\/suwmiarka-sino-300-mm-bluetooth-0001mm-rozdzielczosc-stopien-ochrony-ip67\/\"]}]},{\"@type\":\"ImageObject\",\"inLanguage\":\"pl-PL\",\"@id\":\"https:\/\/pewetools.de\/pl\/shop\/kategoria-produktu\/suwmiarka-sino-300-mm-bluetooth-0001mm-rozdzielczosc-stopien-ochrony-ip67\/#primaryimage\",\"url\":\"https:\/\/pewetools.de\/wp-content\/uploads\/2023\/07\/HD-Caliper-Kopie-1.jpg\",\"contentUrl\":\"https:\/\/pewetools.de\/wp-content\/uploads\/2023\/07\/HD-Caliper-Kopie-1.jpg\",\"width\":2362,\"height\":996},{\"@type\":\"BreadcrumbList\",\"@id\":\"https:\/\/pewetools.de\/pl\/shop\/kategoria-produktu\/suwmiarka-sino-300-mm-bluetooth-0001mm-rozdzielczosc-stopien-ochrony-ip67\/#breadcrumb\",\"itemListElement\":[{\"@type\":\"ListItem\",\"position\":1,\"name\":\"dom\",\"item\":\"https:\/\/pewetools.de\/pl\/\"},{\"@type\":\"ListItem\",\"position\":2,\"name\":\"Shop\",\"item\":\"https:\/\/pewetools.de\/pl\/shop\/\"},{\"@type\":\"ListItem\",\"position\":3,\"name\":\"Suwmiarka SINO 300 mm Bluetooth- 0,001mm Rozdzielczo\u015b\u0107 -stopie\u0144 ochrony IP67\"}]},{\"@type\":\"WebSite\",\"@id\":\"https:\/\/pewetools.de\/#website\",\"url\":\"https:\/\/pewetools.de\/\",\"name\":\"PeWeTools Schnellwechselhalter nach System Multifix\",\"description\":\"\",\"potentialAction\":[{\"@type\":\"SearchAction\",\"target\":{\"@type\":\"EntryPoint\",\"urlTemplate\":\"https:\/\/pewetools.de\/?s={search_term_string}\"},\"query-input\":{\"@type\":\"PropertyValueSpecification\",\"valueRequired\":true,\"valueName\":\"search_term_string\"}}],\"inLanguage\":\"pl-PL\"}]}<\/script>\n<!-- \/ Yoast SEO plugin. -->","yoast_head_json":{"title":"Suwmiarka SINO - pewetools limited","robots":{"index":"index","follow":"follow","max-snippet":"max-snippet:-1","max-image-preview":"max-image-preview:large","max-video-preview":"max-video-preview:-1"},"canonical":"https:\/\/pewetools.de\/pl\/shop\/kategoria-produktu\/suwmiarka-sino-300-mm-bluetooth-0001mm-rozdzielczosc-stopien-ochrony-ip67\/","og_locale":"pl_PL","og_type":"article","og_title":"Suwmiarka SINO - pewetools limited","og_description":"Suwmiarka SINO 300 mm\u00a0 Bluetooth - 0,001mm Rozdzielczo\u015b\u0107 -stopie\u0144 ochrony IP67","og_url":"https:\/\/pewetools.de\/pl\/shop\/kategoria-produktu\/suwmiarka-sino-300-mm-bluetooth-0001mm-rozdzielczosc-stopien-ochrony-ip67\/","og_site_name":"PeWeTools Schnellwechselhalter nach System Multifix","article_modified_time":"2025-07-04T13:35:20+00:00","og_image":[{"width":2362,"height":996,"url":"https:\/\/pewetools.de\/wp-content\/uploads\/2023\/07\/HD-Caliper-Kopie-1.jpg","type":"image\/jpeg"}],"twitter_card":"summary_large_image","twitter_misc":{"Szacowany czas czytania":"1 minuta"},"schema":{"@context":"https:\/\/schema.org","@graph":[{"@type":"WebPage","@id":"https:\/\/pewetools.de\/pl\/shop\/kategoria-produktu\/suwmiarka-sino-300-mm-bluetooth-0001mm-rozdzielczosc-stopien-ochrony-ip67\/","url":"https:\/\/pewetools.de\/pl\/shop\/kategoria-produktu\/suwmiarka-sino-300-mm-bluetooth-0001mm-rozdzielczosc-stopien-ochrony-ip67\/","name":"Suwmiarka SINO - pewetools limited","isPartOf":{"@id":"https:\/\/pewetools.de\/#website"},"primaryImageOfPage":{"@id":"https:\/\/pewetools.de\/pl\/shop\/kategoria-produktu\/suwmiarka-sino-300-mm-bluetooth-0001mm-rozdzielczosc-stopien-ochrony-ip67\/#primaryimage"},"image":{"@id":"https:\/\/pewetools.de\/pl\/shop\/kategoria-produktu\/suwmiarka-sino-300-mm-bluetooth-0001mm-rozdzielczosc-stopien-ochrony-ip67\/#primaryimage"},"thumbnailUrl":"https:\/\/pewetools.de\/wp-content\/uploads\/2023\/07\/HD-Caliper-Kopie-1.jpg","datePublished":"2025-06-05T13:51:19+00:00","dateModified":"2025-07-04T13:35:20+00:00","breadcrumb":{"@id":"https:\/\/pewetools.de\/pl\/shop\/kategoria-produktu\/suwmiarka-sino-300-mm-bluetooth-0001mm-rozdzielczosc-stopien-ochrony-ip67\/#breadcrumb"},"inLanguage":"pl-PL","potentialAction":[{"@type":"ReadAction","target":["https:\/\/pewetools.de\/pl\/shop\/kategoria-produktu\/suwmiarka-sino-300-mm-bluetooth-0001mm-rozdzielczosc-stopien-ochrony-ip67\/"]}]},{"@type":"ImageObject","inLanguage":"pl-PL","@id":"https:\/\/pewetools.de\/pl\/shop\/kategoria-produktu\/suwmiarka-sino-300-mm-bluetooth-0001mm-rozdzielczosc-stopien-ochrony-ip67\/#primaryimage","url":"https:\/\/pewetools.de\/wp-content\/uploads\/2023\/07\/HD-Caliper-Kopie-1.jpg","contentUrl":"https:\/\/pewetools.de\/wp-content\/uploads\/2023\/07\/HD-Caliper-Kopie-1.jpg","width":2362,"height":996},{"@type":"BreadcrumbList","@id":"https:\/\/pewetools.de\/pl\/shop\/kategoria-produktu\/suwmiarka-sino-300-mm-bluetooth-0001mm-rozdzielczosc-stopien-ochrony-ip67\/#breadcrumb","itemListElement":[{"@type":"ListItem","position":1,"name":"dom","item":"https:\/\/pewetools.de\/pl\/"},{"@type":"ListItem","position":2,"name":"Shop","item":"https:\/\/pewetools.de\/pl\/shop\/"},{"@type":"ListItem","position":3,"name":"Suwmiarka SINO 300 mm Bluetooth- 0,001mm Rozdzielczo\u015b\u0107 -stopie\u0144 ochrony IP67"}]},{"@type":"WebSite","@id":"https:\/\/pewetools.de\/#website","url":"https:\/\/pewetools.de\/","name":"PeWeTools Schnellwechselhalter nach System Multifix","description":"","potentialAction":[{"@type":"SearchAction","target":{"@type":"EntryPoint","urlTemplate":"https:\/\/pewetools.de\/?s={search_term_string}"},"query-input":{"@type":"PropertyValueSpecification","valueRequired":true,"valueName":"search_term_string"}}],"inLanguage":"pl-PL"}]}},"_links":{"self":[{"href":"https:\/\/pewetools.de\/pl\/wp-json\/wp\/v2\/product\/16597","targetHints":{"allow":["GET"]}}],"collection":[{"href":"https:\/\/pewetools.de\/pl\/wp-json\/wp\/v2\/product"}],"about":[{"href":"https:\/\/pewetools.de\/pl\/wp-json\/wp\/v2\/types\/product"}],"version-history":[{"count":5,"href":"https:\/\/pewetools.de\/pl\/wp-json\/wp\/v2\/product\/16597\/revisions"}],"predecessor-version":[{"id":16933,"href":"https:\/\/pewetools.de\/pl\/wp-json\/wp\/v2\/product\/16597\/revisions\/16933"}],"wp:featuredmedia":[{"embeddable":true,"href":"https:\/\/pewetools.de\/pl\/wp-json\/wp\/v2\/media\/13349"}],"wp:attachment":[{"href":"https:\/\/pewetools.de\/pl\/wp-json\/wp\/v2\/media?parent=16597"}],"wp:term":[{"taxonomy":"product_brand","embeddable":true,"href":"https:\/\/pewetools.de\/pl\/wp-json\/wp\/v2\/product_brand?post=16597"},{"taxonomy":"product_cat","embeddable":true,"href":"https:\/\/pewetools.de\/pl\/wp-json\/wp\/v2\/product_cat?post=16597"},{"taxonomy":"product_tag","embeddable":true,"href":"https:\/\/pewetools.de\/pl\/wp-json\/wp\/v2\/product_tag?post=16597"}],"curies":[{"name":"wp","href":"https:\/\/api.w.org\/{rel}","templated":true}]}}