{"id":3459,"date":"2018-10-15T13:19:47","date_gmt":"2018-10-15T11:19:47","guid":{"rendered":"https:\/\/pewetools.de\/shop\/produkt-kategorie\/imak-szybkozmienny-cialo-aaa\/"},"modified":"2025-03-20T13:48:42","modified_gmt":"2025-03-20T12:48:42","slug":"imak-szybkozmienny-cialo-aaa","status":"publish","type":"product","link":"https:\/\/pewetools.de\/pl\/shop\/kategoria-produktu\/imak-szybkozmienny-cialo-aaa\/","title":{"rendered":"Imak szybkozmienny cia\u0142o Aaa"},"content":{"rendered":"<p>NOWY ROZW\u00d3J dla szczeg\u00f3lnie ma\u0142ych tokarek (np. Zegarmistrz\u00f3w i innych tokarek)<\/p>\n","protected":false},"excerpt":{"rendered":"<h3><span style=\"color: #008080;\">W zestawie:<\/span><\/h3>\n<ul>\n<li>podstawa Aaa (zatwierdzony dla maszyn o maksymalnej mocy. 0.75kW)<\/li>\n<li>1 D\u017awignia podnoszenia<\/li>\n<li>1 Klucz oczkowy kwadratowy<\/li>\n<\/ul>\n","protected":false},"featured_media":11208,"template":"","meta":{"footnotes":""},"product_brand":[],"product_cat":[464,515],"product_tag":[813,814,815,816,817,818,819,820],"class_list":{"0":"post-3459","1":"product","2":"type-product","3":"status-publish","4":"has-post-thumbnail","6":"product_cat-szybka-zmiana-ciala","7":"product_cat-aaa","8":"product_tag-multifix-pl","9":"product_tag-podstawa","10":"product_tag-imak-szybkozmienny","11":"product_tag-oprawka","12":"product_tag-tokarka","13":"product_tag-obrobka-metali","14":"product_tag-predkosc-stal","15":"product_tag-mlyn","16":"product_shipping_class-pakiet","18":"first","19":"instock","20":"taxable","21":"shipping-taxable","22":"purchasable","23":"product-type-simple"},"yoast_head":"<!-- This site is optimized with the Yoast SEO plugin v27.5 - https:\/\/yoast.com\/product\/yoast-seo-wordpress\/ -->\n<title>najmniejszy uchwyt szybkiej wymiany na \u015bwiecie - pewetools limited<\/title>\n<meta name=\"description\" content=\"NOWY ROZW\u00d3J dla szczeg\u00f3lnie ma\u0142ych tokarek (np. Zegarmistrz\u00f3w i innych tokarek)\" \/>\n<meta name=\"robots\" content=\"index, follow, max-snippet:-1, max-image-preview:large, max-video-preview:-1\" \/>\n<link rel=\"canonical\" href=\"https:\/\/pewetools.de\/produkt\/schnellwechselhalter-grundkoerper-aaa\/\" \/>\n<meta property=\"og:locale\" content=\"pl_PL\" \/>\n<meta property=\"og:type\" content=\"article\" \/>\n<meta property=\"og:title\" content=\"najmniejszy uchwyt szybkiej wymiany na \u015bwiecie - pewetools limited\" \/>\n<meta property=\"og:description\" content=\"NOWY ROZW\u00d3J dla szczeg\u00f3lnie ma\u0142ych tokarek (np. Zegarmistrz\u00f3w i innych tokarek)\" \/>\n<meta property=\"og:url\" content=\"https:\/\/pewetools.de\/produkt\/schnellwechselhalter-grundkoerper-aaa\/\" \/>\n<meta property=\"og:site_name\" content=\"PeWeTools Schnellwechselhalter nach System Multifix\" \/>\n<meta property=\"article:modified_time\" content=\"2025-03-20T12:48:42+00:00\" \/>\n<meta property=\"og:image\" content=\"https:\/\/pewetools.de\/wp-content\/uploads\/2018\/10\/Grundkoerper-Aaa-mit-goldenen-Knauf-2.jpg\" \/>\n\t<meta property=\"og:image:width\" content=\"996\" \/>\n\t<meta property=\"og:image:height\" content=\"769\" \/>\n\t<meta property=\"og:image:type\" content=\"image\/jpeg\" \/>\n<meta name=\"twitter:card\" content=\"summary_large_image\" \/>\n<script type=\"application\/ld+json\" class=\"yoast-schema-graph\">{\"@context\":\"https:\\\/\\\/schema.org\",\"@graph\":[{\"@type\":\"WebPage\",\"@id\":\"https:\\\/\\\/pewetools.de\\\/produkt\\\/schnellwechselhalter-grundkoerper-aaa\\\/\",\"url\":\"https:\\\/\\\/pewetools.de\\\/produkt\\\/schnellwechselhalter-grundkoerper-aaa\\\/\",\"name\":\"najmniejszy uchwyt szybkiej wymiany na \u015bwiecie - pewetools limited\",\"isPartOf\":{\"@id\":\"https:\\\/\\\/pewetools.de\\\/#website\"},\"primaryImageOfPage\":{\"@id\":\"https:\\\/\\\/pewetools.de\\\/produkt\\\/schnellwechselhalter-grundkoerper-aaa\\\/#primaryimage\"},\"image\":{\"@id\":\"https:\\\/\\\/pewetools.de\\\/produkt\\\/schnellwechselhalter-grundkoerper-aaa\\\/#primaryimage\"},\"thumbnailUrl\":\"https:\\\/\\\/pewetools.de\\\/wp-content\\\/uploads\\\/2018\\\/10\\\/Grundkoerper-Aaa-mit-goldenen-Knauf-2.jpg\",\"datePublished\":\"2018-10-15T11:19:47+00:00\",\"dateModified\":\"2025-03-20T12:48:42+00:00\",\"description\":\"NOWY ROZW\u00d3J dla szczeg\u00f3lnie ma\u0142ych tokarek (np. Zegarmistrz\u00f3w i innych tokarek)\",\"breadcrumb\":{\"@id\":\"https:\\\/\\\/pewetools.de\\\/produkt\\\/schnellwechselhalter-grundkoerper-aaa\\\/#breadcrumb\"},\"inLanguage\":\"pl-PL\",\"potentialAction\":[{\"@type\":\"ReadAction\",\"target\":[\"https:\\\/\\\/pewetools.de\\\/produkt\\\/schnellwechselhalter-grundkoerper-aaa\\\/\"]}]},{\"@type\":\"ImageObject\",\"inLanguage\":\"pl-PL\",\"@id\":\"https:\\\/\\\/pewetools.de\\\/produkt\\\/schnellwechselhalter-grundkoerper-aaa\\\/#primaryimage\",\"url\":\"https:\\\/\\\/pewetools.de\\\/wp-content\\\/uploads\\\/2018\\\/10\\\/Grundkoerper-Aaa-mit-goldenen-Knauf-2.jpg\",\"contentUrl\":\"https:\\\/\\\/pewetools.de\\\/wp-content\\\/uploads\\\/2018\\\/10\\\/Grundkoerper-Aaa-mit-goldenen-Knauf-2.jpg\",\"width\":996,\"height\":769},{\"@type\":\"BreadcrumbList\",\"@id\":\"https:\\\/\\\/pewetools.de\\\/produkt\\\/schnellwechselhalter-grundkoerper-aaa\\\/#breadcrumb\",\"itemListElement\":[{\"@type\":\"ListItem\",\"position\":1,\"name\":\"dom\",\"item\":\"https:\\\/\\\/pewetools.de\\\/pl\\\/\"},{\"@type\":\"ListItem\",\"position\":2,\"name\":\"Shop\",\"item\":\"https:\\\/\\\/pewetools.de\\\/pl\\\/shop\\\/\"},{\"@type\":\"ListItem\",\"position\":3,\"name\":\"Imak szybkozmienny cia\u0142o Aaa\"}]},{\"@type\":\"WebSite\",\"@id\":\"https:\\\/\\\/pewetools.de\\\/#website\",\"url\":\"https:\\\/\\\/pewetools.de\\\/\",\"name\":\"PeWeTools Schnellwechselhalter nach System Multifix\",\"description\":\"\",\"potentialAction\":[{\"@type\":\"SearchAction\",\"target\":{\"@type\":\"EntryPoint\",\"urlTemplate\":\"https:\\\/\\\/pewetools.de\\\/?s={search_term_string}\"},\"query-input\":{\"@type\":\"PropertyValueSpecification\",\"valueRequired\":true,\"valueName\":\"search_term_string\"}}],\"inLanguage\":\"pl-PL\"}]}<\/script>\n<!-- \/ Yoast SEO plugin. -->","yoast_head_json":{"title":"najmniejszy uchwyt szybkiej wymiany na \u015bwiecie - pewetools limited","description":"NOWY ROZW\u00d3J dla szczeg\u00f3lnie ma\u0142ych tokarek (np. Zegarmistrz\u00f3w i innych tokarek)","robots":{"index":"index","follow":"follow","max-snippet":"max-snippet:-1","max-image-preview":"max-image-preview:large","max-video-preview":"max-video-preview:-1"},"canonical":"https:\/\/pewetools.de\/produkt\/schnellwechselhalter-grundkoerper-aaa\/","og_locale":"pl_PL","og_type":"article","og_title":"najmniejszy uchwyt szybkiej wymiany na \u015bwiecie - pewetools limited","og_description":"NOWY ROZW\u00d3J dla szczeg\u00f3lnie ma\u0142ych tokarek (np. Zegarmistrz\u00f3w i innych tokarek)","og_url":"https:\/\/pewetools.de\/produkt\/schnellwechselhalter-grundkoerper-aaa\/","og_site_name":"PeWeTools Schnellwechselhalter nach System Multifix","article_modified_time":"2025-03-20T12:48:42+00:00","og_image":[{"width":996,"height":769,"url":"https:\/\/pewetools.de\/wp-content\/uploads\/2018\/10\/Grundkoerper-Aaa-mit-goldenen-Knauf-2.jpg","type":"image\/jpeg"}],"twitter_card":"summary_large_image","schema":{"@context":"https:\/\/schema.org","@graph":[{"@type":"WebPage","@id":"https:\/\/pewetools.de\/produkt\/schnellwechselhalter-grundkoerper-aaa\/","url":"https:\/\/pewetools.de\/produkt\/schnellwechselhalter-grundkoerper-aaa\/","name":"najmniejszy uchwyt szybkiej wymiany na \u015bwiecie - pewetools limited","isPartOf":{"@id":"https:\/\/pewetools.de\/#website"},"primaryImageOfPage":{"@id":"https:\/\/pewetools.de\/produkt\/schnellwechselhalter-grundkoerper-aaa\/#primaryimage"},"image":{"@id":"https:\/\/pewetools.de\/produkt\/schnellwechselhalter-grundkoerper-aaa\/#primaryimage"},"thumbnailUrl":"https:\/\/pewetools.de\/wp-content\/uploads\/2018\/10\/Grundkoerper-Aaa-mit-goldenen-Knauf-2.jpg","datePublished":"2018-10-15T11:19:47+00:00","dateModified":"2025-03-20T12:48:42+00:00","description":"NOWY ROZW\u00d3J dla szczeg\u00f3lnie ma\u0142ych tokarek (np. Zegarmistrz\u00f3w i innych tokarek)","breadcrumb":{"@id":"https:\/\/pewetools.de\/produkt\/schnellwechselhalter-grundkoerper-aaa\/#breadcrumb"},"inLanguage":"pl-PL","potentialAction":[{"@type":"ReadAction","target":["https:\/\/pewetools.de\/produkt\/schnellwechselhalter-grundkoerper-aaa\/"]}]},{"@type":"ImageObject","inLanguage":"pl-PL","@id":"https:\/\/pewetools.de\/produkt\/schnellwechselhalter-grundkoerper-aaa\/#primaryimage","url":"https:\/\/pewetools.de\/wp-content\/uploads\/2018\/10\/Grundkoerper-Aaa-mit-goldenen-Knauf-2.jpg","contentUrl":"https:\/\/pewetools.de\/wp-content\/uploads\/2018\/10\/Grundkoerper-Aaa-mit-goldenen-Knauf-2.jpg","width":996,"height":769},{"@type":"BreadcrumbList","@id":"https:\/\/pewetools.de\/produkt\/schnellwechselhalter-grundkoerper-aaa\/#breadcrumb","itemListElement":[{"@type":"ListItem","position":1,"name":"dom","item":"https:\/\/pewetools.de\/pl\/"},{"@type":"ListItem","position":2,"name":"Shop","item":"https:\/\/pewetools.de\/pl\/shop\/"},{"@type":"ListItem","position":3,"name":"Imak szybkozmienny cia\u0142o Aaa"}]},{"@type":"WebSite","@id":"https:\/\/pewetools.de\/#website","url":"https:\/\/pewetools.de\/","name":"PeWeTools Schnellwechselhalter nach System Multifix","description":"","potentialAction":[{"@type":"SearchAction","target":{"@type":"EntryPoint","urlTemplate":"https:\/\/pewetools.de\/?s={search_term_string}"},"query-input":{"@type":"PropertyValueSpecification","valueRequired":true,"valueName":"search_term_string"}}],"inLanguage":"pl-PL"}]}},"_links":{"self":[{"href":"https:\/\/pewetools.de\/pl\/wp-json\/wp\/v2\/product\/3459","targetHints":{"allow":["GET"]}}],"collection":[{"href":"https:\/\/pewetools.de\/pl\/wp-json\/wp\/v2\/product"}],"about":[{"href":"https:\/\/pewetools.de\/pl\/wp-json\/wp\/v2\/types\/product"}],"version-history":[{"count":1,"href":"https:\/\/pewetools.de\/pl\/wp-json\/wp\/v2\/product\/3459\/revisions"}],"predecessor-version":[{"id":15794,"href":"https:\/\/pewetools.de\/pl\/wp-json\/wp\/v2\/product\/3459\/revisions\/15794"}],"wp:featuredmedia":[{"embeddable":true,"href":"https:\/\/pewetools.de\/pl\/wp-json\/wp\/v2\/media\/11208"}],"wp:attachment":[{"href":"https:\/\/pewetools.de\/pl\/wp-json\/wp\/v2\/media?parent=3459"}],"wp:term":[{"taxonomy":"product_brand","embeddable":true,"href":"https:\/\/pewetools.de\/pl\/wp-json\/wp\/v2\/product_brand?post=3459"},{"taxonomy":"product_cat","embeddable":true,"href":"https:\/\/pewetools.de\/pl\/wp-json\/wp\/v2\/product_cat?post=3459"},{"taxonomy":"product_tag","embeddable":true,"href":"https:\/\/pewetools.de\/pl\/wp-json\/wp\/v2\/product_tag?post=3459"}],"curies":[{"name":"wp","href":"https:\/\/api.w.org\/{rel}","templated":true}]}}