{"id":3491,"date":"2018-10-19T13:23:00","date_gmt":"2018-10-19T11:23:00","guid":{"rendered":"https:\/\/pewetools.de\/shop\/produkt-kategorie\/uchwyt-narzedziowy-asd2060\/"},"modified":"2025-03-12T15:56:36","modified_gmt":"2025-03-12T14:56:36","slug":"uchwyt-narzedziowy-asd2060","status":"publish","type":"product","link":"https:\/\/pewetools.de\/pl\/shop\/kategoria-produktu\/uchwyt-narzedziowy-asd2060\/","title":{"rendered":"uchwyt narz\u0119dziowy ASD2060"},"content":{"rendered":"","protected":false},"excerpt":{"rendered":"","protected":false},"featured_media":6672,"template":"","meta":{"footnotes":""},"product_brand":[],"product_cat":[484],"product_tag":[815],"class_list":{"0":"post-3491","1":"product","2":"type-product","3":"status-publish","4":"has-post-thumbnail","6":"product_cat-as","7":"product_tag-imak-szybkozmienny","8":"product_shipping_class-pakiet","10":"first","11":"outofstock","12":"taxable","13":"shipping-taxable","14":"purchasable","15":"product-type-simple"},"yoast_head":"<!-- This site is optimized with the Yoast SEO plugin v27.1.1 - https:\/\/yoast.com\/product\/yoast-seo-wordpress\/ -->\n<title>uchwyt narz\u0119dziowy do systemu Multifix - pewetools limited<\/title>\n<meta name=\"description\" content=\"Ka\u017cdy wyprodukowany dla nas uchwyt jest testowany na oryginalnym korpusie wynalazcy J.F.Minder, czyli w 100% gwarantowana jako\u015b\u0107 kontroli + kompatybilno\u015b\u0107.\" \/>\n<meta name=\"robots\" content=\"index, follow, max-snippet:-1, max-image-preview:large, max-video-preview:-1\" \/>\n<link rel=\"canonical\" href=\"https:\/\/pewetools.de\/shop\/kategoria-produktu\/drehstahlhalter-asd2060\/\" \/>\n<meta property=\"og:locale\" content=\"pl_PL\" \/>\n<meta property=\"og:type\" content=\"article\" \/>\n<meta property=\"og:title\" content=\"uchwyt narz\u0119dziowy do systemu Multifix - pewetools limited\" \/>\n<meta property=\"og:description\" content=\"Ka\u017cdy wyprodukowany dla nas uchwyt jest testowany na oryginalnym korpusie wynalazcy J.F.Minder, czyli w 100% gwarantowana jako\u015b\u0107 kontroli + kompatybilno\u015b\u0107.\" \/>\n<meta property=\"og:url\" content=\"https:\/\/pewetools.de\/shop\/kategoria-produktu\/drehstahlhalter-asd2060\/\" \/>\n<meta property=\"og:site_name\" content=\"PeWeTools Schnellwechselhalter nach System Multifix\" \/>\n<meta property=\"article:modified_time\" content=\"2025-03-12T14:56:36+00:00\" \/>\n<meta property=\"og:image\" content=\"https:\/\/pewetools.de\/wp-content\/uploads\/2018\/10\/ASD2060-Hauptbild.jpg\" \/>\n\t<meta property=\"og:image:width\" content=\"1000\" \/>\n\t<meta property=\"og:image:height\" content=\"1000\" \/>\n\t<meta property=\"og:image:type\" content=\"image\/jpeg\" \/>\n<meta name=\"twitter:card\" content=\"summary_large_image\" \/>\n<script type=\"application\/ld+json\" class=\"yoast-schema-graph\">{\"@context\":\"https:\/\/schema.org\",\"@graph\":[{\"@type\":\"WebPage\",\"@id\":\"https:\/\/pewetools.de\/shop\/kategoria-produktu\/drehstahlhalter-asd2060\/\",\"url\":\"https:\/\/pewetools.de\/shop\/kategoria-produktu\/drehstahlhalter-asd2060\/\",\"name\":\"uchwyt narz\u0119dziowy do systemu Multifix - pewetools limited\",\"isPartOf\":{\"@id\":\"https:\/\/pewetools.de\/#website\"},\"primaryImageOfPage\":{\"@id\":\"https:\/\/pewetools.de\/shop\/kategoria-produktu\/drehstahlhalter-asd2060\/#primaryimage\"},\"image\":{\"@id\":\"https:\/\/pewetools.de\/shop\/kategoria-produktu\/drehstahlhalter-asd2060\/#primaryimage\"},\"thumbnailUrl\":\"https:\/\/pewetools.de\/wp-content\/uploads\/2018\/10\/ASD2060-Hauptbild.jpg\",\"datePublished\":\"2018-10-19T11:23:00+00:00\",\"dateModified\":\"2025-03-12T14:56:36+00:00\",\"description\":\"Ka\u017cdy wyprodukowany dla nas uchwyt jest testowany na oryginalnym korpusie wynalazcy J.F.Minder, czyli w 100% gwarantowana jako\u015b\u0107 kontroli + kompatybilno\u015b\u0107.\",\"breadcrumb\":{\"@id\":\"https:\/\/pewetools.de\/shop\/kategoria-produktu\/drehstahlhalter-asd2060\/#breadcrumb\"},\"inLanguage\":\"pl-PL\",\"potentialAction\":[{\"@type\":\"ReadAction\",\"target\":[\"https:\/\/pewetools.de\/shop\/kategoria-produktu\/drehstahlhalter-asd2060\/\"]}]},{\"@type\":\"ImageObject\",\"inLanguage\":\"pl-PL\",\"@id\":\"https:\/\/pewetools.de\/shop\/kategoria-produktu\/drehstahlhalter-asd2060\/#primaryimage\",\"url\":\"https:\/\/pewetools.de\/wp-content\/uploads\/2018\/10\/ASD2060-Hauptbild.jpg\",\"contentUrl\":\"https:\/\/pewetools.de\/wp-content\/uploads\/2018\/10\/ASD2060-Hauptbild.jpg\",\"width\":1000,\"height\":1000},{\"@type\":\"BreadcrumbList\",\"@id\":\"https:\/\/pewetools.de\/shop\/kategoria-produktu\/drehstahlhalter-asd2060\/#breadcrumb\",\"itemListElement\":[{\"@type\":\"ListItem\",\"position\":1,\"name\":\"dom\",\"item\":\"https:\/\/pewetools.de\/pl\/\"},{\"@type\":\"ListItem\",\"position\":2,\"name\":\"Shop\",\"item\":\"https:\/\/pewetools.de\/pl\/shop\/\"},{\"@type\":\"ListItem\",\"position\":3,\"name\":\"uchwyt narz\u0119dziowy ASD2060\"}]},{\"@type\":\"WebSite\",\"@id\":\"https:\/\/pewetools.de\/#website\",\"url\":\"https:\/\/pewetools.de\/\",\"name\":\"PeWeTools Schnellwechselhalter nach System Multifix\",\"description\":\"\",\"potentialAction\":[{\"@type\":\"SearchAction\",\"target\":{\"@type\":\"EntryPoint\",\"urlTemplate\":\"https:\/\/pewetools.de\/?s={search_term_string}\"},\"query-input\":{\"@type\":\"PropertyValueSpecification\",\"valueRequired\":true,\"valueName\":\"search_term_string\"}}],\"inLanguage\":\"pl-PL\"}]}<\/script>\n<!-- \/ Yoast SEO plugin. -->","yoast_head_json":{"title":"uchwyt narz\u0119dziowy do systemu Multifix - pewetools limited","description":"Ka\u017cdy wyprodukowany dla nas uchwyt jest testowany na oryginalnym korpusie wynalazcy J.F.Minder, czyli w 100% gwarantowana jako\u015b\u0107 kontroli + kompatybilno\u015b\u0107.","robots":{"index":"index","follow":"follow","max-snippet":"max-snippet:-1","max-image-preview":"max-image-preview:large","max-video-preview":"max-video-preview:-1"},"canonical":"https:\/\/pewetools.de\/shop\/kategoria-produktu\/drehstahlhalter-asd2060\/","og_locale":"pl_PL","og_type":"article","og_title":"uchwyt narz\u0119dziowy do systemu Multifix - pewetools limited","og_description":"Ka\u017cdy wyprodukowany dla nas uchwyt jest testowany na oryginalnym korpusie wynalazcy J.F.Minder, czyli w 100% gwarantowana jako\u015b\u0107 kontroli + kompatybilno\u015b\u0107.","og_url":"https:\/\/pewetools.de\/shop\/kategoria-produktu\/drehstahlhalter-asd2060\/","og_site_name":"PeWeTools Schnellwechselhalter nach System Multifix","article_modified_time":"2025-03-12T14:56:36+00:00","og_image":[{"width":1000,"height":1000,"url":"https:\/\/pewetools.de\/wp-content\/uploads\/2018\/10\/ASD2060-Hauptbild.jpg","type":"image\/jpeg"}],"twitter_card":"summary_large_image","schema":{"@context":"https:\/\/schema.org","@graph":[{"@type":"WebPage","@id":"https:\/\/pewetools.de\/shop\/kategoria-produktu\/drehstahlhalter-asd2060\/","url":"https:\/\/pewetools.de\/shop\/kategoria-produktu\/drehstahlhalter-asd2060\/","name":"uchwyt narz\u0119dziowy do systemu Multifix - pewetools limited","isPartOf":{"@id":"https:\/\/pewetools.de\/#website"},"primaryImageOfPage":{"@id":"https:\/\/pewetools.de\/shop\/kategoria-produktu\/drehstahlhalter-asd2060\/#primaryimage"},"image":{"@id":"https:\/\/pewetools.de\/shop\/kategoria-produktu\/drehstahlhalter-asd2060\/#primaryimage"},"thumbnailUrl":"https:\/\/pewetools.de\/wp-content\/uploads\/2018\/10\/ASD2060-Hauptbild.jpg","datePublished":"2018-10-19T11:23:00+00:00","dateModified":"2025-03-12T14:56:36+00:00","description":"Ka\u017cdy wyprodukowany dla nas uchwyt jest testowany na oryginalnym korpusie wynalazcy J.F.Minder, czyli w 100% gwarantowana jako\u015b\u0107 kontroli + kompatybilno\u015b\u0107.","breadcrumb":{"@id":"https:\/\/pewetools.de\/shop\/kategoria-produktu\/drehstahlhalter-asd2060\/#breadcrumb"},"inLanguage":"pl-PL","potentialAction":[{"@type":"ReadAction","target":["https:\/\/pewetools.de\/shop\/kategoria-produktu\/drehstahlhalter-asd2060\/"]}]},{"@type":"ImageObject","inLanguage":"pl-PL","@id":"https:\/\/pewetools.de\/shop\/kategoria-produktu\/drehstahlhalter-asd2060\/#primaryimage","url":"https:\/\/pewetools.de\/wp-content\/uploads\/2018\/10\/ASD2060-Hauptbild.jpg","contentUrl":"https:\/\/pewetools.de\/wp-content\/uploads\/2018\/10\/ASD2060-Hauptbild.jpg","width":1000,"height":1000},{"@type":"BreadcrumbList","@id":"https:\/\/pewetools.de\/shop\/kategoria-produktu\/drehstahlhalter-asd2060\/#breadcrumb","itemListElement":[{"@type":"ListItem","position":1,"name":"dom","item":"https:\/\/pewetools.de\/pl\/"},{"@type":"ListItem","position":2,"name":"Shop","item":"https:\/\/pewetools.de\/pl\/shop\/"},{"@type":"ListItem","position":3,"name":"uchwyt narz\u0119dziowy ASD2060"}]},{"@type":"WebSite","@id":"https:\/\/pewetools.de\/#website","url":"https:\/\/pewetools.de\/","name":"PeWeTools Schnellwechselhalter nach System Multifix","description":"","potentialAction":[{"@type":"SearchAction","target":{"@type":"EntryPoint","urlTemplate":"https:\/\/pewetools.de\/?s={search_term_string}"},"query-input":{"@type":"PropertyValueSpecification","valueRequired":true,"valueName":"search_term_string"}}],"inLanguage":"pl-PL"}]}},"_links":{"self":[{"href":"https:\/\/pewetools.de\/pl\/wp-json\/wp\/v2\/product\/3491","targetHints":{"allow":["GET"]}}],"collection":[{"href":"https:\/\/pewetools.de\/pl\/wp-json\/wp\/v2\/product"}],"about":[{"href":"https:\/\/pewetools.de\/pl\/wp-json\/wp\/v2\/types\/product"}],"version-history":[{"count":1,"href":"https:\/\/pewetools.de\/pl\/wp-json\/wp\/v2\/product\/3491\/revisions"}],"predecessor-version":[{"id":16227,"href":"https:\/\/pewetools.de\/pl\/wp-json\/wp\/v2\/product\/3491\/revisions\/16227"}],"wp:featuredmedia":[{"embeddable":true,"href":"https:\/\/pewetools.de\/pl\/wp-json\/wp\/v2\/media\/6672"}],"wp:attachment":[{"href":"https:\/\/pewetools.de\/pl\/wp-json\/wp\/v2\/media?parent=3491"}],"wp:term":[{"taxonomy":"product_brand","embeddable":true,"href":"https:\/\/pewetools.de\/pl\/wp-json\/wp\/v2\/product_brand?post=3491"},{"taxonomy":"product_cat","embeddable":true,"href":"https:\/\/pewetools.de\/pl\/wp-json\/wp\/v2\/product_cat?post=3491"},{"taxonomy":"product_tag","embeddable":true,"href":"https:\/\/pewetools.de\/pl\/wp-json\/wp\/v2\/product_tag?post=3491"}],"curies":[{"name":"wp","href":"https:\/\/api.w.org\/{rel}","templated":true}]}}