{"id":3515,"date":"2018-10-17T13:32:53","date_gmt":"2018-10-17T11:32:53","guid":{"rendered":"https:\/\/pewetools.de\/shop\/produkt-kategorie\/imak-szybkozmienny-korpus-a\/"},"modified":"2023-01-17T14:37:47","modified_gmt":"2023-01-17T13:37:47","slug":"imak-szybkozmienny-korpus-a","status":"publish","type":"product","link":"https:\/\/pewetools.de\/pl\/shop\/kategoria-produktu\/imak-szybkozmienny-korpus-a\/","title":{"rendered":"Imak szybkozmienny korpus A"},"content":{"rendered":"","protected":false},"excerpt":{"rendered":"<p><span class=\"tlid-translation translation\"><span title=\"\">W zestawie:<\/span><\/p>\n<p><span title=\"\">1 g\u0142\u00f3wny korpus A (zatwierdzony dla maszyn o maksymalnej mocy 2.2 kW)<\/span><br \/>\n<span title=\"\">1 d\u017awignia napinaj\u0105ca<\/span><br \/>\n<span class=\"\" title=\"\">1 kwadratowy klucz nasadowy<\/span><\/span><\/p>\n","protected":false},"featured_media":6244,"template":"","meta":{"footnotes":""},"product_brand":[],"product_cat":[464,478],"product_tag":[813,814,815,816,817,818,819,820],"class_list":{"0":"post-3515","1":"product","2":"type-product","3":"status-publish","4":"has-post-thumbnail","6":"product_cat-szybka-zmiana-ciala","7":"product_cat-a","8":"product_tag-multifix-pl","9":"product_tag-podstawa","10":"product_tag-imak-szybkozmienny","11":"product_tag-oprawka","12":"product_tag-tokarka","13":"product_tag-obrobka-metali","14":"product_tag-predkosc-stal","15":"product_tag-mlyn","16":"product_shipping_class-pakiet","18":"first","19":"instock","20":"taxable","21":"shipping-taxable","22":"purchasable","23":"product-type-simple"},"yoast_head":"<!-- This site is optimized with the Yoast SEO plugin v27.1.1 - https:\/\/yoast.com\/product\/yoast-seo-wordpress\/ -->\n<title>Imak szybkozmienny korpus - pewetools limited<\/title>\n<meta name=\"robots\" content=\"index, follow, max-snippet:-1, max-image-preview:large, max-video-preview:-1\" \/>\n<link rel=\"canonical\" href=\"https:\/\/pewetools.de\/shop\/kategoria-produktu\/schnellwechselhalter-grundkoerper-a\/\" \/>\n<meta property=\"og:locale\" content=\"pl_PL\" \/>\n<meta property=\"og:type\" content=\"article\" \/>\n<meta property=\"og:title\" content=\"Imak szybkozmienny korpus - pewetools limited\" \/>\n<meta property=\"og:description\" content=\"W zestawie:  1 g\u0142\u00f3wny korpus A (zatwierdzony dla maszyn o maksymalnej mocy 2.2 kW) 1 d\u017awignia napinaj\u0105ca 1 kwadratowy klucz nasadowy\" \/>\n<meta property=\"og:url\" content=\"https:\/\/pewetools.de\/shop\/kategoria-produktu\/schnellwechselhalter-grundkoerper-a\/\" \/>\n<meta property=\"og:site_name\" content=\"PeWeTools Schnellwechselhalter nach System Multifix\" \/>\n<meta property=\"article:modified_time\" content=\"2023-01-17T13:37:47+00:00\" \/>\n<meta property=\"og:image\" content=\"https:\/\/pewetools.de\/wp-content\/uploads\/2018\/10\/GK-A-neu-Hauptbild.jpg\" \/>\n\t<meta property=\"og:image:width\" content=\"1000\" \/>\n\t<meta property=\"og:image:height\" content=\"1000\" \/>\n\t<meta property=\"og:image:type\" content=\"image\/jpeg\" \/>\n<meta name=\"twitter:card\" content=\"summary_large_image\" \/>\n<script type=\"application\/ld+json\" class=\"yoast-schema-graph\">{\"@context\":\"https:\/\/schema.org\",\"@graph\":[{\"@type\":\"WebPage\",\"@id\":\"https:\/\/pewetools.de\/shop\/kategoria-produktu\/schnellwechselhalter-grundkoerper-a\/\",\"url\":\"https:\/\/pewetools.de\/shop\/kategoria-produktu\/schnellwechselhalter-grundkoerper-a\/\",\"name\":\"Imak szybkozmienny korpus - pewetools limited\",\"isPartOf\":{\"@id\":\"https:\/\/pewetools.de\/#website\"},\"primaryImageOfPage\":{\"@id\":\"https:\/\/pewetools.de\/shop\/kategoria-produktu\/schnellwechselhalter-grundkoerper-a\/#primaryimage\"},\"image\":{\"@id\":\"https:\/\/pewetools.de\/shop\/kategoria-produktu\/schnellwechselhalter-grundkoerper-a\/#primaryimage\"},\"thumbnailUrl\":\"https:\/\/pewetools.de\/wp-content\/uploads\/2018\/10\/GK-A-neu-Hauptbild.jpg\",\"datePublished\":\"2018-10-17T11:32:53+00:00\",\"dateModified\":\"2023-01-17T13:37:47+00:00\",\"breadcrumb\":{\"@id\":\"https:\/\/pewetools.de\/shop\/kategoria-produktu\/schnellwechselhalter-grundkoerper-a\/#breadcrumb\"},\"inLanguage\":\"pl-PL\",\"potentialAction\":[{\"@type\":\"ReadAction\",\"target\":[\"https:\/\/pewetools.de\/shop\/kategoria-produktu\/schnellwechselhalter-grundkoerper-a\/\"]}]},{\"@type\":\"ImageObject\",\"inLanguage\":\"pl-PL\",\"@id\":\"https:\/\/pewetools.de\/shop\/kategoria-produktu\/schnellwechselhalter-grundkoerper-a\/#primaryimage\",\"url\":\"https:\/\/pewetools.de\/wp-content\/uploads\/2018\/10\/GK-A-neu-Hauptbild.jpg\",\"contentUrl\":\"https:\/\/pewetools.de\/wp-content\/uploads\/2018\/10\/GK-A-neu-Hauptbild.jpg\",\"width\":1000,\"height\":1000},{\"@type\":\"BreadcrumbList\",\"@id\":\"https:\/\/pewetools.de\/shop\/kategoria-produktu\/schnellwechselhalter-grundkoerper-a\/#breadcrumb\",\"itemListElement\":[{\"@type\":\"ListItem\",\"position\":1,\"name\":\"dom\",\"item\":\"https:\/\/pewetools.de\/pl\/\"},{\"@type\":\"ListItem\",\"position\":2,\"name\":\"Shop\",\"item\":\"https:\/\/pewetools.de\/pl\/shop\/\"},{\"@type\":\"ListItem\",\"position\":3,\"name\":\"Imak szybkozmienny korpus A\"}]},{\"@type\":\"WebSite\",\"@id\":\"https:\/\/pewetools.de\/#website\",\"url\":\"https:\/\/pewetools.de\/\",\"name\":\"PeWeTools Schnellwechselhalter nach System Multifix\",\"description\":\"\",\"potentialAction\":[{\"@type\":\"SearchAction\",\"target\":{\"@type\":\"EntryPoint\",\"urlTemplate\":\"https:\/\/pewetools.de\/?s={search_term_string}\"},\"query-input\":{\"@type\":\"PropertyValueSpecification\",\"valueRequired\":true,\"valueName\":\"search_term_string\"}}],\"inLanguage\":\"pl-PL\"}]}<\/script>\n<!-- \/ Yoast SEO plugin. -->","yoast_head_json":{"title":"Imak szybkozmienny korpus - pewetools limited","robots":{"index":"index","follow":"follow","max-snippet":"max-snippet:-1","max-image-preview":"max-image-preview:large","max-video-preview":"max-video-preview:-1"},"canonical":"https:\/\/pewetools.de\/shop\/kategoria-produktu\/schnellwechselhalter-grundkoerper-a\/","og_locale":"pl_PL","og_type":"article","og_title":"Imak szybkozmienny korpus - pewetools limited","og_description":"W zestawie:  1 g\u0142\u00f3wny korpus A (zatwierdzony dla maszyn o maksymalnej mocy 2.2 kW) 1 d\u017awignia napinaj\u0105ca 1 kwadratowy klucz nasadowy","og_url":"https:\/\/pewetools.de\/shop\/kategoria-produktu\/schnellwechselhalter-grundkoerper-a\/","og_site_name":"PeWeTools Schnellwechselhalter nach System Multifix","article_modified_time":"2023-01-17T13:37:47+00:00","og_image":[{"width":1000,"height":1000,"url":"https:\/\/pewetools.de\/wp-content\/uploads\/2018\/10\/GK-A-neu-Hauptbild.jpg","type":"image\/jpeg"}],"twitter_card":"summary_large_image","schema":{"@context":"https:\/\/schema.org","@graph":[{"@type":"WebPage","@id":"https:\/\/pewetools.de\/shop\/kategoria-produktu\/schnellwechselhalter-grundkoerper-a\/","url":"https:\/\/pewetools.de\/shop\/kategoria-produktu\/schnellwechselhalter-grundkoerper-a\/","name":"Imak szybkozmienny korpus - pewetools limited","isPartOf":{"@id":"https:\/\/pewetools.de\/#website"},"primaryImageOfPage":{"@id":"https:\/\/pewetools.de\/shop\/kategoria-produktu\/schnellwechselhalter-grundkoerper-a\/#primaryimage"},"image":{"@id":"https:\/\/pewetools.de\/shop\/kategoria-produktu\/schnellwechselhalter-grundkoerper-a\/#primaryimage"},"thumbnailUrl":"https:\/\/pewetools.de\/wp-content\/uploads\/2018\/10\/GK-A-neu-Hauptbild.jpg","datePublished":"2018-10-17T11:32:53+00:00","dateModified":"2023-01-17T13:37:47+00:00","breadcrumb":{"@id":"https:\/\/pewetools.de\/shop\/kategoria-produktu\/schnellwechselhalter-grundkoerper-a\/#breadcrumb"},"inLanguage":"pl-PL","potentialAction":[{"@type":"ReadAction","target":["https:\/\/pewetools.de\/shop\/kategoria-produktu\/schnellwechselhalter-grundkoerper-a\/"]}]},{"@type":"ImageObject","inLanguage":"pl-PL","@id":"https:\/\/pewetools.de\/shop\/kategoria-produktu\/schnellwechselhalter-grundkoerper-a\/#primaryimage","url":"https:\/\/pewetools.de\/wp-content\/uploads\/2018\/10\/GK-A-neu-Hauptbild.jpg","contentUrl":"https:\/\/pewetools.de\/wp-content\/uploads\/2018\/10\/GK-A-neu-Hauptbild.jpg","width":1000,"height":1000},{"@type":"BreadcrumbList","@id":"https:\/\/pewetools.de\/shop\/kategoria-produktu\/schnellwechselhalter-grundkoerper-a\/#breadcrumb","itemListElement":[{"@type":"ListItem","position":1,"name":"dom","item":"https:\/\/pewetools.de\/pl\/"},{"@type":"ListItem","position":2,"name":"Shop","item":"https:\/\/pewetools.de\/pl\/shop\/"},{"@type":"ListItem","position":3,"name":"Imak szybkozmienny korpus A"}]},{"@type":"WebSite","@id":"https:\/\/pewetools.de\/#website","url":"https:\/\/pewetools.de\/","name":"PeWeTools Schnellwechselhalter nach System Multifix","description":"","potentialAction":[{"@type":"SearchAction","target":{"@type":"EntryPoint","urlTemplate":"https:\/\/pewetools.de\/?s={search_term_string}"},"query-input":{"@type":"PropertyValueSpecification","valueRequired":true,"valueName":"search_term_string"}}],"inLanguage":"pl-PL"}]}},"_links":{"self":[{"href":"https:\/\/pewetools.de\/pl\/wp-json\/wp\/v2\/product\/3515","targetHints":{"allow":["GET"]}}],"collection":[{"href":"https:\/\/pewetools.de\/pl\/wp-json\/wp\/v2\/product"}],"about":[{"href":"https:\/\/pewetools.de\/pl\/wp-json\/wp\/v2\/types\/product"}],"version-history":[{"count":0,"href":"https:\/\/pewetools.de\/pl\/wp-json\/wp\/v2\/product\/3515\/revisions"}],"wp:featuredmedia":[{"embeddable":true,"href":"https:\/\/pewetools.de\/pl\/wp-json\/wp\/v2\/media\/6244"}],"wp:attachment":[{"href":"https:\/\/pewetools.de\/pl\/wp-json\/wp\/v2\/media?parent=3515"}],"wp:term":[{"taxonomy":"product_brand","embeddable":true,"href":"https:\/\/pewetools.de\/pl\/wp-json\/wp\/v2\/product_brand?post=3515"},{"taxonomy":"product_cat","embeddable":true,"href":"https:\/\/pewetools.de\/pl\/wp-json\/wp\/v2\/product_cat?post=3515"},{"taxonomy":"product_tag","embeddable":true,"href":"https:\/\/pewetools.de\/pl\/wp-json\/wp\/v2\/product_tag?post=3515"}],"curies":[{"name":"wp","href":"https:\/\/api.w.org\/{rel}","templated":true}]}}