{"id":3541,"date":"2018-10-24T15:40:35","date_gmt":"2018-10-24T15:40:35","guid":{"rendered":"https:\/\/pewetools.de\/shop\/produkt-kategorie\/uchwyt-ze-stali-wytaczakowej-ch32160\/"},"modified":"2024-08-21T16:26:20","modified_gmt":"2024-08-21T14:26:20","slug":"uchwyt-ze-stali-wytaczakowej-ch32160","status":"publish","type":"product","link":"https:\/\/pewetools.de\/pl\/shop\/kategoria-produktu\/uchwyt-ze-stali-wytaczakowej-ch32160\/","title":{"rendered":"Uchwyt ze stali wytaczakowej CH32160"},"content":{"rendered":"","protected":false},"excerpt":{"rendered":"","protected":false},"featured_media":6617,"template":"","meta":{"footnotes":""},"product_brand":[],"product_cat":[508],"product_tag":[815],"class_list":{"0":"post-3541","1":"product","2":"type-product","3":"status-publish","4":"has-post-thumbnail","6":"product_cat-c","7":"product_tag-imak-szybkozmienny","8":"product_shipping_class-pakiet","10":"first","11":"instock","12":"taxable","13":"shipping-taxable","14":"purchasable","15":"product-type-simple"},"yoast_head":"<!-- This site is optimized with the Yoast SEO plugin v27.4 - https:\/\/yoast.com\/product\/yoast-seo-wordpress\/ -->\n<title>Uchwyt ze stali wytaczakowej - pewetools limited<\/title>\n<meta name=\"description\" content=\"Ka\u017cdy wyprodukowany dla nas uchwyt jest testowany na oryginalnym korpusie wynalazcy J.F.Minder, czyli w 100% gwarantowana jako\u015b\u0107 kontroli + kompatybilno\u015b\u0107.\" \/>\n<meta name=\"robots\" content=\"index, follow, max-snippet:-1, max-image-preview:large, max-video-preview:-1\" \/>\n<link rel=\"canonical\" href=\"https:\/\/pewetools.de\/pl\/shop\/kategoria-produktu\/uchwyt-ze-stali-wytaczakowej-ch32160\/\" \/>\n<meta property=\"og:locale\" content=\"pl_PL\" \/>\n<meta property=\"og:type\" content=\"article\" \/>\n<meta property=\"og:title\" content=\"Uchwyt ze stali wytaczakowej - pewetools limited\" \/>\n<meta property=\"og:description\" content=\"Ka\u017cdy wyprodukowany dla nas uchwyt jest testowany na oryginalnym korpusie wynalazcy J.F.Minder, czyli w 100% gwarantowana jako\u015b\u0107 kontroli + kompatybilno\u015b\u0107.\" \/>\n<meta property=\"og:url\" content=\"https:\/\/pewetools.de\/pl\/shop\/kategoria-produktu\/uchwyt-ze-stali-wytaczakowej-ch32160\/\" \/>\n<meta property=\"og:site_name\" content=\"PeWeTools Schnellwechselhalter nach System Multifix\" \/>\n<meta property=\"article:modified_time\" content=\"2024-08-21T14:26:20+00:00\" \/>\n<meta property=\"og:image\" content=\"https:\/\/pewetools.de\/wp-content\/uploads\/2018\/10\/CH32160-Hauptbild.jpg\" \/>\n\t<meta property=\"og:image:width\" content=\"1000\" \/>\n\t<meta property=\"og:image:height\" content=\"1000\" \/>\n\t<meta property=\"og:image:type\" content=\"image\/jpeg\" \/>\n<meta name=\"twitter:card\" content=\"summary_large_image\" \/>\n<script type=\"application\/ld+json\" class=\"yoast-schema-graph\">{\"@context\":\"https:\\\/\\\/schema.org\",\"@graph\":[{\"@type\":\"WebPage\",\"@id\":\"https:\\\/\\\/pewetools.de\\\/pl\\\/shop\\\/kategoria-produktu\\\/uchwyt-ze-stali-wytaczakowej-ch32160\\\/\",\"url\":\"https:\\\/\\\/pewetools.de\\\/pl\\\/shop\\\/kategoria-produktu\\\/uchwyt-ze-stali-wytaczakowej-ch32160\\\/\",\"name\":\"Uchwyt ze stali wytaczakowej - pewetools limited\",\"isPartOf\":{\"@id\":\"https:\\\/\\\/pewetools.de\\\/#website\"},\"primaryImageOfPage\":{\"@id\":\"https:\\\/\\\/pewetools.de\\\/pl\\\/shop\\\/kategoria-produktu\\\/uchwyt-ze-stali-wytaczakowej-ch32160\\\/#primaryimage\"},\"image\":{\"@id\":\"https:\\\/\\\/pewetools.de\\\/pl\\\/shop\\\/kategoria-produktu\\\/uchwyt-ze-stali-wytaczakowej-ch32160\\\/#primaryimage\"},\"thumbnailUrl\":\"https:\\\/\\\/pewetools.de\\\/wp-content\\\/uploads\\\/2018\\\/10\\\/CH32160-Hauptbild.jpg\",\"datePublished\":\"2018-10-24T15:40:35+00:00\",\"dateModified\":\"2024-08-21T14:26:20+00:00\",\"description\":\"Ka\u017cdy wyprodukowany dla nas uchwyt jest testowany na oryginalnym korpusie wynalazcy J.F.Minder, czyli w 100% gwarantowana jako\u015b\u0107 kontroli + kompatybilno\u015b\u0107.\",\"breadcrumb\":{\"@id\":\"https:\\\/\\\/pewetools.de\\\/pl\\\/shop\\\/kategoria-produktu\\\/uchwyt-ze-stali-wytaczakowej-ch32160\\\/#breadcrumb\"},\"inLanguage\":\"pl-PL\",\"potentialAction\":[{\"@type\":\"ReadAction\",\"target\":[\"https:\\\/\\\/pewetools.de\\\/pl\\\/shop\\\/kategoria-produktu\\\/uchwyt-ze-stali-wytaczakowej-ch32160\\\/\"]}]},{\"@type\":\"ImageObject\",\"inLanguage\":\"pl-PL\",\"@id\":\"https:\\\/\\\/pewetools.de\\\/pl\\\/shop\\\/kategoria-produktu\\\/uchwyt-ze-stali-wytaczakowej-ch32160\\\/#primaryimage\",\"url\":\"https:\\\/\\\/pewetools.de\\\/wp-content\\\/uploads\\\/2018\\\/10\\\/CH32160-Hauptbild.jpg\",\"contentUrl\":\"https:\\\/\\\/pewetools.de\\\/wp-content\\\/uploads\\\/2018\\\/10\\\/CH32160-Hauptbild.jpg\",\"width\":1000,\"height\":1000},{\"@type\":\"BreadcrumbList\",\"@id\":\"https:\\\/\\\/pewetools.de\\\/pl\\\/shop\\\/kategoria-produktu\\\/uchwyt-ze-stali-wytaczakowej-ch32160\\\/#breadcrumb\",\"itemListElement\":[{\"@type\":\"ListItem\",\"position\":1,\"name\":\"dom\",\"item\":\"https:\\\/\\\/pewetools.de\\\/pl\\\/\"},{\"@type\":\"ListItem\",\"position\":2,\"name\":\"Shop\",\"item\":\"https:\\\/\\\/pewetools.de\\\/pl\\\/shop\\\/\"},{\"@type\":\"ListItem\",\"position\":3,\"name\":\"Uchwyt ze stali wytaczakowej CH32160\"}]},{\"@type\":\"WebSite\",\"@id\":\"https:\\\/\\\/pewetools.de\\\/#website\",\"url\":\"https:\\\/\\\/pewetools.de\\\/\",\"name\":\"PeWeTools Schnellwechselhalter nach System Multifix\",\"description\":\"\",\"potentialAction\":[{\"@type\":\"SearchAction\",\"target\":{\"@type\":\"EntryPoint\",\"urlTemplate\":\"https:\\\/\\\/pewetools.de\\\/?s={search_term_string}\"},\"query-input\":{\"@type\":\"PropertyValueSpecification\",\"valueRequired\":true,\"valueName\":\"search_term_string\"}}],\"inLanguage\":\"pl-PL\"}]}<\/script>\n<!-- \/ Yoast SEO plugin. -->","yoast_head_json":{"title":"Uchwyt ze stali wytaczakowej - pewetools limited","description":"Ka\u017cdy wyprodukowany dla nas uchwyt jest testowany na oryginalnym korpusie wynalazcy J.F.Minder, czyli w 100% gwarantowana jako\u015b\u0107 kontroli + kompatybilno\u015b\u0107.","robots":{"index":"index","follow":"follow","max-snippet":"max-snippet:-1","max-image-preview":"max-image-preview:large","max-video-preview":"max-video-preview:-1"},"canonical":"https:\/\/pewetools.de\/pl\/shop\/kategoria-produktu\/uchwyt-ze-stali-wytaczakowej-ch32160\/","og_locale":"pl_PL","og_type":"article","og_title":"Uchwyt ze stali wytaczakowej - pewetools limited","og_description":"Ka\u017cdy wyprodukowany dla nas uchwyt jest testowany na oryginalnym korpusie wynalazcy J.F.Minder, czyli w 100% gwarantowana jako\u015b\u0107 kontroli + kompatybilno\u015b\u0107.","og_url":"https:\/\/pewetools.de\/pl\/shop\/kategoria-produktu\/uchwyt-ze-stali-wytaczakowej-ch32160\/","og_site_name":"PeWeTools Schnellwechselhalter nach System Multifix","article_modified_time":"2024-08-21T14:26:20+00:00","og_image":[{"width":1000,"height":1000,"url":"https:\/\/pewetools.de\/wp-content\/uploads\/2018\/10\/CH32160-Hauptbild.jpg","type":"image\/jpeg"}],"twitter_card":"summary_large_image","schema":{"@context":"https:\/\/schema.org","@graph":[{"@type":"WebPage","@id":"https:\/\/pewetools.de\/pl\/shop\/kategoria-produktu\/uchwyt-ze-stali-wytaczakowej-ch32160\/","url":"https:\/\/pewetools.de\/pl\/shop\/kategoria-produktu\/uchwyt-ze-stali-wytaczakowej-ch32160\/","name":"Uchwyt ze stali wytaczakowej - pewetools limited","isPartOf":{"@id":"https:\/\/pewetools.de\/#website"},"primaryImageOfPage":{"@id":"https:\/\/pewetools.de\/pl\/shop\/kategoria-produktu\/uchwyt-ze-stali-wytaczakowej-ch32160\/#primaryimage"},"image":{"@id":"https:\/\/pewetools.de\/pl\/shop\/kategoria-produktu\/uchwyt-ze-stali-wytaczakowej-ch32160\/#primaryimage"},"thumbnailUrl":"https:\/\/pewetools.de\/wp-content\/uploads\/2018\/10\/CH32160-Hauptbild.jpg","datePublished":"2018-10-24T15:40:35+00:00","dateModified":"2024-08-21T14:26:20+00:00","description":"Ka\u017cdy wyprodukowany dla nas uchwyt jest testowany na oryginalnym korpusie wynalazcy J.F.Minder, czyli w 100% gwarantowana jako\u015b\u0107 kontroli + kompatybilno\u015b\u0107.","breadcrumb":{"@id":"https:\/\/pewetools.de\/pl\/shop\/kategoria-produktu\/uchwyt-ze-stali-wytaczakowej-ch32160\/#breadcrumb"},"inLanguage":"pl-PL","potentialAction":[{"@type":"ReadAction","target":["https:\/\/pewetools.de\/pl\/shop\/kategoria-produktu\/uchwyt-ze-stali-wytaczakowej-ch32160\/"]}]},{"@type":"ImageObject","inLanguage":"pl-PL","@id":"https:\/\/pewetools.de\/pl\/shop\/kategoria-produktu\/uchwyt-ze-stali-wytaczakowej-ch32160\/#primaryimage","url":"https:\/\/pewetools.de\/wp-content\/uploads\/2018\/10\/CH32160-Hauptbild.jpg","contentUrl":"https:\/\/pewetools.de\/wp-content\/uploads\/2018\/10\/CH32160-Hauptbild.jpg","width":1000,"height":1000},{"@type":"BreadcrumbList","@id":"https:\/\/pewetools.de\/pl\/shop\/kategoria-produktu\/uchwyt-ze-stali-wytaczakowej-ch32160\/#breadcrumb","itemListElement":[{"@type":"ListItem","position":1,"name":"dom","item":"https:\/\/pewetools.de\/pl\/"},{"@type":"ListItem","position":2,"name":"Shop","item":"https:\/\/pewetools.de\/pl\/shop\/"},{"@type":"ListItem","position":3,"name":"Uchwyt ze stali wytaczakowej CH32160"}]},{"@type":"WebSite","@id":"https:\/\/pewetools.de\/#website","url":"https:\/\/pewetools.de\/","name":"PeWeTools Schnellwechselhalter nach System Multifix","description":"","potentialAction":[{"@type":"SearchAction","target":{"@type":"EntryPoint","urlTemplate":"https:\/\/pewetools.de\/?s={search_term_string}"},"query-input":{"@type":"PropertyValueSpecification","valueRequired":true,"valueName":"search_term_string"}}],"inLanguage":"pl-PL"}]}},"_links":{"self":[{"href":"https:\/\/pewetools.de\/pl\/wp-json\/wp\/v2\/product\/3541","targetHints":{"allow":["GET"]}}],"collection":[{"href":"https:\/\/pewetools.de\/pl\/wp-json\/wp\/v2\/product"}],"about":[{"href":"https:\/\/pewetools.de\/pl\/wp-json\/wp\/v2\/types\/product"}],"version-history":[{"count":0,"href":"https:\/\/pewetools.de\/pl\/wp-json\/wp\/v2\/product\/3541\/revisions"}],"wp:featuredmedia":[{"embeddable":true,"href":"https:\/\/pewetools.de\/pl\/wp-json\/wp\/v2\/media\/6617"}],"wp:attachment":[{"href":"https:\/\/pewetools.de\/pl\/wp-json\/wp\/v2\/media?parent=3541"}],"wp:term":[{"taxonomy":"product_brand","embeddable":true,"href":"https:\/\/pewetools.de\/pl\/wp-json\/wp\/v2\/product_brand?post=3541"},{"taxonomy":"product_cat","embeddable":true,"href":"https:\/\/pewetools.de\/pl\/wp-json\/wp\/v2\/product_cat?post=3541"},{"taxonomy":"product_tag","embeddable":true,"href":"https:\/\/pewetools.de\/pl\/wp-json\/wp\/v2\/product_tag?post=3541"}],"curies":[{"name":"wp","href":"https:\/\/api.w.org\/{rel}","templated":true}]}}