{"id":3547,"date":"2018-10-17T12:37:19","date_gmt":"2018-10-17T10:37:19","guid":{"rendered":"https:\/\/pewetools.de\/shop\/produkt-kategorie\/imak-szybkozmienny-korpus-c\/"},"modified":"2025-08-25T14:50:19","modified_gmt":"2025-08-25T12:50:19","slug":"imak-szybkozmienny-korpus-c","status":"publish","type":"product","link":"https:\/\/pewetools.de\/pl\/shop\/kategoria-produktu\/imak-szybkozmienny-korpus-c\/","title":{"rendered":"Imak szybkozmienny korpus C"},"content":{"rendered":"<p><span class=\"tlid-translation translation\"><span title=\"\">W zestawie:<\/span><\/p>\n<p><span title=\"\">1 podstawowy korpus C (zatwierdzony dla maszyn o maksymalnej mocy nap\u0119du 13,0 kW)<\/span><br \/>\n<span title=\"\">1 d\u017awignia napinaj\u0105ca<\/span><br \/>\n<span class=\"\" title=\"\">1 kwadratowy klucz nasadowy<\/span><\/span><\/p>\n","protected":false},"excerpt":{"rendered":"<p>W zestawie: 1 podstawowy korpus C (zatwierdzony dla maszyn o maksymalnej mocy nap\u0119du 13,0 kW) 1 d\u017awignia napinaj\u0105ca 1 kwadratowy klucz nasadowy<\/p>\n","protected":false},"featured_media":7169,"template":"","meta":{"footnotes":""},"product_brand":[],"product_cat":[464,508],"product_tag":[813,814,815,816,817,818,819,820],"class_list":{"0":"post-3547","1":"product","2":"type-product","3":"status-publish","4":"has-post-thumbnail","6":"product_cat-szybka-zmiana-ciala","7":"product_cat-c","8":"product_tag-multifix-pl","9":"product_tag-podstawa","10":"product_tag-imak-szybkozmienny","11":"product_tag-oprawka","12":"product_tag-tokarka","13":"product_tag-obrobka-metali","14":"product_tag-predkosc-stal","15":"product_tag-mlyn","16":"product_shipping_class-pakiet","18":"first","19":"instock","20":"taxable","21":"shipping-taxable","22":"purchasable","23":"product-type-simple"},"yoast_head":"<!-- This site is optimized with the Yoast SEO plugin v27.5 - https:\/\/yoast.com\/product\/yoast-seo-wordpress\/ -->\n<title>uchwyt narz\u0119dziowy do systemu Multifix - pewetools limited<\/title>\n<meta name=\"description\" content=\"Ka\u017cdy wyprodukowany dla nas uchwyt jest testowany na oryginalnym korpusie wynalazcy J.F.Minder, czyli w 100% gwarantowana jako\u015b\u0107 kontroli + kompatybilno\u015b\u0107.\" \/>\n<meta name=\"robots\" content=\"index, follow, max-snippet:-1, max-image-preview:large, max-video-preview:-1\" \/>\n<link rel=\"canonical\" href=\"https:\/\/pewetools.de\/pl\/shop\/kategoria-produktu\/imak-szybkozmienny-korpus-c\/\" \/>\n<meta property=\"og:locale\" content=\"pl_PL\" \/>\n<meta property=\"og:type\" content=\"article\" \/>\n<meta property=\"og:title\" content=\"uchwyt narz\u0119dziowy do systemu Multifix - pewetools limited\" \/>\n<meta property=\"og:description\" content=\"Ka\u017cdy wyprodukowany dla nas uchwyt jest testowany na oryginalnym korpusie wynalazcy J.F.Minder, czyli w 100% gwarantowana jako\u015b\u0107 kontroli + kompatybilno\u015b\u0107.\" \/>\n<meta property=\"og:url\" content=\"https:\/\/pewetools.de\/pl\/shop\/kategoria-produktu\/imak-szybkozmienny-korpus-c\/\" \/>\n<meta property=\"og:site_name\" content=\"PeWeTools Schnellwechselhalter nach System Multifix\" \/>\n<meta property=\"article:modified_time\" content=\"2025-08-25T12:50:19+00:00\" \/>\n<meta property=\"og:image\" content=\"https:\/\/pewetools.de\/wp-content\/uploads\/2019\/01\/GK-C-Hauptbild-neu.jpg\" \/>\n\t<meta property=\"og:image:width\" content=\"1000\" \/>\n\t<meta property=\"og:image:height\" content=\"1000\" \/>\n\t<meta property=\"og:image:type\" content=\"image\/jpeg\" \/>\n<meta name=\"twitter:card\" content=\"summary_large_image\" \/>\n<script type=\"application\/ld+json\" class=\"yoast-schema-graph\">{\"@context\":\"https:\\\/\\\/schema.org\",\"@graph\":[{\"@type\":\"WebPage\",\"@id\":\"https:\\\/\\\/pewetools.de\\\/pl\\\/shop\\\/kategoria-produktu\\\/imak-szybkozmienny-korpus-c\\\/\",\"url\":\"https:\\\/\\\/pewetools.de\\\/pl\\\/shop\\\/kategoria-produktu\\\/imak-szybkozmienny-korpus-c\\\/\",\"name\":\"uchwyt narz\u0119dziowy do systemu Multifix - pewetools limited\",\"isPartOf\":{\"@id\":\"https:\\\/\\\/pewetools.de\\\/#website\"},\"primaryImageOfPage\":{\"@id\":\"https:\\\/\\\/pewetools.de\\\/pl\\\/shop\\\/kategoria-produktu\\\/imak-szybkozmienny-korpus-c\\\/#primaryimage\"},\"image\":{\"@id\":\"https:\\\/\\\/pewetools.de\\\/pl\\\/shop\\\/kategoria-produktu\\\/imak-szybkozmienny-korpus-c\\\/#primaryimage\"},\"thumbnailUrl\":\"https:\\\/\\\/pewetools.de\\\/wp-content\\\/uploads\\\/2019\\\/01\\\/GK-C-Hauptbild-neu.jpg\",\"datePublished\":\"2018-10-17T10:37:19+00:00\",\"dateModified\":\"2025-08-25T12:50:19+00:00\",\"description\":\"Ka\u017cdy wyprodukowany dla nas uchwyt jest testowany na oryginalnym korpusie wynalazcy J.F.Minder, czyli w 100% gwarantowana jako\u015b\u0107 kontroli + kompatybilno\u015b\u0107.\",\"breadcrumb\":{\"@id\":\"https:\\\/\\\/pewetools.de\\\/pl\\\/shop\\\/kategoria-produktu\\\/imak-szybkozmienny-korpus-c\\\/#breadcrumb\"},\"inLanguage\":\"pl-PL\",\"potentialAction\":[{\"@type\":\"ReadAction\",\"target\":[\"https:\\\/\\\/pewetools.de\\\/pl\\\/shop\\\/kategoria-produktu\\\/imak-szybkozmienny-korpus-c\\\/\"]}]},{\"@type\":\"ImageObject\",\"inLanguage\":\"pl-PL\",\"@id\":\"https:\\\/\\\/pewetools.de\\\/pl\\\/shop\\\/kategoria-produktu\\\/imak-szybkozmienny-korpus-c\\\/#primaryimage\",\"url\":\"https:\\\/\\\/pewetools.de\\\/wp-content\\\/uploads\\\/2019\\\/01\\\/GK-C-Hauptbild-neu.jpg\",\"contentUrl\":\"https:\\\/\\\/pewetools.de\\\/wp-content\\\/uploads\\\/2019\\\/01\\\/GK-C-Hauptbild-neu.jpg\",\"width\":1000,\"height\":1000},{\"@type\":\"BreadcrumbList\",\"@id\":\"https:\\\/\\\/pewetools.de\\\/pl\\\/shop\\\/kategoria-produktu\\\/imak-szybkozmienny-korpus-c\\\/#breadcrumb\",\"itemListElement\":[{\"@type\":\"ListItem\",\"position\":1,\"name\":\"dom\",\"item\":\"https:\\\/\\\/pewetools.de\\\/pl\\\/\"},{\"@type\":\"ListItem\",\"position\":2,\"name\":\"Shop\",\"item\":\"https:\\\/\\\/pewetools.de\\\/pl\\\/shop\\\/\"},{\"@type\":\"ListItem\",\"position\":3,\"name\":\"Imak szybkozmienny korpus C\"}]},{\"@type\":\"WebSite\",\"@id\":\"https:\\\/\\\/pewetools.de\\\/#website\",\"url\":\"https:\\\/\\\/pewetools.de\\\/\",\"name\":\"PeWeTools Schnellwechselhalter nach System Multifix\",\"description\":\"\",\"potentialAction\":[{\"@type\":\"SearchAction\",\"target\":{\"@type\":\"EntryPoint\",\"urlTemplate\":\"https:\\\/\\\/pewetools.de\\\/?s={search_term_string}\"},\"query-input\":{\"@type\":\"PropertyValueSpecification\",\"valueRequired\":true,\"valueName\":\"search_term_string\"}}],\"inLanguage\":\"pl-PL\"}]}<\/script>\n<!-- \/ Yoast SEO plugin. -->","yoast_head_json":{"title":"uchwyt narz\u0119dziowy do systemu Multifix - pewetools limited","description":"Ka\u017cdy wyprodukowany dla nas uchwyt jest testowany na oryginalnym korpusie wynalazcy J.F.Minder, czyli w 100% gwarantowana jako\u015b\u0107 kontroli + kompatybilno\u015b\u0107.","robots":{"index":"index","follow":"follow","max-snippet":"max-snippet:-1","max-image-preview":"max-image-preview:large","max-video-preview":"max-video-preview:-1"},"canonical":"https:\/\/pewetools.de\/pl\/shop\/kategoria-produktu\/imak-szybkozmienny-korpus-c\/","og_locale":"pl_PL","og_type":"article","og_title":"uchwyt narz\u0119dziowy do systemu Multifix - pewetools limited","og_description":"Ka\u017cdy wyprodukowany dla nas uchwyt jest testowany na oryginalnym korpusie wynalazcy J.F.Minder, czyli w 100% gwarantowana jako\u015b\u0107 kontroli + kompatybilno\u015b\u0107.","og_url":"https:\/\/pewetools.de\/pl\/shop\/kategoria-produktu\/imak-szybkozmienny-korpus-c\/","og_site_name":"PeWeTools Schnellwechselhalter nach System Multifix","article_modified_time":"2025-08-25T12:50:19+00:00","og_image":[{"width":1000,"height":1000,"url":"https:\/\/pewetools.de\/wp-content\/uploads\/2019\/01\/GK-C-Hauptbild-neu.jpg","type":"image\/jpeg"}],"twitter_card":"summary_large_image","schema":{"@context":"https:\/\/schema.org","@graph":[{"@type":"WebPage","@id":"https:\/\/pewetools.de\/pl\/shop\/kategoria-produktu\/imak-szybkozmienny-korpus-c\/","url":"https:\/\/pewetools.de\/pl\/shop\/kategoria-produktu\/imak-szybkozmienny-korpus-c\/","name":"uchwyt narz\u0119dziowy do systemu Multifix - pewetools limited","isPartOf":{"@id":"https:\/\/pewetools.de\/#website"},"primaryImageOfPage":{"@id":"https:\/\/pewetools.de\/pl\/shop\/kategoria-produktu\/imak-szybkozmienny-korpus-c\/#primaryimage"},"image":{"@id":"https:\/\/pewetools.de\/pl\/shop\/kategoria-produktu\/imak-szybkozmienny-korpus-c\/#primaryimage"},"thumbnailUrl":"https:\/\/pewetools.de\/wp-content\/uploads\/2019\/01\/GK-C-Hauptbild-neu.jpg","datePublished":"2018-10-17T10:37:19+00:00","dateModified":"2025-08-25T12:50:19+00:00","description":"Ka\u017cdy wyprodukowany dla nas uchwyt jest testowany na oryginalnym korpusie wynalazcy J.F.Minder, czyli w 100% gwarantowana jako\u015b\u0107 kontroli + kompatybilno\u015b\u0107.","breadcrumb":{"@id":"https:\/\/pewetools.de\/pl\/shop\/kategoria-produktu\/imak-szybkozmienny-korpus-c\/#breadcrumb"},"inLanguage":"pl-PL","potentialAction":[{"@type":"ReadAction","target":["https:\/\/pewetools.de\/pl\/shop\/kategoria-produktu\/imak-szybkozmienny-korpus-c\/"]}]},{"@type":"ImageObject","inLanguage":"pl-PL","@id":"https:\/\/pewetools.de\/pl\/shop\/kategoria-produktu\/imak-szybkozmienny-korpus-c\/#primaryimage","url":"https:\/\/pewetools.de\/wp-content\/uploads\/2019\/01\/GK-C-Hauptbild-neu.jpg","contentUrl":"https:\/\/pewetools.de\/wp-content\/uploads\/2019\/01\/GK-C-Hauptbild-neu.jpg","width":1000,"height":1000},{"@type":"BreadcrumbList","@id":"https:\/\/pewetools.de\/pl\/shop\/kategoria-produktu\/imak-szybkozmienny-korpus-c\/#breadcrumb","itemListElement":[{"@type":"ListItem","position":1,"name":"dom","item":"https:\/\/pewetools.de\/pl\/"},{"@type":"ListItem","position":2,"name":"Shop","item":"https:\/\/pewetools.de\/pl\/shop\/"},{"@type":"ListItem","position":3,"name":"Imak szybkozmienny korpus C"}]},{"@type":"WebSite","@id":"https:\/\/pewetools.de\/#website","url":"https:\/\/pewetools.de\/","name":"PeWeTools Schnellwechselhalter nach System Multifix","description":"","potentialAction":[{"@type":"SearchAction","target":{"@type":"EntryPoint","urlTemplate":"https:\/\/pewetools.de\/?s={search_term_string}"},"query-input":{"@type":"PropertyValueSpecification","valueRequired":true,"valueName":"search_term_string"}}],"inLanguage":"pl-PL"}]}},"_links":{"self":[{"href":"https:\/\/pewetools.de\/pl\/wp-json\/wp\/v2\/product\/3547","targetHints":{"allow":["GET"]}}],"collection":[{"href":"https:\/\/pewetools.de\/pl\/wp-json\/wp\/v2\/product"}],"about":[{"href":"https:\/\/pewetools.de\/pl\/wp-json\/wp\/v2\/types\/product"}],"version-history":[{"count":1,"href":"https:\/\/pewetools.de\/pl\/wp-json\/wp\/v2\/product\/3547\/revisions"}],"predecessor-version":[{"id":15788,"href":"https:\/\/pewetools.de\/pl\/wp-json\/wp\/v2\/product\/3547\/revisions\/15788"}],"wp:featuredmedia":[{"embeddable":true,"href":"https:\/\/pewetools.de\/pl\/wp-json\/wp\/v2\/media\/7169"}],"wp:attachment":[{"href":"https:\/\/pewetools.de\/pl\/wp-json\/wp\/v2\/media?parent=3547"}],"wp:term":[{"taxonomy":"product_brand","embeddable":true,"href":"https:\/\/pewetools.de\/pl\/wp-json\/wp\/v2\/product_brand?post=3547"},{"taxonomy":"product_cat","embeddable":true,"href":"https:\/\/pewetools.de\/pl\/wp-json\/wp\/v2\/product_cat?post=3547"},{"taxonomy":"product_tag","embeddable":true,"href":"https:\/\/pewetools.de\/pl\/wp-json\/wp\/v2\/product_tag?post=3547"}],"curies":[{"name":"wp","href":"https:\/\/api.w.org\/{rel}","templated":true}]}}