{"id":3553,"date":"2018-10-17T12:47:59","date_gmt":"2018-10-17T10:47:59","guid":{"rendered":"https:\/\/pewetools.de\/shop\/produkt-kategorie\/imak-szybkozmienny-korpus-d2\/"},"modified":"2019-10-21T12:29:56","modified_gmt":"2019-10-21T12:29:56","slug":"imak-szybkozmienny-korpus-d2","status":"publish","type":"product","link":"https:\/\/pewetools.de\/pl\/shop\/kategoria-produktu\/imak-szybkozmienny-korpus-d2\/","title":{"rendered":"Imak szybkozmienny korpus D2"},"content":{"rendered":"<p><span class=\"tlid-translation translation\"><span title=\"\">W zestawie:<\/span><\/p>\n<p><span title=\"\">1 podstawowy korpus D \/ D2 (zatwierdzony dla maszyn o maksymalnej mocy 28,0 kW)<\/span><br \/>\n<span title=\"\">1 d\u017awignia napinaj\u0105ca<\/span><br \/>\n<span title=\"\">1 kwadratowy klucz nasadowy<\/span><br \/>\n<span class=\"\" title=\"\">1 raport z bada\u0144 przygotowany przez nas na twardo\u015b\u0107 cia\u0142a g\u0142\u00f3wnego<\/span><\/span><\/p>\n","protected":false},"excerpt":{"rendered":"<p>W zestawie: 1 podstawowy korpus D \/ D2 (zatwierdzony dla maszyn o maksymalnej mocy 28,0 kW) 1 d\u017awignia napinaj\u0105ca 1 kwadratowy klucz nasadowy 1 raport z bada\u0144 przygotowany przez nas na twardo\u015b\u0107 cia\u0142a g\u0142\u00f3wnego<\/p>\n","protected":false},"featured_media":10790,"template":"","meta":{"footnotes":""},"product_brand":[],"product_cat":[464,499],"product_tag":[818,819,820,813,814,815,816,817],"class_list":{"0":"post-3553","1":"product","2":"type-product","3":"status-publish","4":"has-post-thumbnail","6":"product_cat-szybka-zmiana-ciala","7":"product_cat-d2","8":"product_tag-obrobka-metali","9":"product_tag-predkosc-stal","10":"product_tag-mlyn","11":"product_tag-multifix-pl","12":"product_tag-podstawa","13":"product_tag-imak-szybkozmienny","14":"product_tag-oprawka","15":"product_tag-tokarka","16":"product_shipping_class-pakiet","18":"first","19":"outofstock","20":"taxable","21":"shipping-taxable","22":"purchasable","23":"product-type-simple"},"yoast_head":"<!-- This site is optimized with the Yoast SEO plugin v27.1.1 - https:\/\/yoast.com\/product\/yoast-seo-wordpress\/ -->\n<title>uchwyt narz\u0119dziowy do systemu Multifix - pewetools limited<\/title>\n<meta name=\"description\" content=\"Ka\u017cdy wyprodukowany dla nas uchwyt jest testowany na oryginalnym korpusie wynalazcy J.F.Minder, czyli w 100% gwarantowana jako\u015b\u0107 kontroli + kompatybilno\u015b\u0107.\" \/>\n<meta name=\"robots\" content=\"index, follow, max-snippet:-1, max-image-preview:large, max-video-preview:-1\" \/>\n<link rel=\"canonical\" href=\"https:\/\/pewetools.de\/shop\/kategoria-produktu\/schnellwechselhalter-grundkoerper-d2\/\" \/>\n<meta property=\"og:locale\" content=\"pl_PL\" \/>\n<meta property=\"og:type\" content=\"article\" \/>\n<meta property=\"og:title\" content=\"uchwyt narz\u0119dziowy do systemu Multifix - pewetools limited\" \/>\n<meta property=\"og:description\" content=\"Ka\u017cdy wyprodukowany dla nas uchwyt jest testowany na oryginalnym korpusie wynalazcy J.F.Minder, czyli w 100% gwarantowana jako\u015b\u0107 kontroli + kompatybilno\u015b\u0107.\" \/>\n<meta property=\"og:url\" content=\"https:\/\/pewetools.de\/shop\/kategoria-produktu\/schnellwechselhalter-grundkoerper-d2\/\" \/>\n<meta property=\"og:site_name\" content=\"PeWeTools Schnellwechselhalter nach System Multifix\" \/>\n<meta property=\"article:modified_time\" content=\"2019-10-21T12:29:56+00:00\" \/>\n<meta property=\"og:image\" content=\"https:\/\/pewetools.de\/wp-content\/uploads\/2021\/08\/Grundkoerper-D1-neu.jpg\" \/>\n\t<meta property=\"og:image:width\" content=\"1501\" \/>\n\t<meta property=\"og:image:height\" content=\"959\" \/>\n\t<meta property=\"og:image:type\" content=\"image\/jpeg\" \/>\n<meta name=\"twitter:card\" content=\"summary_large_image\" \/>\n<script type=\"application\/ld+json\" class=\"yoast-schema-graph\">{\"@context\":\"https:\/\/schema.org\",\"@graph\":[{\"@type\":\"WebPage\",\"@id\":\"https:\/\/pewetools.de\/shop\/kategoria-produktu\/schnellwechselhalter-grundkoerper-d2\/\",\"url\":\"https:\/\/pewetools.de\/shop\/kategoria-produktu\/schnellwechselhalter-grundkoerper-d2\/\",\"name\":\"uchwyt narz\u0119dziowy do systemu Multifix - pewetools limited\",\"isPartOf\":{\"@id\":\"https:\/\/pewetools.de\/#website\"},\"primaryImageOfPage\":{\"@id\":\"https:\/\/pewetools.de\/shop\/kategoria-produktu\/schnellwechselhalter-grundkoerper-d2\/#primaryimage\"},\"image\":{\"@id\":\"https:\/\/pewetools.de\/shop\/kategoria-produktu\/schnellwechselhalter-grundkoerper-d2\/#primaryimage\"},\"thumbnailUrl\":\"https:\/\/pewetools.de\/wp-content\/uploads\/2021\/08\/Grundkoerper-D1-neu.jpg\",\"datePublished\":\"2018-10-17T10:47:59+00:00\",\"dateModified\":\"2019-10-21T12:29:56+00:00\",\"description\":\"Ka\u017cdy wyprodukowany dla nas uchwyt jest testowany na oryginalnym korpusie wynalazcy J.F.Minder, czyli w 100% gwarantowana jako\u015b\u0107 kontroli + kompatybilno\u015b\u0107.\",\"breadcrumb\":{\"@id\":\"https:\/\/pewetools.de\/shop\/kategoria-produktu\/schnellwechselhalter-grundkoerper-d2\/#breadcrumb\"},\"inLanguage\":\"pl-PL\",\"potentialAction\":[{\"@type\":\"ReadAction\",\"target\":[\"https:\/\/pewetools.de\/shop\/kategoria-produktu\/schnellwechselhalter-grundkoerper-d2\/\"]}]},{\"@type\":\"ImageObject\",\"inLanguage\":\"pl-PL\",\"@id\":\"https:\/\/pewetools.de\/shop\/kategoria-produktu\/schnellwechselhalter-grundkoerper-d2\/#primaryimage\",\"url\":\"https:\/\/pewetools.de\/wp-content\/uploads\/2021\/08\/Grundkoerper-D1-neu.jpg\",\"contentUrl\":\"https:\/\/pewetools.de\/wp-content\/uploads\/2021\/08\/Grundkoerper-D1-neu.jpg\",\"width\":1501,\"height\":959},{\"@type\":\"BreadcrumbList\",\"@id\":\"https:\/\/pewetools.de\/shop\/kategoria-produktu\/schnellwechselhalter-grundkoerper-d2\/#breadcrumb\",\"itemListElement\":[{\"@type\":\"ListItem\",\"position\":1,\"name\":\"dom\",\"item\":\"https:\/\/pewetools.de\/pl\/\"},{\"@type\":\"ListItem\",\"position\":2,\"name\":\"Shop\",\"item\":\"https:\/\/pewetools.de\/pl\/shop\/\"},{\"@type\":\"ListItem\",\"position\":3,\"name\":\"Imak szybkozmienny korpus D2\"}]},{\"@type\":\"WebSite\",\"@id\":\"https:\/\/pewetools.de\/#website\",\"url\":\"https:\/\/pewetools.de\/\",\"name\":\"PeWeTools Schnellwechselhalter nach System Multifix\",\"description\":\"\",\"potentialAction\":[{\"@type\":\"SearchAction\",\"target\":{\"@type\":\"EntryPoint\",\"urlTemplate\":\"https:\/\/pewetools.de\/?s={search_term_string}\"},\"query-input\":{\"@type\":\"PropertyValueSpecification\",\"valueRequired\":true,\"valueName\":\"search_term_string\"}}],\"inLanguage\":\"pl-PL\"}]}<\/script>\n<!-- \/ Yoast SEO plugin. -->","yoast_head_json":{"title":"uchwyt narz\u0119dziowy do systemu Multifix - pewetools limited","description":"Ka\u017cdy wyprodukowany dla nas uchwyt jest testowany na oryginalnym korpusie wynalazcy J.F.Minder, czyli w 100% gwarantowana jako\u015b\u0107 kontroli + kompatybilno\u015b\u0107.","robots":{"index":"index","follow":"follow","max-snippet":"max-snippet:-1","max-image-preview":"max-image-preview:large","max-video-preview":"max-video-preview:-1"},"canonical":"https:\/\/pewetools.de\/shop\/kategoria-produktu\/schnellwechselhalter-grundkoerper-d2\/","og_locale":"pl_PL","og_type":"article","og_title":"uchwyt narz\u0119dziowy do systemu Multifix - pewetools limited","og_description":"Ka\u017cdy wyprodukowany dla nas uchwyt jest testowany na oryginalnym korpusie wynalazcy J.F.Minder, czyli w 100% gwarantowana jako\u015b\u0107 kontroli + kompatybilno\u015b\u0107.","og_url":"https:\/\/pewetools.de\/shop\/kategoria-produktu\/schnellwechselhalter-grundkoerper-d2\/","og_site_name":"PeWeTools Schnellwechselhalter nach System Multifix","article_modified_time":"2019-10-21T12:29:56+00:00","og_image":[{"width":1501,"height":959,"url":"https:\/\/pewetools.de\/wp-content\/uploads\/2021\/08\/Grundkoerper-D1-neu.jpg","type":"image\/jpeg"}],"twitter_card":"summary_large_image","schema":{"@context":"https:\/\/schema.org","@graph":[{"@type":"WebPage","@id":"https:\/\/pewetools.de\/shop\/kategoria-produktu\/schnellwechselhalter-grundkoerper-d2\/","url":"https:\/\/pewetools.de\/shop\/kategoria-produktu\/schnellwechselhalter-grundkoerper-d2\/","name":"uchwyt narz\u0119dziowy do systemu Multifix - pewetools limited","isPartOf":{"@id":"https:\/\/pewetools.de\/#website"},"primaryImageOfPage":{"@id":"https:\/\/pewetools.de\/shop\/kategoria-produktu\/schnellwechselhalter-grundkoerper-d2\/#primaryimage"},"image":{"@id":"https:\/\/pewetools.de\/shop\/kategoria-produktu\/schnellwechselhalter-grundkoerper-d2\/#primaryimage"},"thumbnailUrl":"https:\/\/pewetools.de\/wp-content\/uploads\/2021\/08\/Grundkoerper-D1-neu.jpg","datePublished":"2018-10-17T10:47:59+00:00","dateModified":"2019-10-21T12:29:56+00:00","description":"Ka\u017cdy wyprodukowany dla nas uchwyt jest testowany na oryginalnym korpusie wynalazcy J.F.Minder, czyli w 100% gwarantowana jako\u015b\u0107 kontroli + kompatybilno\u015b\u0107.","breadcrumb":{"@id":"https:\/\/pewetools.de\/shop\/kategoria-produktu\/schnellwechselhalter-grundkoerper-d2\/#breadcrumb"},"inLanguage":"pl-PL","potentialAction":[{"@type":"ReadAction","target":["https:\/\/pewetools.de\/shop\/kategoria-produktu\/schnellwechselhalter-grundkoerper-d2\/"]}]},{"@type":"ImageObject","inLanguage":"pl-PL","@id":"https:\/\/pewetools.de\/shop\/kategoria-produktu\/schnellwechselhalter-grundkoerper-d2\/#primaryimage","url":"https:\/\/pewetools.de\/wp-content\/uploads\/2021\/08\/Grundkoerper-D1-neu.jpg","contentUrl":"https:\/\/pewetools.de\/wp-content\/uploads\/2021\/08\/Grundkoerper-D1-neu.jpg","width":1501,"height":959},{"@type":"BreadcrumbList","@id":"https:\/\/pewetools.de\/shop\/kategoria-produktu\/schnellwechselhalter-grundkoerper-d2\/#breadcrumb","itemListElement":[{"@type":"ListItem","position":1,"name":"dom","item":"https:\/\/pewetools.de\/pl\/"},{"@type":"ListItem","position":2,"name":"Shop","item":"https:\/\/pewetools.de\/pl\/shop\/"},{"@type":"ListItem","position":3,"name":"Imak szybkozmienny korpus D2"}]},{"@type":"WebSite","@id":"https:\/\/pewetools.de\/#website","url":"https:\/\/pewetools.de\/","name":"PeWeTools Schnellwechselhalter nach System Multifix","description":"","potentialAction":[{"@type":"SearchAction","target":{"@type":"EntryPoint","urlTemplate":"https:\/\/pewetools.de\/?s={search_term_string}"},"query-input":{"@type":"PropertyValueSpecification","valueRequired":true,"valueName":"search_term_string"}}],"inLanguage":"pl-PL"}]}},"_links":{"self":[{"href":"https:\/\/pewetools.de\/pl\/wp-json\/wp\/v2\/product\/3553","targetHints":{"allow":["GET"]}}],"collection":[{"href":"https:\/\/pewetools.de\/pl\/wp-json\/wp\/v2\/product"}],"about":[{"href":"https:\/\/pewetools.de\/pl\/wp-json\/wp\/v2\/types\/product"}],"version-history":[{"count":0,"href":"https:\/\/pewetools.de\/pl\/wp-json\/wp\/v2\/product\/3553\/revisions"}],"wp:featuredmedia":[{"embeddable":true,"href":"https:\/\/pewetools.de\/pl\/wp-json\/wp\/v2\/media\/10790"}],"wp:attachment":[{"href":"https:\/\/pewetools.de\/pl\/wp-json\/wp\/v2\/media?parent=3553"}],"wp:term":[{"taxonomy":"product_brand","embeddable":true,"href":"https:\/\/pewetools.de\/pl\/wp-json\/wp\/v2\/product_brand?post=3553"},{"taxonomy":"product_cat","embeddable":true,"href":"https:\/\/pewetools.de\/pl\/wp-json\/wp\/v2\/product_cat?post=3553"},{"taxonomy":"product_tag","embeddable":true,"href":"https:\/\/pewetools.de\/pl\/wp-json\/wp\/v2\/product_tag?post=3553"}],"curies":[{"name":"wp","href":"https:\/\/api.w.org\/{rel}","templated":true}]}}