{"id":3621,"date":"2018-10-25T15:02:44","date_gmt":"2018-10-25T13:02:44","guid":{"rendered":"https:\/\/pewetools.de\/shop\/produkt-kategorie\/pret-hss-okragly-5-x-100-mm\/"},"modified":"2024-08-21T16:26:19","modified_gmt":"2024-08-21T14:26:19","slug":"pret-hss-okragly-5-x-60-mm","status":"publish","type":"product","link":"https:\/\/pewetools.de\/pl\/shop\/kategoria-produktu\/pret-hss-okragly-5-x-60-mm\/","title":{"rendered":"Pr\u0119t HSS, okr\u0105g\u0142y, 5 x 60 mm"},"content":{"rendered":"<p><span class=\"tlid-translation translation\"><span title=\"\">Nadaje si\u0119 do uchwyt\u00f3w szybkiej wymiany:<\/span><\/span><\/p>\n<p><span title=\"\">AaaH0632<\/span><br \/>\n<span title=\"\">AaaJ0532<\/span><span title=\"\">&#8211;<\/span><span title=\"\">S<\/span><br \/>\n<span title=\"\">AaaJ0532<\/span><span title=\"\">&#8211;<\/span><span title=\"\">l<\/span><br \/>\n<span title=\"\">AaaJ0532<\/span><span title=\"\">-R<\/span><br \/>\n<span title=\"\">AaH1250<\/span><\/p>\n<p><span title=\"\">jak r\u00f3wnie\u017c z Prisma r\u00f3wnie\u017c dla posiadaczy systemu wielko\u015bci A i AS<\/span><\/p>\n<p><span class=\"\" title=\"\">(HSS oznacza stal szybkotn\u0105c\u0105) i odnosi si\u0119 do stali stopowej narz\u0119dziowej, kt\u00f3ra charakteryzuje si\u0119 wy\u017csz\u0105 twardo\u015bci\u0105 i odporno\u015bci\u0105 na zu\u017cycie.)<\/span><\/p>\n","protected":false},"excerpt":{"rendered":"<p>Nadaje si\u0119 do uchwyt\u00f3w szybkiej wymiany: AaaH0632 AaaJ0532&#8211;S AaaJ0532&#8211;l AaaJ0532-R AaH1250 jak r\u00f3wnie\u017c z Prisma r\u00f3wnie\u017c dla posiadaczy systemu wielko\u015bci A i AS (HSS oznacza stal szybkotn\u0105c\u0105) i odnosi si\u0119 do stali stopowej narz\u0119dziowej, kt\u00f3ra charakteryzuje si\u0119 wy\u017csz\u0105 twardo\u015bci\u0105 i odporno\u015bci\u0105 na zu\u017cycie.)<\/p>\n","protected":false},"featured_media":14061,"template":"","meta":{"footnotes":""},"product_brand":[],"product_cat":[490],"product_tag":[],"class_list":{"0":"post-3621","1":"product","2":"type-product","3":"status-publish","4":"has-post-thumbnail","6":"product_cat-akcesoria-i-czesci-zamienne","7":"product_shipping_class-pakiet","9":"first","10":"instock","11":"taxable","12":"shipping-taxable","13":"purchasable","14":"product-type-simple"},"yoast_head":"<!-- This site is optimized with the Yoast SEO plugin v27.1.1 - https:\/\/yoast.com\/product\/yoast-seo-wordpress\/ -->\n<title>Pr\u0119t HSS, okr\u0105g\u0142y - pewetools limited<\/title>\n<meta name=\"robots\" content=\"index, follow, max-snippet:-1, max-image-preview:large, max-video-preview:-1\" \/>\n<link rel=\"canonical\" href=\"https:\/\/pewetools.de\/pl\/shop\/kategoria-produktu\/pret-hss-okragly-5-x-60-mm\/\" \/>\n<meta property=\"og:locale\" content=\"pl_PL\" \/>\n<meta property=\"og:type\" content=\"article\" \/>\n<meta property=\"og:title\" content=\"Pr\u0119t HSS, okr\u0105g\u0142y - pewetools limited\" \/>\n<meta property=\"og:description\" content=\"Nadaje si\u0119 do uchwyt\u00f3w szybkiej wymiany: AaaH0632 AaaJ0532&#8211;S AaaJ0532&#8211;l AaaJ0532-R AaH1250 jak r\u00f3wnie\u017c z Prisma r\u00f3wnie\u017c dla posiadaczy systemu wielko\u015bci A i AS (HSS oznacza stal szybkotn\u0105c\u0105) i odnosi si\u0119 do stali stopowej narz\u0119dziowej, kt\u00f3ra charakteryzuje si\u0119 wy\u017csz\u0105 twardo\u015bci\u0105 i odporno\u015bci\u0105 na zu\u017cycie.)\" \/>\n<meta property=\"og:url\" content=\"https:\/\/pewetools.de\/pl\/shop\/kategoria-produktu\/pret-hss-okragly-5-x-60-mm\/\" \/>\n<meta property=\"og:site_name\" content=\"PeWeTools Schnellwechselhalter nach System Multifix\" \/>\n<meta property=\"article:modified_time\" content=\"2024-08-21T14:26:19+00:00\" \/>\n<meta property=\"og:image\" content=\"https:\/\/pewetools.de\/wp-content\/uploads\/2018\/10\/5x60.jpg-1.jpg\" \/>\n\t<meta property=\"og:image:width\" content=\"2173\" \/>\n\t<meta property=\"og:image:height\" content=\"1135\" \/>\n\t<meta property=\"og:image:type\" content=\"image\/jpeg\" \/>\n<meta name=\"twitter:card\" content=\"summary_large_image\" \/>\n<meta name=\"twitter:label1\" content=\"Szacowany czas czytania\" \/>\n\t<meta name=\"twitter:data1\" content=\"1 minuta\" \/>\n<script type=\"application\/ld+json\" class=\"yoast-schema-graph\">{\"@context\":\"https:\/\/schema.org\",\"@graph\":[{\"@type\":\"WebPage\",\"@id\":\"https:\/\/pewetools.de\/pl\/shop\/kategoria-produktu\/pret-hss-okragly-5-x-60-mm\/\",\"url\":\"https:\/\/pewetools.de\/pl\/shop\/kategoria-produktu\/pret-hss-okragly-5-x-60-mm\/\",\"name\":\"Pr\u0119t HSS, okr\u0105g\u0142y - pewetools limited\",\"isPartOf\":{\"@id\":\"https:\/\/pewetools.de\/#website\"},\"primaryImageOfPage\":{\"@id\":\"https:\/\/pewetools.de\/pl\/shop\/kategoria-produktu\/pret-hss-okragly-5-x-60-mm\/#primaryimage\"},\"image\":{\"@id\":\"https:\/\/pewetools.de\/pl\/shop\/kategoria-produktu\/pret-hss-okragly-5-x-60-mm\/#primaryimage\"},\"thumbnailUrl\":\"https:\/\/pewetools.de\/wp-content\/uploads\/2018\/10\/5x60.jpg-1.jpg\",\"datePublished\":\"2018-10-25T13:02:44+00:00\",\"dateModified\":\"2024-08-21T14:26:19+00:00\",\"breadcrumb\":{\"@id\":\"https:\/\/pewetools.de\/pl\/shop\/kategoria-produktu\/pret-hss-okragly-5-x-60-mm\/#breadcrumb\"},\"inLanguage\":\"pl-PL\",\"potentialAction\":[{\"@type\":\"ReadAction\",\"target\":[\"https:\/\/pewetools.de\/pl\/shop\/kategoria-produktu\/pret-hss-okragly-5-x-60-mm\/\"]}]},{\"@type\":\"ImageObject\",\"inLanguage\":\"pl-PL\",\"@id\":\"https:\/\/pewetools.de\/pl\/shop\/kategoria-produktu\/pret-hss-okragly-5-x-60-mm\/#primaryimage\",\"url\":\"https:\/\/pewetools.de\/wp-content\/uploads\/2018\/10\/5x60.jpg-1.jpg\",\"contentUrl\":\"https:\/\/pewetools.de\/wp-content\/uploads\/2018\/10\/5x60.jpg-1.jpg\",\"width\":2173,\"height\":1135},{\"@type\":\"BreadcrumbList\",\"@id\":\"https:\/\/pewetools.de\/pl\/shop\/kategoria-produktu\/pret-hss-okragly-5-x-60-mm\/#breadcrumb\",\"itemListElement\":[{\"@type\":\"ListItem\",\"position\":1,\"name\":\"dom\",\"item\":\"https:\/\/pewetools.de\/pl\/\"},{\"@type\":\"ListItem\",\"position\":2,\"name\":\"Shop\",\"item\":\"https:\/\/pewetools.de\/pl\/shop\/\"},{\"@type\":\"ListItem\",\"position\":3,\"name\":\"Pr\u0119t HSS, okr\u0105g\u0142y, 5 x 60 mm\"}]},{\"@type\":\"WebSite\",\"@id\":\"https:\/\/pewetools.de\/#website\",\"url\":\"https:\/\/pewetools.de\/\",\"name\":\"PeWeTools Schnellwechselhalter nach System Multifix\",\"description\":\"\",\"potentialAction\":[{\"@type\":\"SearchAction\",\"target\":{\"@type\":\"EntryPoint\",\"urlTemplate\":\"https:\/\/pewetools.de\/?s={search_term_string}\"},\"query-input\":{\"@type\":\"PropertyValueSpecification\",\"valueRequired\":true,\"valueName\":\"search_term_string\"}}],\"inLanguage\":\"pl-PL\"}]}<\/script>\n<!-- \/ Yoast SEO plugin. -->","yoast_head_json":{"title":"Pr\u0119t HSS, okr\u0105g\u0142y - pewetools limited","robots":{"index":"index","follow":"follow","max-snippet":"max-snippet:-1","max-image-preview":"max-image-preview:large","max-video-preview":"max-video-preview:-1"},"canonical":"https:\/\/pewetools.de\/pl\/shop\/kategoria-produktu\/pret-hss-okragly-5-x-60-mm\/","og_locale":"pl_PL","og_type":"article","og_title":"Pr\u0119t HSS, okr\u0105g\u0142y - pewetools limited","og_description":"Nadaje si\u0119 do uchwyt\u00f3w szybkiej wymiany: AaaH0632 AaaJ0532&#8211;S AaaJ0532&#8211;l AaaJ0532-R AaH1250 jak r\u00f3wnie\u017c z Prisma r\u00f3wnie\u017c dla posiadaczy systemu wielko\u015bci A i AS (HSS oznacza stal szybkotn\u0105c\u0105) i odnosi si\u0119 do stali stopowej narz\u0119dziowej, kt\u00f3ra charakteryzuje si\u0119 wy\u017csz\u0105 twardo\u015bci\u0105 i odporno\u015bci\u0105 na zu\u017cycie.)","og_url":"https:\/\/pewetools.de\/pl\/shop\/kategoria-produktu\/pret-hss-okragly-5-x-60-mm\/","og_site_name":"PeWeTools Schnellwechselhalter nach System Multifix","article_modified_time":"2024-08-21T14:26:19+00:00","og_image":[{"width":2173,"height":1135,"url":"https:\/\/pewetools.de\/wp-content\/uploads\/2018\/10\/5x60.jpg-1.jpg","type":"image\/jpeg"}],"twitter_card":"summary_large_image","twitter_misc":{"Szacowany czas czytania":"1 minuta"},"schema":{"@context":"https:\/\/schema.org","@graph":[{"@type":"WebPage","@id":"https:\/\/pewetools.de\/pl\/shop\/kategoria-produktu\/pret-hss-okragly-5-x-60-mm\/","url":"https:\/\/pewetools.de\/pl\/shop\/kategoria-produktu\/pret-hss-okragly-5-x-60-mm\/","name":"Pr\u0119t HSS, okr\u0105g\u0142y - pewetools limited","isPartOf":{"@id":"https:\/\/pewetools.de\/#website"},"primaryImageOfPage":{"@id":"https:\/\/pewetools.de\/pl\/shop\/kategoria-produktu\/pret-hss-okragly-5-x-60-mm\/#primaryimage"},"image":{"@id":"https:\/\/pewetools.de\/pl\/shop\/kategoria-produktu\/pret-hss-okragly-5-x-60-mm\/#primaryimage"},"thumbnailUrl":"https:\/\/pewetools.de\/wp-content\/uploads\/2018\/10\/5x60.jpg-1.jpg","datePublished":"2018-10-25T13:02:44+00:00","dateModified":"2024-08-21T14:26:19+00:00","breadcrumb":{"@id":"https:\/\/pewetools.de\/pl\/shop\/kategoria-produktu\/pret-hss-okragly-5-x-60-mm\/#breadcrumb"},"inLanguage":"pl-PL","potentialAction":[{"@type":"ReadAction","target":["https:\/\/pewetools.de\/pl\/shop\/kategoria-produktu\/pret-hss-okragly-5-x-60-mm\/"]}]},{"@type":"ImageObject","inLanguage":"pl-PL","@id":"https:\/\/pewetools.de\/pl\/shop\/kategoria-produktu\/pret-hss-okragly-5-x-60-mm\/#primaryimage","url":"https:\/\/pewetools.de\/wp-content\/uploads\/2018\/10\/5x60.jpg-1.jpg","contentUrl":"https:\/\/pewetools.de\/wp-content\/uploads\/2018\/10\/5x60.jpg-1.jpg","width":2173,"height":1135},{"@type":"BreadcrumbList","@id":"https:\/\/pewetools.de\/pl\/shop\/kategoria-produktu\/pret-hss-okragly-5-x-60-mm\/#breadcrumb","itemListElement":[{"@type":"ListItem","position":1,"name":"dom","item":"https:\/\/pewetools.de\/pl\/"},{"@type":"ListItem","position":2,"name":"Shop","item":"https:\/\/pewetools.de\/pl\/shop\/"},{"@type":"ListItem","position":3,"name":"Pr\u0119t HSS, okr\u0105g\u0142y, 5 x 60 mm"}]},{"@type":"WebSite","@id":"https:\/\/pewetools.de\/#website","url":"https:\/\/pewetools.de\/","name":"PeWeTools Schnellwechselhalter nach System Multifix","description":"","potentialAction":[{"@type":"SearchAction","target":{"@type":"EntryPoint","urlTemplate":"https:\/\/pewetools.de\/?s={search_term_string}"},"query-input":{"@type":"PropertyValueSpecification","valueRequired":true,"valueName":"search_term_string"}}],"inLanguage":"pl-PL"}]}},"_links":{"self":[{"href":"https:\/\/pewetools.de\/pl\/wp-json\/wp\/v2\/product\/3621","targetHints":{"allow":["GET"]}}],"collection":[{"href":"https:\/\/pewetools.de\/pl\/wp-json\/wp\/v2\/product"}],"about":[{"href":"https:\/\/pewetools.de\/pl\/wp-json\/wp\/v2\/types\/product"}],"version-history":[{"count":0,"href":"https:\/\/pewetools.de\/pl\/wp-json\/wp\/v2\/product\/3621\/revisions"}],"wp:featuredmedia":[{"embeddable":true,"href":"https:\/\/pewetools.de\/pl\/wp-json\/wp\/v2\/media\/14061"}],"wp:attachment":[{"href":"https:\/\/pewetools.de\/pl\/wp-json\/wp\/v2\/media?parent=3621"}],"wp:term":[{"taxonomy":"product_brand","embeddable":true,"href":"https:\/\/pewetools.de\/pl\/wp-json\/wp\/v2\/product_brand?post=3621"},{"taxonomy":"product_cat","embeddable":true,"href":"https:\/\/pewetools.de\/pl\/wp-json\/wp\/v2\/product_cat?post=3621"},{"taxonomy":"product_tag","embeddable":true,"href":"https:\/\/pewetools.de\/pl\/wp-json\/wp\/v2\/product_tag?post=3621"}],"curies":[{"name":"wp","href":"https:\/\/api.w.org\/{rel}","templated":true}]}}