{"id":4223,"date":"2018-12-28T14:27:04","date_gmt":"2018-12-28T13:27:04","guid":{"rendered":"https:\/\/pewetools.de\/shop\/produkt-kategorie\/zestaw-startowy-asd2070-jako-system-multifix\/"},"modified":"2025-03-12T15:08:16","modified_gmt":"2025-03-12T14:08:16","slug":"zestaw-startowy-asd2070-jako-system-multifix","status":"publish","type":"product","link":"https:\/\/pewetools.de\/pl\/shop\/kategoria-produktu\/zestaw-startowy-asd2070-jako-system-multifix\/","title":{"rendered":"Zestaw startowy ASD2070 jako system Multifix"},"content":{"rendered":"<p>W zestawie:<br \/>\n\u2022 1 korpus g\u0142\u00f3wny AS (zatwierdzony dla maszyn o mocy nap\u0119du maks. 1,5 kW)<br \/>\n\u2022 1 d\u017awignia napr\u0119\u017caj\u0105ca<br \/>\n\u2022 1 ko\u0142ek rozporowy<br \/>\n\u2022 2 uchwyty ASD2070 do przyjmowania stali tocznych o prostok\u0105tnym kszta\u0142cie<br \/>\n\u2022 1 klucz oczkowy kwadratowy<br \/>\n\u2022 1 raport z pr\u00f3by twardo\u015bci przygotowany przez nas na twardo\u015b\u0107 g\u0142\u00f3wnego korpusu<br \/>\n\u2022 1 sporz\u0105dzony przez nas test testu twardo\u015bci na twardo\u015bci oprawki<\/p>\n","protected":false},"excerpt":{"rendered":"<p>W zestawie: \u2022 1 korpus g\u0142\u00f3wny AS (zatwierdzony dla maszyn o mocy nap\u0119du maks. 1,5 kW) \u2022 1 d\u017awignia napr\u0119\u017caj\u0105ca \u2022 1 ko\u0142ek rozporowy \u2022 2 uchwyty ASD2070 do przyjmowania stali tocznych o prostok\u0105tnym kszta\u0142cie \u2022 1 klucz oczkowy kwadratowy \u2022 1 raport z pr\u00f3by twardo\u015bci przygotowany przez nas na twardo\u015b\u0107 g\u0142\u00f3wnego korpusu \u2022 1 [&hellip;]<\/p>\n","protected":false},"featured_media":12800,"template":"","meta":{"footnotes":""},"product_brand":[],"product_cat":[472,484],"product_tag":[],"class_list":{"0":"post-4223","1":"product","2":"type-product","3":"status-publish","4":"has-post-thumbnail","6":"product_cat-uchwyt-szybkiej-wymiany-narzedzia","7":"product_cat-as","8":"product_shipping_class-pakiet","10":"first","11":"outofstock","12":"taxable","13":"shipping-taxable","14":"purchasable","15":"product-type-simple"},"yoast_head":"<!-- This site is optimized with the Yoast SEO plugin v27.1.1 - https:\/\/yoast.com\/product\/yoast-seo-wordpress\/ -->\n<title>uchwyt narz\u0119dziowy do systemu Multifix - pewetools limited<\/title>\n<meta name=\"description\" content=\"Ka\u017cdy wyprodukowany dla nas uchwyt jest testowany na oryginalnym korpusie wynalazcy J.F.Minder, czyli w 100% gwarantowana jako\u015b\u0107 kontroli + kompatybilno\u015b\u0107.\" \/>\n<meta name=\"robots\" content=\"index, follow, max-snippet:-1, max-image-preview:large, max-video-preview:-1\" \/>\n<link rel=\"canonical\" href=\"https:\/\/pewetools.de\/shop\/kategoria-produktu\/starterset-as2070-nach-multifix-system\/\" \/>\n<meta property=\"og:locale\" content=\"pl_PL\" \/>\n<meta property=\"og:type\" content=\"article\" \/>\n<meta property=\"og:title\" content=\"uchwyt narz\u0119dziowy do systemu Multifix - pewetools limited\" \/>\n<meta property=\"og:description\" content=\"Ka\u017cdy wyprodukowany dla nas uchwyt jest testowany na oryginalnym korpusie wynalazcy J.F.Minder, czyli w 100% gwarantowana jako\u015b\u0107 kontroli + kompatybilno\u015b\u0107.\" \/>\n<meta property=\"og:url\" content=\"https:\/\/pewetools.de\/shop\/kategoria-produktu\/starterset-as2070-nach-multifix-system\/\" \/>\n<meta property=\"og:site_name\" content=\"PeWeTools Schnellwechselhalter nach System Multifix\" \/>\n<meta property=\"article:modified_time\" content=\"2025-03-12T14:08:16+00:00\" \/>\n<meta property=\"og:image\" content=\"https:\/\/pewetools.de\/wp-content\/uploads\/2022\/08\/Starter-Set-AS-Hauptbild-ohne-Schrauben-2-1.jpg\" \/>\n\t<meta property=\"og:image:width\" content=\"1087\" \/>\n\t<meta property=\"og:image:height\" content=\"967\" \/>\n\t<meta property=\"og:image:type\" content=\"image\/jpeg\" \/>\n<meta name=\"twitter:card\" content=\"summary_large_image\" \/>\n<meta name=\"twitter:label1\" content=\"Szacowany czas czytania\" \/>\n\t<meta name=\"twitter:data1\" content=\"1 minuta\" \/>\n<script type=\"application\/ld+json\" class=\"yoast-schema-graph\">{\"@context\":\"https:\/\/schema.org\",\"@graph\":[{\"@type\":\"WebPage\",\"@id\":\"https:\/\/pewetools.de\/shop\/kategoria-produktu\/starterset-as2070-nach-multifix-system\/\",\"url\":\"https:\/\/pewetools.de\/shop\/kategoria-produktu\/starterset-as2070-nach-multifix-system\/\",\"name\":\"uchwyt narz\u0119dziowy do systemu Multifix - pewetools limited\",\"isPartOf\":{\"@id\":\"https:\/\/pewetools.de\/#website\"},\"primaryImageOfPage\":{\"@id\":\"https:\/\/pewetools.de\/shop\/kategoria-produktu\/starterset-as2070-nach-multifix-system\/#primaryimage\"},\"image\":{\"@id\":\"https:\/\/pewetools.de\/shop\/kategoria-produktu\/starterset-as2070-nach-multifix-system\/#primaryimage\"},\"thumbnailUrl\":\"https:\/\/pewetools.de\/wp-content\/uploads\/2022\/08\/Starter-Set-AS-Hauptbild-ohne-Schrauben-2-1.jpg\",\"datePublished\":\"2018-12-28T13:27:04+00:00\",\"dateModified\":\"2025-03-12T14:08:16+00:00\",\"description\":\"Ka\u017cdy wyprodukowany dla nas uchwyt jest testowany na oryginalnym korpusie wynalazcy J.F.Minder, czyli w 100% gwarantowana jako\u015b\u0107 kontroli + kompatybilno\u015b\u0107.\",\"breadcrumb\":{\"@id\":\"https:\/\/pewetools.de\/shop\/kategoria-produktu\/starterset-as2070-nach-multifix-system\/#breadcrumb\"},\"inLanguage\":\"pl-PL\",\"potentialAction\":[{\"@type\":\"ReadAction\",\"target\":[\"https:\/\/pewetools.de\/shop\/kategoria-produktu\/starterset-as2070-nach-multifix-system\/\"]}]},{\"@type\":\"ImageObject\",\"inLanguage\":\"pl-PL\",\"@id\":\"https:\/\/pewetools.de\/shop\/kategoria-produktu\/starterset-as2070-nach-multifix-system\/#primaryimage\",\"url\":\"https:\/\/pewetools.de\/wp-content\/uploads\/2022\/08\/Starter-Set-AS-Hauptbild-ohne-Schrauben-2-1.jpg\",\"contentUrl\":\"https:\/\/pewetools.de\/wp-content\/uploads\/2022\/08\/Starter-Set-AS-Hauptbild-ohne-Schrauben-2-1.jpg\",\"width\":1087,\"height\":967},{\"@type\":\"BreadcrumbList\",\"@id\":\"https:\/\/pewetools.de\/shop\/kategoria-produktu\/starterset-as2070-nach-multifix-system\/#breadcrumb\",\"itemListElement\":[{\"@type\":\"ListItem\",\"position\":1,\"name\":\"dom\",\"item\":\"https:\/\/pewetools.de\/pl\/\"},{\"@type\":\"ListItem\",\"position\":2,\"name\":\"Shop\",\"item\":\"https:\/\/pewetools.de\/pl\/shop\/\"},{\"@type\":\"ListItem\",\"position\":3,\"name\":\"Zestaw startowy ASD2070 jako system Multifix\"}]},{\"@type\":\"WebSite\",\"@id\":\"https:\/\/pewetools.de\/#website\",\"url\":\"https:\/\/pewetools.de\/\",\"name\":\"PeWeTools Schnellwechselhalter nach System Multifix\",\"description\":\"\",\"potentialAction\":[{\"@type\":\"SearchAction\",\"target\":{\"@type\":\"EntryPoint\",\"urlTemplate\":\"https:\/\/pewetools.de\/?s={search_term_string}\"},\"query-input\":{\"@type\":\"PropertyValueSpecification\",\"valueRequired\":true,\"valueName\":\"search_term_string\"}}],\"inLanguage\":\"pl-PL\"}]}<\/script>\n<!-- \/ Yoast SEO plugin. -->","yoast_head_json":{"title":"uchwyt narz\u0119dziowy do systemu Multifix - pewetools limited","description":"Ka\u017cdy wyprodukowany dla nas uchwyt jest testowany na oryginalnym korpusie wynalazcy J.F.Minder, czyli w 100% gwarantowana jako\u015b\u0107 kontroli + kompatybilno\u015b\u0107.","robots":{"index":"index","follow":"follow","max-snippet":"max-snippet:-1","max-image-preview":"max-image-preview:large","max-video-preview":"max-video-preview:-1"},"canonical":"https:\/\/pewetools.de\/shop\/kategoria-produktu\/starterset-as2070-nach-multifix-system\/","og_locale":"pl_PL","og_type":"article","og_title":"uchwyt narz\u0119dziowy do systemu Multifix - pewetools limited","og_description":"Ka\u017cdy wyprodukowany dla nas uchwyt jest testowany na oryginalnym korpusie wynalazcy J.F.Minder, czyli w 100% gwarantowana jako\u015b\u0107 kontroli + kompatybilno\u015b\u0107.","og_url":"https:\/\/pewetools.de\/shop\/kategoria-produktu\/starterset-as2070-nach-multifix-system\/","og_site_name":"PeWeTools Schnellwechselhalter nach System Multifix","article_modified_time":"2025-03-12T14:08:16+00:00","og_image":[{"width":1087,"height":967,"url":"https:\/\/pewetools.de\/wp-content\/uploads\/2022\/08\/Starter-Set-AS-Hauptbild-ohne-Schrauben-2-1.jpg","type":"image\/jpeg"}],"twitter_card":"summary_large_image","twitter_misc":{"Szacowany czas czytania":"1 minuta"},"schema":{"@context":"https:\/\/schema.org","@graph":[{"@type":"WebPage","@id":"https:\/\/pewetools.de\/shop\/kategoria-produktu\/starterset-as2070-nach-multifix-system\/","url":"https:\/\/pewetools.de\/shop\/kategoria-produktu\/starterset-as2070-nach-multifix-system\/","name":"uchwyt narz\u0119dziowy do systemu Multifix - pewetools limited","isPartOf":{"@id":"https:\/\/pewetools.de\/#website"},"primaryImageOfPage":{"@id":"https:\/\/pewetools.de\/shop\/kategoria-produktu\/starterset-as2070-nach-multifix-system\/#primaryimage"},"image":{"@id":"https:\/\/pewetools.de\/shop\/kategoria-produktu\/starterset-as2070-nach-multifix-system\/#primaryimage"},"thumbnailUrl":"https:\/\/pewetools.de\/wp-content\/uploads\/2022\/08\/Starter-Set-AS-Hauptbild-ohne-Schrauben-2-1.jpg","datePublished":"2018-12-28T13:27:04+00:00","dateModified":"2025-03-12T14:08:16+00:00","description":"Ka\u017cdy wyprodukowany dla nas uchwyt jest testowany na oryginalnym korpusie wynalazcy J.F.Minder, czyli w 100% gwarantowana jako\u015b\u0107 kontroli + kompatybilno\u015b\u0107.","breadcrumb":{"@id":"https:\/\/pewetools.de\/shop\/kategoria-produktu\/starterset-as2070-nach-multifix-system\/#breadcrumb"},"inLanguage":"pl-PL","potentialAction":[{"@type":"ReadAction","target":["https:\/\/pewetools.de\/shop\/kategoria-produktu\/starterset-as2070-nach-multifix-system\/"]}]},{"@type":"ImageObject","inLanguage":"pl-PL","@id":"https:\/\/pewetools.de\/shop\/kategoria-produktu\/starterset-as2070-nach-multifix-system\/#primaryimage","url":"https:\/\/pewetools.de\/wp-content\/uploads\/2022\/08\/Starter-Set-AS-Hauptbild-ohne-Schrauben-2-1.jpg","contentUrl":"https:\/\/pewetools.de\/wp-content\/uploads\/2022\/08\/Starter-Set-AS-Hauptbild-ohne-Schrauben-2-1.jpg","width":1087,"height":967},{"@type":"BreadcrumbList","@id":"https:\/\/pewetools.de\/shop\/kategoria-produktu\/starterset-as2070-nach-multifix-system\/#breadcrumb","itemListElement":[{"@type":"ListItem","position":1,"name":"dom","item":"https:\/\/pewetools.de\/pl\/"},{"@type":"ListItem","position":2,"name":"Shop","item":"https:\/\/pewetools.de\/pl\/shop\/"},{"@type":"ListItem","position":3,"name":"Zestaw startowy ASD2070 jako system Multifix"}]},{"@type":"WebSite","@id":"https:\/\/pewetools.de\/#website","url":"https:\/\/pewetools.de\/","name":"PeWeTools Schnellwechselhalter nach System Multifix","description":"","potentialAction":[{"@type":"SearchAction","target":{"@type":"EntryPoint","urlTemplate":"https:\/\/pewetools.de\/?s={search_term_string}"},"query-input":{"@type":"PropertyValueSpecification","valueRequired":true,"valueName":"search_term_string"}}],"inLanguage":"pl-PL"}]}},"_links":{"self":[{"href":"https:\/\/pewetools.de\/pl\/wp-json\/wp\/v2\/product\/4223","targetHints":{"allow":["GET"]}}],"collection":[{"href":"https:\/\/pewetools.de\/pl\/wp-json\/wp\/v2\/product"}],"about":[{"href":"https:\/\/pewetools.de\/pl\/wp-json\/wp\/v2\/types\/product"}],"version-history":[{"count":1,"href":"https:\/\/pewetools.de\/pl\/wp-json\/wp\/v2\/product\/4223\/revisions"}],"predecessor-version":[{"id":16173,"href":"https:\/\/pewetools.de\/pl\/wp-json\/wp\/v2\/product\/4223\/revisions\/16173"}],"wp:featuredmedia":[{"embeddable":true,"href":"https:\/\/pewetools.de\/pl\/wp-json\/wp\/v2\/media\/12800"}],"wp:attachment":[{"href":"https:\/\/pewetools.de\/pl\/wp-json\/wp\/v2\/media?parent=4223"}],"wp:term":[{"taxonomy":"product_brand","embeddable":true,"href":"https:\/\/pewetools.de\/pl\/wp-json\/wp\/v2\/product_brand?post=4223"},{"taxonomy":"product_cat","embeddable":true,"href":"https:\/\/pewetools.de\/pl\/wp-json\/wp\/v2\/product_cat?post=4223"},{"taxonomy":"product_tag","embeddable":true,"href":"https:\/\/pewetools.de\/pl\/wp-json\/wp\/v2\/product_tag?post=4223"}],"curies":[{"name":"wp","href":"https:\/\/api.w.org\/{rel}","templated":true}]}}